{"id":938,"date":"2023-10-13T15:30:34","date_gmt":"2023-10-13T19:30:34","guid":{"rendered":"https:\/\/desertretina.com\/?page_id=938"},"modified":"2023-10-13T16:10:07","modified_gmt":"2023-10-13T20:10:07","slug":"open-payments-program","status":"publish","type":"page","link":"https:\/\/desertretina.com\/es\/open-payments-program\/","title":{"rendered":"Programa de Pagos Abiertos"},"content":{"rendered":"<p>El Programa de Pagos Abiertos, tambi\u00e9n conocido como la Ley Sunshine, exige que las empresas farmac\u00e9uticas y de dispositivos m\u00e9dicos informen sobre los pagos y las transferencias de valor que realizan a proveedores de atenci\u00f3n m\u00e9dica, incluyendo m\u00e9dicos y hospitales universitarios. Esto incluye pagos por servicios, investigaci\u00f3n, viajes y m\u00e1s.<\/p>\n\n\n\n<p>Solo con fines informativos, se proporciona aqu\u00ed un enlace a las p\u00e1ginas web de Pagos Abiertos de los Centros de Servicios de Medicare y Medicaid (CMS) federales. La Ley Federal de Transparencia en los Pagos a M\u00e9dicos exige que se ponga a disposici\u00f3n del p\u00fablico informaci\u00f3n detallada sobre los pagos y otros pagos de valor superior a ($10) de fabricantes de medicamentos, dispositivos m\u00e9dicos y productos biol\u00f3gicos a m\u00e9dicos y hospitales universitarios.<\/p>\n\n\n\n<div class=\"wp-block-buttons is-content-justification-center is-layout-flex wp-container-core-buttons-is-layout-16018d1d wp-block-buttons-is-layout-flex\">\n<div class=\"wp-block-button\"><a class=\"wp-block-button__link wp-element-button\" href=\"https:\/\/openpaymentsdata.cms.gov\/\" target=\"_blank\" rel=\"noreferrer noopener\">Datos de pagos abiertos<\/a><\/div>\n<\/div>\n\n\n\n<p>Creemos que proporcionarle esta informaci\u00f3n le permite tomar decisiones informadas sobre su atenci\u00f3n m\u00e9dica y fomenta la transparencia en el sector sanitario. No dude en contactarnos si tiene alguna pregunta o necesita informaci\u00f3n adicional sobre nuestras relaciones financieras con empresas farmac\u00e9uticas o de dispositivos m\u00e9dicos.<\/p>\n\n\n\n<p>Gracias por elegirnos para sus necesidades de cuidado ocular.<\/p>","protected":false},"excerpt":{"rendered":"<p>The Open Payments Program, also known as the Sunshine Act, requires pharmaceutical and medical device companies to report payments and transfers of value they make to healthcare providers, including physicians and teaching hospitals. This includes payments for services, research, travel, and more. For Informational Purposes only, a link to the federal Centers for Medicare and [&hellip;]<\/p>\n","protected":false},"author":3,"featured_media":0,"parent":0,"menu_order":0,"comment_status":"closed","ping_status":"closed","template":"","meta":{"_acf_changed":false,"_kad_blocks_custom_css":"","_kad_blocks_head_custom_js":"","_kad_blocks_body_custom_js":"","_kad_blocks_footer_custom_js":"","footnotes":""},"class_list":["post-938","page","type-page","status-publish","hentry"],"acf":[],"yoast_head":"<!-- This site is optimized with the Yoast SEO plugin v27.4 - https:\/\/yoast.com\/product\/yoast-seo-wordpress\/ -->\n<title>Open Payments Program | Desert Retina Consultants<\/title>\n<meta name=\"description\" content=\"Open Payments Program | Desert Retina Consultants is the premier retina disease specialist, serving patients in Palm Desert, Palm Springs, and Riverside.\" \/>\n<meta name=\"robots\" content=\"index, follow, max-snippet:-1, max-image-preview:large, max-video-preview:-1\" \/>\n<link rel=\"canonical\" href=\"https:\/\/desertretina.com\/es\/open-payments-program\/\" \/>\n<meta property=\"og:locale\" content=\"es_MX\" \/>\n<meta property=\"og:type\" content=\"article\" \/>\n<meta property=\"og:title\" content=\"Open Payments Program | Desert Retina Consultants\" \/>\n<meta property=\"og:description\" content=\"Open Payments Program | Desert Retina Consultants is the premier retina disease specialist, serving patients in Palm Desert, Palm Springs, and Riverside.\" \/>\n<meta property=\"og:url\" content=\"https:\/\/desertretina.com\/es\/open-payments-program\/\" \/>\n<meta property=\"og:site_name\" content=\"Desert Retina Consultants\" \/>\n<meta property=\"article:modified_time\" content=\"2023-10-13T20:10:07+00:00\" \/>\n<meta name=\"twitter:card\" content=\"summary_large_image\" \/>\n<meta name=\"twitter:label1\" content=\"Tiempo de lectura\" \/>\n\t<meta name=\"twitter:data1\" content=\"1 minuto\" \/>\n<script type=\"application\/ld+json\" class=\"yoast-schema-graph\">{\"@context\":\"https:\\\/\\\/schema.org\",\"@graph\":[{\"@type\":\"WebPage\",\"@id\":\"https:\\\/\\\/desertretina.com\\\/open-payments-program\\\/\",\"url\":\"https:\\\/\\\/desertretina.com\\\/open-payments-program\\\/\",\"name\":\"Open Payments Program | Desert Retina Consultants\",\"isPartOf\":{\"@id\":\"https:\\\/\\\/desertretina.com\\\/#website\"},\"datePublished\":\"2023-10-13T19:30:34+00:00\",\"dateModified\":\"2023-10-13T20:10:07+00:00\",\"description\":\"Open Payments Program | Desert Retina Consultants is the premier retina disease specialist, serving patients in Palm Desert, Palm Springs, and Riverside.\",\"breadcrumb\":{\"@id\":\"https:\\\/\\\/desertretina.com\\\/open-payments-program\\\/#breadcrumb\"},\"inLanguage\":\"es\",\"potentialAction\":[{\"@type\":\"ReadAction\",\"target\":[\"https:\\\/\\\/desertretina.com\\\/open-payments-program\\\/\"]}]},{\"@type\":\"BreadcrumbList\",\"@id\":\"https:\\\/\\\/desertretina.com\\\/open-payments-program\\\/#breadcrumb\",\"itemListElement\":[{\"@type\":\"ListItem\",\"position\":1,\"name\":\"Home\",\"item\":\"https:\\\/\\\/desertretina.com\\\/\"},{\"@type\":\"ListItem\",\"position\":2,\"name\":\"Open Payments Program\"}]},{\"@type\":\"WebSite\",\"@id\":\"https:\\\/\\\/desertretina.com\\\/#website\",\"url\":\"https:\\\/\\\/desertretina.com\\\/\",\"name\":\"Desert Retina Consultants\",\"description\":\"\",\"publisher\":{\"@id\":\"https:\\\/\\\/desertretina.com\\\/#organization\"},\"potentialAction\":[{\"@type\":\"SearchAction\",\"target\":{\"@type\":\"EntryPoint\",\"urlTemplate\":\"https:\\\/\\\/desertretina.com\\\/?s={search_term_string}\"},\"query-input\":{\"@type\":\"PropertyValueSpecification\",\"valueRequired\":true,\"valueName\":\"search_term_string\"}}],\"inLanguage\":\"es\"},{\"@type\":\"Organization\",\"@id\":\"https:\\\/\\\/desertretina.com\\\/#organization\",\"name\":\"Desert Retina Consultants\",\"url\":\"https:\\\/\\\/desertretina.com\\\/\",\"logo\":{\"@type\":\"ImageObject\",\"inLanguage\":\"es\",\"@id\":\"https:\\\/\\\/desertretina.com\\\/#\\\/schema\\\/logo\\\/image\\\/\",\"url\":\"https:\\\/\\\/desertretina.com\\\/wp-content\\\/uploads\\\/DRCLogoColorHorizontal-p-500.png\",\"contentUrl\":\"https:\\\/\\\/desertretina.com\\\/wp-content\\\/uploads\\\/DRCLogoColorHorizontal-p-500.png\",\"width\":500,\"height\":156,\"caption\":\"Desert Retina Consultants\"},\"image\":{\"@id\":\"https:\\\/\\\/desertretina.com\\\/#\\\/schema\\\/logo\\\/image\\\/\"}}]}<\/script>\n<!-- \/ Yoast SEO plugin. -->","yoast_head_json":{"title":"Programa de Pagos Abiertos | Consultores de Retina del Desierto","description":"Programa de Pagos Abiertos | Desert Retina Consultants es el principal especialista en enfermedades de la retina, que atiende a pacientes en Palm Desert, Palm Springs y Riverside.","robots":{"index":"index","follow":"follow","max-snippet":"max-snippet:-1","max-image-preview":"max-image-preview:large","max-video-preview":"max-video-preview:-1"},"canonical":"https:\/\/desertretina.com\/es\/open-payments-program\/","og_locale":"es_MX","og_type":"article","og_title":"Open Payments Program | Desert Retina Consultants","og_description":"Open Payments Program | Desert Retina Consultants is the premier retina disease specialist, serving patients in Palm Desert, Palm Springs, and Riverside.","og_url":"https:\/\/desertretina.com\/es\/open-payments-program\/","og_site_name":"Desert Retina Consultants","article_modified_time":"2023-10-13T20:10:07+00:00","twitter_card":"summary_large_image","twitter_misc":{"Tiempo de lectura":"1 minuto"},"schema":{"@context":"https:\/\/schema.org","@graph":[{"@type":"WebPage","@id":"https:\/\/desertretina.com\/open-payments-program\/","url":"https:\/\/desertretina.com\/open-payments-program\/","name":"Programa de Pagos Abiertos | Consultores de Retina del Desierto","isPartOf":{"@id":"https:\/\/desertretina.com\/#website"},"datePublished":"2023-10-13T19:30:34+00:00","dateModified":"2023-10-13T20:10:07+00:00","description":"Programa de Pagos Abiertos | Desert Retina Consultants es el principal especialista en enfermedades de la retina, que atiende a pacientes en Palm Desert, Palm Springs y Riverside.","breadcrumb":{"@id":"https:\/\/desertretina.com\/open-payments-program\/#breadcrumb"},"inLanguage":"es","potentialAction":[{"@type":"ReadAction","target":["https:\/\/desertretina.com\/open-payments-program\/"]}]},{"@type":"BreadcrumbList","@id":"https:\/\/desertretina.com\/open-payments-program\/#breadcrumb","itemListElement":[{"@type":"ListItem","position":1,"name":"Home","item":"https:\/\/desertretina.com\/"},{"@type":"ListItem","position":2,"name":"Open Payments Program"}]},{"@type":"WebSite","@id":"https:\/\/desertretina.com\/#website","url":"https:\/\/desertretina.com\/","name":"Consultores de Retina del Desierto","description":"","publisher":{"@id":"https:\/\/desertretina.com\/#organization"},"potentialAction":[{"@type":"SearchAction","target":{"@type":"EntryPoint","urlTemplate":"https:\/\/desertretina.com\/?s={search_term_string}"},"query-input":{"@type":"PropertyValueSpecification","valueRequired":true,"valueName":"search_term_string"}}],"inLanguage":"es"},{"@type":"Organization","@id":"https:\/\/desertretina.com\/#organization","name":"Consultores de Retina del Desierto","url":"https:\/\/desertretina.com\/","logo":{"@type":"ImageObject","inLanguage":"es","@id":"https:\/\/desertretina.com\/#\/schema\/logo\/image\/","url":"https:\/\/desertretina.com\/wp-content\/uploads\/DRCLogoColorHorizontal-p-500.png","contentUrl":"https:\/\/desertretina.com\/wp-content\/uploads\/DRCLogoColorHorizontal-p-500.png","width":500,"height":156,"caption":"Desert Retina Consultants"},"image":{"@id":"https:\/\/desertretina.com\/#\/schema\/logo\/image\/"}}]}},"taxonomy_info":[],"featured_image_src_large":false,"author_info":{"display_name":"glacialcm","author_link":"https:\/\/desertretina.com\/es\/author\/glacialcm\/"},"comment_info":0,"_links":{"self":[{"href":"https:\/\/desertretina.com\/es\/wp-json\/wp\/v2\/pages\/938","targetHints":{"allow":["GET"]}}],"collection":[{"href":"https:\/\/desertretina.com\/es\/wp-json\/wp\/v2\/pages"}],"about":[{"href":"https:\/\/desertretina.com\/es\/wp-json\/wp\/v2\/types\/page"}],"author":[{"embeddable":true,"href":"https:\/\/desertretina.com\/es\/wp-json\/wp\/v2\/users\/3"}],"replies":[{"embeddable":true,"href":"https:\/\/desertretina.com\/es\/wp-json\/wp\/v2\/comments?post=938"}],"version-history":[{"count":3,"href":"https:\/\/desertretina.com\/es\/wp-json\/wp\/v2\/pages\/938\/revisions"}],"predecessor-version":[{"id":941,"href":"https:\/\/desertretina.com\/es\/wp-json\/wp\/v2\/pages\/938\/revisions\/941"}],"wp:attachment":[{"href":"https:\/\/desertretina.com\/es\/wp-json\/wp\/v2\/media?parent=938"}],"curies":[{"name":"wp","href":"https:\/\/api.w.org\/{rel}","templated":true}]}}