{"id":74,"date":"2022-07-21T14:25:31","date_gmt":"2022-07-21T18:25:31","guid":{"rendered":"http:\/\/demo.desertretina.com.php73-37.phx1-1.websitetestlink.com\/for-physicians\/"},"modified":"2022-09-23T13:47:06","modified_gmt":"2022-09-23T17:47:06","slug":"for-physicians","status":"publish","type":"page","link":"https:\/\/desertretina.com\/es\/for-physicians\/","title":{"rendered":"Para m\u00e9dicos"},"content":{"rendered":"<h2 class=\"wp-block-heading\">Refiri\u00e9ndose a Desert Retina Consultants<\/h2>\n\n\n\n<p>Entendemos que tiene la opci\u00f3n de derivar a sus pacientes. Todo el equipo de Desert Retina Consultants se compromete a garantizar una atenci\u00f3n de retina de calidad para sus pacientes. Nos esforzamos por mantener una comunicaci\u00f3n oportuna con nuestra comunidad de derivadores y agradecemos sus comentarios sobre c\u00f3mo podemos mejorar el proceso para usted y su equipo.<\/p>\n\n\n\n<p><strong>Para referir a un paciente, ll\u00e1menos al: 760-340-2394<\/strong><\/p>\n\n\n\n<p><a href=\"mailto:info@desertretina.com\">REFERENCIA DE PACIENTE POR CORREO ELECTR\u00d3NICO<\/a><\/p>","protected":false},"excerpt":{"rendered":"<p>Referring to Desert Retina Consultants We understand you have a choice where to refer your patients. The entire team at Desert Retina Consultants is committed to ensuring quality retina care for your patients. We strive to provide timely communication with our referring community and welcome your input on how we can improve the process for [&hellip;]<\/p>\n","protected":false},"author":1,"featured_media":0,"parent":0,"menu_order":16,"comment_status":"closed","ping_status":"closed","template":"","meta":{"_acf_changed":false,"_kad_blocks_custom_css":"","_kad_blocks_head_custom_js":"","_kad_blocks_body_custom_js":"","_kad_blocks_footer_custom_js":"","footnotes":""},"class_list":["post-74","page","type-page","status-publish","hentry"],"acf":[],"yoast_head":"<!-- This site is optimized with the Yoast SEO plugin v27.4 - https:\/\/yoast.com\/product\/yoast-seo-wordpress\/ -->\n<title>For Physicians | Desert Retina Consultants Palm Desert - Riverside<\/title>\n<meta name=\"description\" content=\"Find information for physicians at Desert Retina Consultants, serving patients in Palm Desert, Palm Springs, and Riverside, CA.\" \/>\n<meta name=\"robots\" content=\"index, follow, max-snippet:-1, max-image-preview:large, max-video-preview:-1\" \/>\n<link rel=\"canonical\" href=\"https:\/\/desertretina.com\/es\/for-physicians\/\" \/>\n<meta property=\"og:locale\" content=\"es_MX\" \/>\n<meta property=\"og:type\" content=\"article\" \/>\n<meta property=\"og:title\" content=\"For Physicians | Desert Retina Consultants Palm Desert - Riverside\" \/>\n<meta property=\"og:description\" content=\"Find information for physicians at Desert Retina Consultants, serving patients in Palm Desert, Palm Springs, and Riverside, CA.\" \/>\n<meta property=\"og:url\" content=\"https:\/\/desertretina.com\/es\/for-physicians\/\" \/>\n<meta property=\"og:site_name\" content=\"Desert Retina Consultants\" \/>\n<meta property=\"article:modified_time\" content=\"2022-09-23T17:47:06+00:00\" \/>\n<meta name=\"twitter:card\" content=\"summary_large_image\" \/>\n<meta name=\"twitter:label1\" content=\"Tiempo de lectura\" \/>\n\t<meta name=\"twitter:data1\" content=\"1 minuto\" \/>\n<script type=\"application\/ld+json\" class=\"yoast-schema-graph\">{\"@context\":\"https:\\\/\\\/schema.org\",\"@graph\":[{\"@type\":\"WebPage\",\"@id\":\"https:\\\/\\\/desertretina.com\\\/for-physicians\\\/\",\"url\":\"https:\\\/\\\/desertretina.com\\\/for-physicians\\\/\",\"name\":\"For Physicians | Desert Retina Consultants Palm Desert - Riverside\",\"isPartOf\":{\"@id\":\"https:\\\/\\\/desertretina.com\\\/#website\"},\"datePublished\":\"2022-07-21T18:25:31+00:00\",\"dateModified\":\"2022-09-23T17:47:06+00:00\",\"description\":\"Find information for physicians at Desert Retina Consultants, serving patients in Palm Desert, Palm Springs, and Riverside, CA.\",\"breadcrumb\":{\"@id\":\"https:\\\/\\\/desertretina.com\\\/for-physicians\\\/#breadcrumb\"},\"inLanguage\":\"es\",\"potentialAction\":[{\"@type\":\"ReadAction\",\"target\":[\"https:\\\/\\\/desertretina.com\\\/for-physicians\\\/\"]}]},{\"@type\":\"BreadcrumbList\",\"@id\":\"https:\\\/\\\/desertretina.com\\\/for-physicians\\\/#breadcrumb\",\"itemListElement\":[{\"@type\":\"ListItem\",\"position\":1,\"name\":\"Home\",\"item\":\"https:\\\/\\\/desertretina.com\\\/\"},{\"@type\":\"ListItem\",\"position\":2,\"name\":\"For Physicians\"}]},{\"@type\":\"WebSite\",\"@id\":\"https:\\\/\\\/desertretina.com\\\/#website\",\"url\":\"https:\\\/\\\/desertretina.com\\\/\",\"name\":\"Desert Retina Consultants\",\"description\":\"\",\"publisher\":{\"@id\":\"https:\\\/\\\/desertretina.com\\\/#organization\"},\"potentialAction\":[{\"@type\":\"SearchAction\",\"target\":{\"@type\":\"EntryPoint\",\"urlTemplate\":\"https:\\\/\\\/desertretina.com\\\/?s={search_term_string}\"},\"query-input\":{\"@type\":\"PropertyValueSpecification\",\"valueRequired\":true,\"valueName\":\"search_term_string\"}}],\"inLanguage\":\"es\"},{\"@type\":\"Organization\",\"@id\":\"https:\\\/\\\/desertretina.com\\\/#organization\",\"name\":\"Desert Retina Consultants\",\"url\":\"https:\\\/\\\/desertretina.com\\\/\",\"logo\":{\"@type\":\"ImageObject\",\"inLanguage\":\"es\",\"@id\":\"https:\\\/\\\/desertretina.com\\\/#\\\/schema\\\/logo\\\/image\\\/\",\"url\":\"https:\\\/\\\/desertretina.com\\\/wp-content\\\/uploads\\\/DRCLogoColorHorizontal-p-500.png\",\"contentUrl\":\"https:\\\/\\\/desertretina.com\\\/wp-content\\\/uploads\\\/DRCLogoColorHorizontal-p-500.png\",\"width\":500,\"height\":156,\"caption\":\"Desert Retina Consultants\"},\"image\":{\"@id\":\"https:\\\/\\\/desertretina.com\\\/#\\\/schema\\\/logo\\\/image\\\/\"}}]}<\/script>\n<!-- \/ Yoast SEO plugin. -->","yoast_head_json":{"title":"Para m\u00e9dicos | Desert Retina Consultants Palm Desert - Riverside","description":"Encuentre informaci\u00f3n sobre los m\u00e9dicos de Desert Retina Consultants, que atienden a pacientes en Palm Desert, Palm Springs y Riverside, California.","robots":{"index":"index","follow":"follow","max-snippet":"max-snippet:-1","max-image-preview":"max-image-preview:large","max-video-preview":"max-video-preview:-1"},"canonical":"https:\/\/desertretina.com\/es\/for-physicians\/","og_locale":"es_MX","og_type":"article","og_title":"For Physicians | Desert Retina Consultants Palm Desert - Riverside","og_description":"Find information for physicians at Desert Retina Consultants, serving patients in Palm Desert, Palm Springs, and Riverside, CA.","og_url":"https:\/\/desertretina.com\/es\/for-physicians\/","og_site_name":"Desert Retina Consultants","article_modified_time":"2022-09-23T17:47:06+00:00","twitter_card":"summary_large_image","twitter_misc":{"Tiempo de lectura":"1 minuto"},"schema":{"@context":"https:\/\/schema.org","@graph":[{"@type":"WebPage","@id":"https:\/\/desertretina.com\/for-physicians\/","url":"https:\/\/desertretina.com\/for-physicians\/","name":"Para m\u00e9dicos | Desert Retina Consultants Palm Desert - Riverside","isPartOf":{"@id":"https:\/\/desertretina.com\/#website"},"datePublished":"2022-07-21T18:25:31+00:00","dateModified":"2022-09-23T17:47:06+00:00","description":"Encuentre informaci\u00f3n sobre los m\u00e9dicos de Desert Retina Consultants, que atienden a pacientes en Palm Desert, Palm Springs y Riverside, California.","breadcrumb":{"@id":"https:\/\/desertretina.com\/for-physicians\/#breadcrumb"},"inLanguage":"es","potentialAction":[{"@type":"ReadAction","target":["https:\/\/desertretina.com\/for-physicians\/"]}]},{"@type":"BreadcrumbList","@id":"https:\/\/desertretina.com\/for-physicians\/#breadcrumb","itemListElement":[{"@type":"ListItem","position":1,"name":"Home","item":"https:\/\/desertretina.com\/"},{"@type":"ListItem","position":2,"name":"For Physicians"}]},{"@type":"WebSite","@id":"https:\/\/desertretina.com\/#website","url":"https:\/\/desertretina.com\/","name":"Consultores de Retina del Desierto","description":"","publisher":{"@id":"https:\/\/desertretina.com\/#organization"},"potentialAction":[{"@type":"SearchAction","target":{"@type":"EntryPoint","urlTemplate":"https:\/\/desertretina.com\/?s={search_term_string}"},"query-input":{"@type":"PropertyValueSpecification","valueRequired":true,"valueName":"search_term_string"}}],"inLanguage":"es"},{"@type":"Organization","@id":"https:\/\/desertretina.com\/#organization","name":"Consultores de Retina del Desierto","url":"https:\/\/desertretina.com\/","logo":{"@type":"ImageObject","inLanguage":"es","@id":"https:\/\/desertretina.com\/#\/schema\/logo\/image\/","url":"https:\/\/desertretina.com\/wp-content\/uploads\/DRCLogoColorHorizontal-p-500.png","contentUrl":"https:\/\/desertretina.com\/wp-content\/uploads\/DRCLogoColorHorizontal-p-500.png","width":500,"height":156,"caption":"Desert Retina Consultants"},"image":{"@id":"https:\/\/desertretina.com\/#\/schema\/logo\/image\/"}}]}},"taxonomy_info":[],"featured_image_src_large":false,"author_info":{"display_name":"onur","author_link":"https:\/\/desertretina.com\/es\/author\/onur\/"},"comment_info":0,"_links":{"self":[{"href":"https:\/\/desertretina.com\/es\/wp-json\/wp\/v2\/pages\/74","targetHints":{"allow":["GET"]}}],"collection":[{"href":"https:\/\/desertretina.com\/es\/wp-json\/wp\/v2\/pages"}],"about":[{"href":"https:\/\/desertretina.com\/es\/wp-json\/wp\/v2\/types\/page"}],"author":[{"embeddable":true,"href":"https:\/\/desertretina.com\/es\/wp-json\/wp\/v2\/users\/1"}],"replies":[{"embeddable":true,"href":"https:\/\/desertretina.com\/es\/wp-json\/wp\/v2\/comments?post=74"}],"version-history":[{"count":3,"href":"https:\/\/desertretina.com\/es\/wp-json\/wp\/v2\/pages\/74\/revisions"}],"predecessor-version":[{"id":624,"href":"https:\/\/desertretina.com\/es\/wp-json\/wp\/v2\/pages\/74\/revisions\/624"}],"wp:attachment":[{"href":"https:\/\/desertretina.com\/es\/wp-json\/wp\/v2\/media?parent=74"}],"curies":[{"name":"wp","href":"https:\/\/api.w.org\/{rel}","templated":true}]}}