{"id":72,"date":"2022-07-21T14:25:31","date_gmt":"2022-07-21T18:25:31","guid":{"rendered":"http:\/\/demo.desertretina.com.php73-37.phx1-1.websitetestlink.com\/careers\/"},"modified":"2026-02-17T09:45:00","modified_gmt":"2026-02-17T14:45:00","slug":"careers","status":"publish","type":"page","link":"https:\/\/desertretina.com\/es\/careers\/","title":{"rendered":"Carreras"},"content":{"rendered":"<p>Trabajar en Desert Retina Consultants significa que estar\u00e1s rodeado de un equipo entusiasta y de algunos de los mejores proveedores de retina de la industria. Te inspiraremos continuamente para aprender y mejorar tus habilidades. Te brindamos la oportunidad de explorar todas las \u00e1reas de la pr\u00e1ctica y encontrar las mejores maneras de desarrollar tus capacidades y tu carrera. Obt\u00e9n m\u00e1s informaci\u00f3n y post\u00falate hoy mismo. <br><\/p>\n\n\n\n<script id=\"gnewtonjs\" type=\"text\/javascript\" src=\"\/\/recruitingbypaycor.com\/career\/iframe.action?clientId=8a7883d06937f5f701693a7f0a15269c\"><\/script>\n\n\n\n<hr class=\"wp-block-separator has-alpha-channel-opacity\"\/>\n\n\n\n<h3 class=\"wp-block-heading\">Explora m\u00e1s oportunidades<\/h3>\n\n\n\n<p>Desert Retina Consultants se enorgullece de ser parte de la familia Unifeye Vision Partners. Si no encuentra al candidato adecuado aqu\u00ed, puede explorar puestos vacantes adicionales en nuestras pr\u00e1cticas asociadas dentro de la red UVP.<\/p>\n\n\n\n<div class=\"wp-block-buttons is-content-justification-center is-layout-flex wp-container-core-buttons-is-layout-16018d1d wp-block-buttons-is-layout-flex\">\n<div class=\"wp-block-button\"><a class=\"wp-block-button__link wp-element-button\" href=\"https:\/\/www.uvpeye.com\/about-us\/career-opportunities\/#careers\">Explorar m\u00e1s roles<\/a><\/div>\n<\/div>","protected":false},"excerpt":{"rendered":"<p>Working at Desert Retina Consultants means you will be surrounded by enthusiastic team members and some of the best retina providers in the industry. You will continually be inspired to learn and advance your skills. We give you the opportunity to explore all areas of the practice and find the best ways to grow your [&hellip;]<\/p>\n","protected":false},"author":1,"featured_media":0,"parent":0,"menu_order":16,"comment_status":"closed","ping_status":"closed","template":"","meta":{"_acf_changed":false,"_kad_blocks_custom_css":"","_kad_blocks_head_custom_js":"","_kad_blocks_body_custom_js":"","_kad_blocks_footer_custom_js":"","footnotes":""},"class_list":["post-72","page","type-page","status-publish","hentry"],"acf":[],"yoast_head":"<!-- This site is optimized with the Yoast SEO plugin v27.4 - https:\/\/yoast.com\/product\/yoast-seo-wordpress\/ -->\n<title>Retina Specialist Riverside | Careers At Desert Retina Consultants<\/title>\n<meta name=\"description\" content=\"Find out about career opportunities at Desert Retina Consultants, serving patients in Palm Desert, Palm Springs, and Riverside, CA.\" \/>\n<meta name=\"robots\" content=\"index, follow, max-snippet:-1, max-image-preview:large, max-video-preview:-1\" \/>\n<link rel=\"canonical\" href=\"https:\/\/desertretina.com\/es\/careers\/\" \/>\n<meta property=\"og:locale\" content=\"es_MX\" \/>\n<meta property=\"og:type\" content=\"article\" \/>\n<meta property=\"og:title\" content=\"Retina Specialist Riverside | Careers At Desert Retina Consultants\" \/>\n<meta property=\"og:description\" content=\"Find out about career opportunities at Desert Retina Consultants, serving patients in Palm Desert, Palm Springs, and Riverside, CA.\" \/>\n<meta property=\"og:url\" content=\"https:\/\/desertretina.com\/es\/careers\/\" \/>\n<meta property=\"og:site_name\" content=\"Desert Retina Consultants\" \/>\n<meta property=\"article:modified_time\" content=\"2026-02-17T14:45:00+00:00\" \/>\n<meta name=\"twitter:card\" content=\"summary_large_image\" \/>\n<meta name=\"twitter:label1\" content=\"Tiempo de lectura\" \/>\n\t<meta name=\"twitter:data1\" content=\"1 minuto\" \/>\n<script type=\"application\/ld+json\" class=\"yoast-schema-graph\">{\"@context\":\"https:\\\/\\\/schema.org\",\"@graph\":[{\"@type\":\"WebPage\",\"@id\":\"https:\\\/\\\/desertretina.com\\\/careers\\\/\",\"url\":\"https:\\\/\\\/desertretina.com\\\/careers\\\/\",\"name\":\"Retina Specialist Riverside | Careers At Desert Retina Consultants\",\"isPartOf\":{\"@id\":\"https:\\\/\\\/desertretina.com\\\/#website\"},\"datePublished\":\"2022-07-21T18:25:31+00:00\",\"dateModified\":\"2026-02-17T14:45:00+00:00\",\"description\":\"Find out about career opportunities at Desert Retina Consultants, serving patients in Palm Desert, Palm Springs, and Riverside, CA.\",\"breadcrumb\":{\"@id\":\"https:\\\/\\\/desertretina.com\\\/careers\\\/#breadcrumb\"},\"inLanguage\":\"es\",\"potentialAction\":[{\"@type\":\"ReadAction\",\"target\":[\"https:\\\/\\\/desertretina.com\\\/careers\\\/\"]}]},{\"@type\":\"BreadcrumbList\",\"@id\":\"https:\\\/\\\/desertretina.com\\\/careers\\\/#breadcrumb\",\"itemListElement\":[{\"@type\":\"ListItem\",\"position\":1,\"name\":\"Home\",\"item\":\"https:\\\/\\\/desertretina.com\\\/\"},{\"@type\":\"ListItem\",\"position\":2,\"name\":\"Careers\"}]},{\"@type\":\"WebSite\",\"@id\":\"https:\\\/\\\/desertretina.com\\\/#website\",\"url\":\"https:\\\/\\\/desertretina.com\\\/\",\"name\":\"Desert Retina Consultants\",\"description\":\"\",\"publisher\":{\"@id\":\"https:\\\/\\\/desertretina.com\\\/#organization\"},\"potentialAction\":[{\"@type\":\"SearchAction\",\"target\":{\"@type\":\"EntryPoint\",\"urlTemplate\":\"https:\\\/\\\/desertretina.com\\\/?s={search_term_string}\"},\"query-input\":{\"@type\":\"PropertyValueSpecification\",\"valueRequired\":true,\"valueName\":\"search_term_string\"}}],\"inLanguage\":\"es\"},{\"@type\":\"Organization\",\"@id\":\"https:\\\/\\\/desertretina.com\\\/#organization\",\"name\":\"Desert Retina Consultants\",\"url\":\"https:\\\/\\\/desertretina.com\\\/\",\"logo\":{\"@type\":\"ImageObject\",\"inLanguage\":\"es\",\"@id\":\"https:\\\/\\\/desertretina.com\\\/#\\\/schema\\\/logo\\\/image\\\/\",\"url\":\"https:\\\/\\\/desertretina.com\\\/wp-content\\\/uploads\\\/DRCLogoColorHorizontal-p-500.png\",\"contentUrl\":\"https:\\\/\\\/desertretina.com\\\/wp-content\\\/uploads\\\/DRCLogoColorHorizontal-p-500.png\",\"width\":500,\"height\":156,\"caption\":\"Desert Retina Consultants\"},\"image\":{\"@id\":\"https:\\\/\\\/desertretina.com\\\/#\\\/schema\\\/logo\\\/image\\\/\"}}]}<\/script>\n<!-- \/ Yoast SEO plugin. -->","yoast_head_json":{"title":"Especialista en retina en Riverside | Oportunidades laborales en Desert Retina Consultants","description":"Inf\u00f3rmese sobre las oportunidades laborales en Desert Retina Consultants, que presta servicios a pacientes en Palm Desert, Palm Springs y Riverside, California.","robots":{"index":"index","follow":"follow","max-snippet":"max-snippet:-1","max-image-preview":"max-image-preview:large","max-video-preview":"max-video-preview:-1"},"canonical":"https:\/\/desertretina.com\/es\/careers\/","og_locale":"es_MX","og_type":"article","og_title":"Retina Specialist Riverside | Careers At Desert Retina Consultants","og_description":"Find out about career opportunities at Desert Retina Consultants, serving patients in Palm Desert, Palm Springs, and Riverside, CA.","og_url":"https:\/\/desertretina.com\/es\/careers\/","og_site_name":"Desert Retina Consultants","article_modified_time":"2026-02-17T14:45:00+00:00","twitter_card":"summary_large_image","twitter_misc":{"Tiempo de lectura":"1 minuto"},"schema":{"@context":"https:\/\/schema.org","@graph":[{"@type":"WebPage","@id":"https:\/\/desertretina.com\/careers\/","url":"https:\/\/desertretina.com\/careers\/","name":"Especialista en retina en Riverside | Oportunidades laborales en Desert Retina Consultants","isPartOf":{"@id":"https:\/\/desertretina.com\/#website"},"datePublished":"2022-07-21T18:25:31+00:00","dateModified":"2026-02-17T14:45:00+00:00","description":"Inf\u00f3rmese sobre las oportunidades laborales en Desert Retina Consultants, que presta servicios a pacientes en Palm Desert, Palm Springs y Riverside, California.","breadcrumb":{"@id":"https:\/\/desertretina.com\/careers\/#breadcrumb"},"inLanguage":"es","potentialAction":[{"@type":"ReadAction","target":["https:\/\/desertretina.com\/careers\/"]}]},{"@type":"BreadcrumbList","@id":"https:\/\/desertretina.com\/careers\/#breadcrumb","itemListElement":[{"@type":"ListItem","position":1,"name":"Home","item":"https:\/\/desertretina.com\/"},{"@type":"ListItem","position":2,"name":"Careers"}]},{"@type":"WebSite","@id":"https:\/\/desertretina.com\/#website","url":"https:\/\/desertretina.com\/","name":"Consultores de Retina del Desierto","description":"","publisher":{"@id":"https:\/\/desertretina.com\/#organization"},"potentialAction":[{"@type":"SearchAction","target":{"@type":"EntryPoint","urlTemplate":"https:\/\/desertretina.com\/?s={search_term_string}"},"query-input":{"@type":"PropertyValueSpecification","valueRequired":true,"valueName":"search_term_string"}}],"inLanguage":"es"},{"@type":"Organization","@id":"https:\/\/desertretina.com\/#organization","name":"Consultores de Retina del Desierto","url":"https:\/\/desertretina.com\/","logo":{"@type":"ImageObject","inLanguage":"es","@id":"https:\/\/desertretina.com\/#\/schema\/logo\/image\/","url":"https:\/\/desertretina.com\/wp-content\/uploads\/DRCLogoColorHorizontal-p-500.png","contentUrl":"https:\/\/desertretina.com\/wp-content\/uploads\/DRCLogoColorHorizontal-p-500.png","width":500,"height":156,"caption":"Desert Retina Consultants"},"image":{"@id":"https:\/\/desertretina.com\/#\/schema\/logo\/image\/"}}]}},"taxonomy_info":[],"featured_image_src_large":false,"author_info":{"display_name":"onur","author_link":"https:\/\/desertretina.com\/es\/author\/onur\/"},"comment_info":0,"_links":{"self":[{"href":"https:\/\/desertretina.com\/es\/wp-json\/wp\/v2\/pages\/72","targetHints":{"allow":["GET"]}}],"collection":[{"href":"https:\/\/desertretina.com\/es\/wp-json\/wp\/v2\/pages"}],"about":[{"href":"https:\/\/desertretina.com\/es\/wp-json\/wp\/v2\/types\/page"}],"author":[{"embeddable":true,"href":"https:\/\/desertretina.com\/es\/wp-json\/wp\/v2\/users\/1"}],"replies":[{"embeddable":true,"href":"https:\/\/desertretina.com\/es\/wp-json\/wp\/v2\/comments?post=72"}],"version-history":[{"count":7,"href":"https:\/\/desertretina.com\/es\/wp-json\/wp\/v2\/pages\/72\/revisions"}],"predecessor-version":[{"id":1597,"href":"https:\/\/desertretina.com\/es\/wp-json\/wp\/v2\/pages\/72\/revisions\/1597"}],"wp:attachment":[{"href":"https:\/\/desertretina.com\/es\/wp-json\/wp\/v2\/media?parent=72"}],"curies":[{"name":"wp","href":"https:\/\/api.w.org\/{rel}","templated":true}]}}