{"id":48,"date":"2022-07-21T12:57:15","date_gmt":"2022-07-21T16:57:15","guid":{"rendered":"http:\/\/demo.desertretina.com.php73-37.phx1-1.websitetestlink.com\/about-us\/"},"modified":"2025-10-15T10:42:09","modified_gmt":"2025-10-15T14:42:09","slug":"about-us","status":"publish","type":"page","link":"https:\/\/desertretina.com\/es\/about-us\/","title":{"rendered":"Sobre nosotros"},"content":{"rendered":"<h2 class=\"wp-block-heading\">Un enfoque en el avance del cuidado de la retina<\/h2>\n\n\n\n<p>Desert Retina Consultants, anteriormente conocida como Southern California Desert Retina Consultants, es una cl\u00ednica especializada en retina con una larga trayectoria ofreciendo servicios de cirug\u00eda m\u00e9dica de retina y v\u00edtreorretiniana de calidad. Desde nuestra fundaci\u00f3n por <a href=\"https:\/\/desertretina.com\/es\/doctors\/clement-k-chan-m-d-f-a-c-s\/\">Dr. Clement Chan<\/a> Hace tres d\u00e9cadas, nuestro <a href=\"https:\/\/desertretina.com\/es\/doctors\/\">m\u00e9dicos expertos en retina <\/a>han estado brindando a los pacientes del Valle de Coachella tratamientos probados para enfermedades de la retina, el v\u00edtreo y la m\u00e1cula. <\/p>\n\n\n\n<p>Nuestros equipos de retina brindan servicios de \u00faltima generaci\u00f3n relacionados con <a href=\"https:\/\/desertretina.com\/es\/macular-degeneration\/\">degeneraci\u00f3n macular relacionada con la edad<\/a>, <a href=\"https:\/\/desertretina.com\/es\/diabetic-retinopathy\/\">retinopat\u00eda diab\u00e9tica<\/a>, <a href=\"https:\/\/desertretina.com\/es\/retinal-tear-retinal-detachment\/\">desgarros o desprendimientos de retina<\/a>, <a href=\"https:\/\/desertretina.com\/es\/retinal-vascular-occlusion\/\">oclusiones retinianas<\/a>, y <a href=\"https:\/\/desertretina.com\/es\/macular-edema\/\">edema macular<\/a>, fuera de nuestro <a href=\"https:\/\/desertretina.com\/es\/locations\/\">oficinas<\/a> En Riverside, Palm Desert y Palm Springs, California. Actualmente aceptamos nuevos pacientes.<\/p>\n\n\n\n<p>Con un enfoque continuo en la investigaci\u00f3n cl\u00ednica, nuestra <a href=\"https:\/\/desertretina.com\/es\/doctors\/\">m\u00e9dicos certificados por la junta<\/a> Nos hemos propuesto mantenernos a la vanguardia de los avances en el cuidado de la retina. Nos esforzamos por mantenernos actualizados en el campo para garantizar que nuestros pacientes reciban solo lo mejor. Todo nuestro equipo de expertos en retina est\u00e1 capacitado en las t\u00e9cnicas de tratamiento y cirug\u00eda m\u00e1s modernas, y participamos regularmente en investigaciones y... <a href=\"https:\/\/desertretina.com\/es\/clinical-trials\/\">ensayos cl\u00ednicos<\/a> y han aparecido en numerosas revistas m\u00e9dicas. <\/p>\n\n\n\n<h2 class=\"wp-block-heading\">Nuestro compromiso con la comunidad profesional<\/h2>\n\n\n\n<p>En Desert Retina Consultants, colaboramos con orgullo con las principales sociedades m\u00e9dicas y de oftalmolog\u00eda dedicadas a promover la salud ocular y la innovaci\u00f3n.<br><a href=\"https:\/\/desertretina.com\/es\/community-involvement\/\">Obtenga m\u00e1s informaci\u00f3n sobre nuestra participaci\u00f3n comunitaria \u2192<\/a><\/p>\n\n\n\n<h2 class=\"wp-block-heading\">\u00a1Nos centramos en TI!<\/h2>\n\n\n\n<p>Adem\u00e1s de nuestra s\u00f3lida oferta cl\u00ednica, sabemos que la vista es valiosa para todos y nos esforzamos por hacer que todos nuestros pacientes se sientan c\u00f3modos ofreci\u00e9ndoles atenci\u00f3n de la m\u00e1s alta calidad y un servicio personalizado. <strong>Tus ojos son tan importantes para nosotros como lo son para ti.<\/strong><\/p>\n\n\n\n<p>Nuestro personal y m\u00e9dicos forman un equipo altamente capacitado y motivado. Nos dedicamos a servirle y a que su visita sea lo m\u00e1s relajada posible. Con gusto responderemos cualquier pregunta que tenga sobre su examen, diagn\u00f3stico y tratamiento. <\/p>\n\n\n\n<p><strong>No importa el problema que est\u00e9 experimentando, nuestro objetivo no es s\u00f3lo tratar la afecci\u00f3n, sino ayudarlo en el proceso de curaci\u00f3n.<\/strong><\/p>\n\n\n\n<p>Ll\u00e1manos para <a href=\"https:\/\/desertretina.com\/es\/request-an-appointment\/\">\u00a1Agenda una cita hoy!<\/a><\/p>\n\n\n\n<p><\/p>","protected":false},"excerpt":{"rendered":"<p>A Focus on Advancing Retina Care Desert Retina Consultants, formerly known as Southern California Desert Retina Consultants, is a specialty retina practice with a long-standing reputation for providing quality medical retina and vitreoretinal surgery services. Since our founding by Dr. Clement Chan three decades ago, our expert retina doctors have been providing patients in the [&hellip;]<\/p>\n","protected":false},"author":1,"featured_media":0,"parent":0,"menu_order":12,"comment_status":"closed","ping_status":"closed","template":"","meta":{"_acf_changed":false,"_kad_blocks_custom_css":"","_kad_blocks_head_custom_js":"","_kad_blocks_body_custom_js":"","_kad_blocks_footer_custom_js":"","footnotes":""},"class_list":["post-48","page","type-page","status-publish","hentry"],"acf":[],"yoast_head":"<!-- This site is optimized with the Yoast SEO plugin v27.4 - https:\/\/yoast.com\/product\/yoast-seo-wordpress\/ -->\n<title>Retina Specialist Palm Desert | About Us | Palm Springs - Riverside<\/title>\n<meta name=\"description\" content=\"Learn about the retina specialists at Desert Retina Consultants serving patients in Palm Desert, Palm Springs, and Riverside, CA.\" \/>\n<meta name=\"robots\" content=\"index, follow, max-snippet:-1, max-image-preview:large, max-video-preview:-1\" \/>\n<link rel=\"canonical\" href=\"https:\/\/desertretina.com\/es\/about-us\/\" \/>\n<meta property=\"og:locale\" content=\"es_MX\" \/>\n<meta property=\"og:type\" content=\"article\" \/>\n<meta property=\"og:title\" content=\"Retina Specialist Palm Desert | About Us | Palm Springs - Riverside\" \/>\n<meta property=\"og:description\" content=\"Learn about the retina specialists at Desert Retina Consultants serving patients in Palm Desert, Palm Springs, and Riverside, CA.\" \/>\n<meta property=\"og:url\" content=\"https:\/\/desertretina.com\/es\/about-us\/\" \/>\n<meta property=\"og:site_name\" content=\"Desert Retina Consultants\" \/>\n<meta property=\"article:modified_time\" content=\"2025-10-15T14:42:09+00:00\" \/>\n<meta name=\"twitter:card\" content=\"summary_large_image\" \/>\n<meta name=\"twitter:label1\" content=\"Tiempo de lectura\" \/>\n\t<meta name=\"twitter:data1\" content=\"2 minutos\" \/>\n<script type=\"application\/ld+json\" class=\"yoast-schema-graph\">{\"@context\":\"https:\\\/\\\/schema.org\",\"@graph\":[{\"@type\":\"WebPage\",\"@id\":\"https:\\\/\\\/desertretina.com\\\/about-us\\\/\",\"url\":\"https:\\\/\\\/desertretina.com\\\/about-us\\\/\",\"name\":\"Retina Specialist Palm Desert | About Us | Palm Springs - Riverside\",\"isPartOf\":{\"@id\":\"https:\\\/\\\/desertretina.com\\\/#website\"},\"datePublished\":\"2022-07-21T16:57:15+00:00\",\"dateModified\":\"2025-10-15T14:42:09+00:00\",\"description\":\"Learn about the retina specialists at Desert Retina Consultants serving patients in Palm Desert, Palm Springs, and Riverside, CA.\",\"breadcrumb\":{\"@id\":\"https:\\\/\\\/desertretina.com\\\/about-us\\\/#breadcrumb\"},\"inLanguage\":\"es\",\"potentialAction\":[{\"@type\":\"ReadAction\",\"target\":[\"https:\\\/\\\/desertretina.com\\\/about-us\\\/\"]}]},{\"@type\":\"BreadcrumbList\",\"@id\":\"https:\\\/\\\/desertretina.com\\\/about-us\\\/#breadcrumb\",\"itemListElement\":[{\"@type\":\"ListItem\",\"position\":1,\"name\":\"Home\",\"item\":\"https:\\\/\\\/desertretina.com\\\/\"},{\"@type\":\"ListItem\",\"position\":2,\"name\":\"About Us\"}]},{\"@type\":\"WebSite\",\"@id\":\"https:\\\/\\\/desertretina.com\\\/#website\",\"url\":\"https:\\\/\\\/desertretina.com\\\/\",\"name\":\"Desert Retina Consultants\",\"description\":\"\",\"publisher\":{\"@id\":\"https:\\\/\\\/desertretina.com\\\/#organization\"},\"potentialAction\":[{\"@type\":\"SearchAction\",\"target\":{\"@type\":\"EntryPoint\",\"urlTemplate\":\"https:\\\/\\\/desertretina.com\\\/?s={search_term_string}\"},\"query-input\":{\"@type\":\"PropertyValueSpecification\",\"valueRequired\":true,\"valueName\":\"search_term_string\"}}],\"inLanguage\":\"es\"},{\"@type\":\"Organization\",\"@id\":\"https:\\\/\\\/desertretina.com\\\/#organization\",\"name\":\"Desert Retina Consultants\",\"url\":\"https:\\\/\\\/desertretina.com\\\/\",\"logo\":{\"@type\":\"ImageObject\",\"inLanguage\":\"es\",\"@id\":\"https:\\\/\\\/desertretina.com\\\/#\\\/schema\\\/logo\\\/image\\\/\",\"url\":\"https:\\\/\\\/desertretina.com\\\/wp-content\\\/uploads\\\/DRCLogoColorHorizontal-p-500.png\",\"contentUrl\":\"https:\\\/\\\/desertretina.com\\\/wp-content\\\/uploads\\\/DRCLogoColorHorizontal-p-500.png\",\"width\":500,\"height\":156,\"caption\":\"Desert Retina Consultants\"},\"image\":{\"@id\":\"https:\\\/\\\/desertretina.com\\\/#\\\/schema\\\/logo\\\/image\\\/\"}}]}<\/script>\n<!-- \/ Yoast SEO plugin. -->","yoast_head_json":{"title":"Especialista en retina en Palm Desert | Sobre nosotros | Palm Springs - Riverside","description":"Conozca a los especialistas en retina de Desert Retina Consultants que atienden a pacientes en Palm Desert, Palm Springs y Riverside, California.","robots":{"index":"index","follow":"follow","max-snippet":"max-snippet:-1","max-image-preview":"max-image-preview:large","max-video-preview":"max-video-preview:-1"},"canonical":"https:\/\/desertretina.com\/es\/about-us\/","og_locale":"es_MX","og_type":"article","og_title":"Retina Specialist Palm Desert | About Us | Palm Springs - Riverside","og_description":"Learn about the retina specialists at Desert Retina Consultants serving patients in Palm Desert, Palm Springs, and Riverside, CA.","og_url":"https:\/\/desertretina.com\/es\/about-us\/","og_site_name":"Desert Retina Consultants","article_modified_time":"2025-10-15T14:42:09+00:00","twitter_card":"summary_large_image","twitter_misc":{"Tiempo de lectura":"2 minutos"},"schema":{"@context":"https:\/\/schema.org","@graph":[{"@type":"WebPage","@id":"https:\/\/desertretina.com\/about-us\/","url":"https:\/\/desertretina.com\/about-us\/","name":"Especialista en retina en Palm Desert | Sobre nosotros | Palm Springs - Riverside","isPartOf":{"@id":"https:\/\/desertretina.com\/#website"},"datePublished":"2022-07-21T16:57:15+00:00","dateModified":"2025-10-15T14:42:09+00:00","description":"Conozca a los especialistas en retina de Desert Retina Consultants que atienden a pacientes en Palm Desert, Palm Springs y Riverside, California.","breadcrumb":{"@id":"https:\/\/desertretina.com\/about-us\/#breadcrumb"},"inLanguage":"es","potentialAction":[{"@type":"ReadAction","target":["https:\/\/desertretina.com\/about-us\/"]}]},{"@type":"BreadcrumbList","@id":"https:\/\/desertretina.com\/about-us\/#breadcrumb","itemListElement":[{"@type":"ListItem","position":1,"name":"Home","item":"https:\/\/desertretina.com\/"},{"@type":"ListItem","position":2,"name":"About Us"}]},{"@type":"WebSite","@id":"https:\/\/desertretina.com\/#website","url":"https:\/\/desertretina.com\/","name":"Consultores de Retina del Desierto","description":"","publisher":{"@id":"https:\/\/desertretina.com\/#organization"},"potentialAction":[{"@type":"SearchAction","target":{"@type":"EntryPoint","urlTemplate":"https:\/\/desertretina.com\/?s={search_term_string}"},"query-input":{"@type":"PropertyValueSpecification","valueRequired":true,"valueName":"search_term_string"}}],"inLanguage":"es"},{"@type":"Organization","@id":"https:\/\/desertretina.com\/#organization","name":"Consultores de Retina del Desierto","url":"https:\/\/desertretina.com\/","logo":{"@type":"ImageObject","inLanguage":"es","@id":"https:\/\/desertretina.com\/#\/schema\/logo\/image\/","url":"https:\/\/desertretina.com\/wp-content\/uploads\/DRCLogoColorHorizontal-p-500.png","contentUrl":"https:\/\/desertretina.com\/wp-content\/uploads\/DRCLogoColorHorizontal-p-500.png","width":500,"height":156,"caption":"Desert Retina Consultants"},"image":{"@id":"https:\/\/desertretina.com\/#\/schema\/logo\/image\/"}}]}},"taxonomy_info":[],"featured_image_src_large":false,"author_info":{"display_name":"onur","author_link":"https:\/\/desertretina.com\/es\/author\/onur\/"},"comment_info":0,"_links":{"self":[{"href":"https:\/\/desertretina.com\/es\/wp-json\/wp\/v2\/pages\/48","targetHints":{"allow":["GET"]}}],"collection":[{"href":"https:\/\/desertretina.com\/es\/wp-json\/wp\/v2\/pages"}],"about":[{"href":"https:\/\/desertretina.com\/es\/wp-json\/wp\/v2\/types\/page"}],"author":[{"embeddable":true,"href":"https:\/\/desertretina.com\/es\/wp-json\/wp\/v2\/users\/1"}],"replies":[{"embeddable":true,"href":"https:\/\/desertretina.com\/es\/wp-json\/wp\/v2\/comments?post=48"}],"version-history":[{"count":17,"href":"https:\/\/desertretina.com\/es\/wp-json\/wp\/v2\/pages\/48\/revisions"}],"predecessor-version":[{"id":1509,"href":"https:\/\/desertretina.com\/es\/wp-json\/wp\/v2\/pages\/48\/revisions\/1509"}],"wp:attachment":[{"href":"https:\/\/desertretina.com\/es\/wp-json\/wp\/v2\/media?parent=48"}],"curies":[{"name":"wp","href":"https:\/\/api.w.org\/{rel}","templated":true}]}}