{"id":317,"date":"2022-08-22T09:47:03","date_gmt":"2022-08-22T13:47:03","guid":{"rendered":"http:\/\/demo.desertretina.com.php73-37.phx1-1.websitetestlink.com\/?page_id=317"},"modified":"2022-10-13T12:25:41","modified_gmt":"2022-10-13T16:25:41","slug":"macular-pucker","status":"publish","type":"page","link":"https:\/\/desertretina.com\/es\/macular-pucker\/","title":{"rendered":"Pucker macular"},"content":{"rendered":"<figure class=\"wp-block-video\"><\/figure>\n\n\n\n<h2 class=\"wp-block-heading\">\u00bfC\u00f3mo se produce un fruncimiento macular?<\/h2>\n\n\n<div class=\"wp-block-image\">\n<figure class=\"alignright size-full\"><img loading=\"lazy\" decoding=\"async\" width=\"350\" height=\"285\" src=\"https:\/\/desertretina.com\/wp-content\/uploads\/macular-pucker-eye-scan.jpg\" alt=\"\" class=\"wp-image-529\" srcset=\"https:\/\/desertretina.com\/wp-content\/uploads\/macular-pucker-eye-scan.jpg 350w, https:\/\/desertretina.com\/wp-content\/uploads\/macular-pucker-eye-scan-300x244.jpg 300w, https:\/\/desertretina.com\/wp-content\/uploads\/macular-pucker-eye-scan-270x220.jpg 270w\" sizes=\"auto, (max-width: 350px) 100vw, 350px\" \/><figcaption>Pucker macular<\/figcaption><\/figure>\n<\/div>\n\n\n<p>La mayor\u00eda de las veces, un pliegue macular se produce con el envejecimiento. A lo largo de la vida, la <strong>v\u00edtreo <\/strong>(<em>La sustancia transparente similar a un gel que llena el centro del ojo y le da una forma redonda.<\/em>) se encoge y se aleja de ti. <strong>retina<\/strong> (<em>la capa de tejido sensible a la luz en la parte posterior del ojo<\/em>) Esto se llama desprendimiento de v\u00edtreo y le sucede a todas las personas a medida que envejecen. &nbsp;<\/p>\n\n\n\n<p>En algunas personas, la contracci\u00f3n del v\u00edtreo puede causar da\u00f1os microsc\u00f3picos en la retina. A medida que cicatriza, se puede formar tejido cicatricial en la superficie de la retina, lo que puede crear arrugas o pliegues. Un pliegue macular puede ocurrir cuando el tejido cicatricial se forma sobre una parte de la retina llamada m\u00e1cula.<\/p>\n\n\n\n<var style=\"width:50%; padding-bottom:56.25%; display:block;\" data-presentation=\"15d659f2-40e4-4a14-4b50-40f64f6447c7\"><a href=\"http:\/\/fyi.rendia.com\/T36QB\" style=\"display:none\">Ver v\u00eddeo<\/a><\/var><script type=\"text\/javascript\" src=\"\/\/hub.rendia.com\/whitelabel\/embed_js\"><\/script>\n\n\n\n<p><\/p>\n\n\n\n<p><\/p>\n\n\n\n<h2 class=\"wp-block-heading\">\u00bfCu\u00e1les son los s\u00edntomas de un fruncimiento macular?<\/h2>\n\n\n\n<p>La p\u00e9rdida de visi\u00f3n causada por un pliegue macular puede variar. Un paciente puede experimentar una p\u00e9rdida de visi\u00f3n nula o muy leve, mientras que otro puede experimentar una p\u00e9rdida de visi\u00f3n grave, aunque la ceguera es poco frecuente. <\/p>\n\n\n\n<h3 class=\"wp-block-heading\">Los s\u00edntomas m\u00e1s comunes son:<\/h3>\n\n\n\n<ul class=\"wp-block-list\"><li>Visi\u00f3n borrosa<\/li><li>Visi\u00f3n distorsionada<\/li><li>Ver l\u00edneas onduladas<\/li><li>Dificultad para ver la letra peque\u00f1a<\/li><li>Peque\u00f1o punto ciego gris en la visi\u00f3n central<\/li><\/ul>\n\n\n\n<h2 class=\"wp-block-heading\">\u00bfC\u00f3mo se trata un fruncimiento macular?<\/h2>\n\n\n\n<p>En casos de borrosidad y distorsi\u00f3n leves, <strong>Los pacientes deben asegurarse de programar ex\u00e1menes oculares regulares.<\/strong> pero no suelen requerir tratamiento adicional. Los pacientes generalmente se adaptan a una distorsi\u00f3n visual leve, ya que no afecta actividades cotidianas como leer o conducir. En casos excepcionales, una contracci\u00f3n macular grave puede causar un deterioro de la visi\u00f3n que afecte actividades cotidianas como leer o conducir. En estos casos, el equipo de Desert Retina Consultants puede recomendar cirug\u00eda para eliminar el tejido cicatricial que afecta la visi\u00f3n. <\/p>\n\n\n\n<p>Un tipo de cirug\u00eda utilizada para tratar el pliegue macular se llama <strong>vitrectom\u00eda<\/strong>. Durante la cirug\u00eda, se extrae el v\u00edtreo y se reemplaza con otra soluci\u00f3n. El v\u00edtreo es una sustancia gelatinosa que llena la parte media del ojo. Se elimina el tejido cicatricial que causa el pliegue macular. <\/p>\n\n\n\n<p><\/p>","protected":false},"excerpt":{"rendered":"<p>How Do You Get a Macular Pucker? Most of the time, a macular pucker occurs with aging. Over your lifetime, the vitreous (the clear gel like substance that fills the center of your eye and gives it a round shape) shrinks and pulls away from your retina (the light-sensitive layer of tissue in the back [&hellip;]<\/p>\n","protected":false},"author":1,"featured_media":0,"parent":0,"menu_order":0,"comment_status":"closed","ping_status":"closed","template":"page-pillar.php","meta":{"_acf_changed":false,"_kad_blocks_custom_css":"","_kad_blocks_head_custom_js":"","_kad_blocks_body_custom_js":"","_kad_blocks_footer_custom_js":"","footnotes":""},"class_list":["post-317","page","type-page","status-publish","hentry"],"acf":[],"yoast_head":"<!-- This site is optimized with the Yoast SEO plugin v27.4 - https:\/\/yoast.com\/product\/yoast-seo-wordpress\/ -->\n<title>Macular Pucker Palm Desert | Desert Retina Consultants Riverside<\/title>\n<meta name=\"description\" content=\"Learn about macular pucker and other conditions affecting the retina at Desert Retina Consultants serving patients in Southern California.\" \/>\n<meta name=\"robots\" content=\"index, follow, max-snippet:-1, max-image-preview:large, max-video-preview:-1\" \/>\n<link rel=\"canonical\" href=\"https:\/\/desertretina.com\/es\/macular-pucker\/\" \/>\n<meta property=\"og:locale\" content=\"es_MX\" \/>\n<meta property=\"og:type\" content=\"article\" \/>\n<meta property=\"og:title\" content=\"Macular Pucker Palm Desert | Desert Retina Consultants Riverside\" \/>\n<meta property=\"og:description\" content=\"Learn about macular pucker and other conditions affecting the retina at Desert Retina Consultants serving patients in Southern California.\" \/>\n<meta property=\"og:url\" content=\"https:\/\/desertretina.com\/es\/macular-pucker\/\" \/>\n<meta property=\"og:site_name\" content=\"Desert Retina Consultants\" \/>\n<meta property=\"article:modified_time\" content=\"2022-10-13T16:25:41+00:00\" \/>\n<meta property=\"og:image\" content=\"https:\/\/desertretina.com\/wp-content\/uploads\/macular-pucker-eye-scan.jpg\" \/>\n<meta name=\"twitter:card\" content=\"summary_large_image\" \/>\n<meta name=\"twitter:label1\" content=\"Tiempo de lectura\" \/>\n\t<meta name=\"twitter:data1\" content=\"2 minutos\" \/>\n<script type=\"application\/ld+json\" class=\"yoast-schema-graph\">{\"@context\":\"https:\\\/\\\/schema.org\",\"@graph\":[{\"@type\":\"WebPage\",\"@id\":\"https:\\\/\\\/desertretina.com\\\/macular-pucker\\\/\",\"url\":\"https:\\\/\\\/desertretina.com\\\/macular-pucker\\\/\",\"name\":\"Macular Pucker Palm Desert | Desert Retina Consultants Riverside\",\"isPartOf\":{\"@id\":\"https:\\\/\\\/desertretina.com\\\/#website\"},\"primaryImageOfPage\":{\"@id\":\"https:\\\/\\\/desertretina.com\\\/macular-pucker\\\/#primaryimage\"},\"image\":{\"@id\":\"https:\\\/\\\/desertretina.com\\\/macular-pucker\\\/#primaryimage\"},\"thumbnailUrl\":\"https:\\\/\\\/desertretina.com\\\/wp-content\\\/uploads\\\/macular-pucker-eye-scan.jpg\",\"datePublished\":\"2022-08-22T13:47:03+00:00\",\"dateModified\":\"2022-10-13T16:25:41+00:00\",\"description\":\"Learn about macular pucker and other conditions affecting the retina at Desert Retina Consultants serving patients in Southern California.\",\"breadcrumb\":{\"@id\":\"https:\\\/\\\/desertretina.com\\\/macular-pucker\\\/#breadcrumb\"},\"inLanguage\":\"es\",\"potentialAction\":[{\"@type\":\"ReadAction\",\"target\":[\"https:\\\/\\\/desertretina.com\\\/macular-pucker\\\/\"]}]},{\"@type\":\"ImageObject\",\"inLanguage\":\"es\",\"@id\":\"https:\\\/\\\/desertretina.com\\\/macular-pucker\\\/#primaryimage\",\"url\":\"https:\\\/\\\/desertretina.com\\\/wp-content\\\/uploads\\\/macular-pucker-eye-scan.jpg\",\"contentUrl\":\"https:\\\/\\\/desertretina.com\\\/wp-content\\\/uploads\\\/macular-pucker-eye-scan.jpg\"},{\"@type\":\"BreadcrumbList\",\"@id\":\"https:\\\/\\\/desertretina.com\\\/macular-pucker\\\/#breadcrumb\",\"itemListElement\":[{\"@type\":\"ListItem\",\"position\":1,\"name\":\"Home\",\"item\":\"https:\\\/\\\/desertretina.com\\\/\"},{\"@type\":\"ListItem\",\"position\":2,\"name\":\"Macular Pucker\"}]},{\"@type\":\"WebSite\",\"@id\":\"https:\\\/\\\/desertretina.com\\\/#website\",\"url\":\"https:\\\/\\\/desertretina.com\\\/\",\"name\":\"Desert Retina Consultants\",\"description\":\"\",\"publisher\":{\"@id\":\"https:\\\/\\\/desertretina.com\\\/#organization\"},\"potentialAction\":[{\"@type\":\"SearchAction\",\"target\":{\"@type\":\"EntryPoint\",\"urlTemplate\":\"https:\\\/\\\/desertretina.com\\\/?s={search_term_string}\"},\"query-input\":{\"@type\":\"PropertyValueSpecification\",\"valueRequired\":true,\"valueName\":\"search_term_string\"}}],\"inLanguage\":\"es\"},{\"@type\":\"Organization\",\"@id\":\"https:\\\/\\\/desertretina.com\\\/#organization\",\"name\":\"Desert Retina Consultants\",\"url\":\"https:\\\/\\\/desertretina.com\\\/\",\"logo\":{\"@type\":\"ImageObject\",\"inLanguage\":\"es\",\"@id\":\"https:\\\/\\\/desertretina.com\\\/#\\\/schema\\\/logo\\\/image\\\/\",\"url\":\"https:\\\/\\\/desertretina.com\\\/wp-content\\\/uploads\\\/DRCLogoColorHorizontal-p-500.png\",\"contentUrl\":\"https:\\\/\\\/desertretina.com\\\/wp-content\\\/uploads\\\/DRCLogoColorHorizontal-p-500.png\",\"width\":500,\"height\":156,\"caption\":\"Desert Retina Consultants\"},\"image\":{\"@id\":\"https:\\\/\\\/desertretina.com\\\/#\\\/schema\\\/logo\\\/image\\\/\"}}]}<\/script>\n<!-- \/ Yoast SEO plugin. -->","yoast_head_json":{"title":"Pu\u00f1o macular en Palm Desert | Consultores de retina del desierto en Riverside","description":"En Desert Retina Consultants, que atiende a pacientes en el sur de California, podr\u00e1 obtener informaci\u00f3n sobre la membrana epirretiniana macular y otras afecciones que afectan a la retina.","robots":{"index":"index","follow":"follow","max-snippet":"max-snippet:-1","max-image-preview":"max-image-preview:large","max-video-preview":"max-video-preview:-1"},"canonical":"https:\/\/desertretina.com\/es\/macular-pucker\/","og_locale":"es_MX","og_type":"article","og_title":"Macular Pucker Palm Desert | Desert Retina Consultants Riverside","og_description":"Learn about macular pucker and other conditions affecting the retina at Desert Retina Consultants serving patients in Southern California.","og_url":"https:\/\/desertretina.com\/es\/macular-pucker\/","og_site_name":"Desert Retina Consultants","article_modified_time":"2022-10-13T16:25:41+00:00","og_image":[{"url":"https:\/\/desertretina.com\/wp-content\/uploads\/macular-pucker-eye-scan.jpg","type":"","width":"","height":""}],"twitter_card":"summary_large_image","twitter_misc":{"Tiempo de lectura":"2 minutos"},"schema":{"@context":"https:\/\/schema.org","@graph":[{"@type":"WebPage","@id":"https:\/\/desertretina.com\/macular-pucker\/","url":"https:\/\/desertretina.com\/macular-pucker\/","name":"Pu\u00f1o macular en Palm Desert | Consultores de retina del desierto en Riverside","isPartOf":{"@id":"https:\/\/desertretina.com\/#website"},"primaryImageOfPage":{"@id":"https:\/\/desertretina.com\/macular-pucker\/#primaryimage"},"image":{"@id":"https:\/\/desertretina.com\/macular-pucker\/#primaryimage"},"thumbnailUrl":"https:\/\/desertretina.com\/wp-content\/uploads\/macular-pucker-eye-scan.jpg","datePublished":"2022-08-22T13:47:03+00:00","dateModified":"2022-10-13T16:25:41+00:00","description":"En Desert Retina Consultants, que atiende a pacientes en el sur de California, podr\u00e1 obtener informaci\u00f3n sobre la membrana epirretiniana macular y otras afecciones que afectan a la retina.","breadcrumb":{"@id":"https:\/\/desertretina.com\/macular-pucker\/#breadcrumb"},"inLanguage":"es","potentialAction":[{"@type":"ReadAction","target":["https:\/\/desertretina.com\/macular-pucker\/"]}]},{"@type":"ImageObject","inLanguage":"es","@id":"https:\/\/desertretina.com\/macular-pucker\/#primaryimage","url":"https:\/\/desertretina.com\/wp-content\/uploads\/macular-pucker-eye-scan.jpg","contentUrl":"https:\/\/desertretina.com\/wp-content\/uploads\/macular-pucker-eye-scan.jpg"},{"@type":"BreadcrumbList","@id":"https:\/\/desertretina.com\/macular-pucker\/#breadcrumb","itemListElement":[{"@type":"ListItem","position":1,"name":"Home","item":"https:\/\/desertretina.com\/"},{"@type":"ListItem","position":2,"name":"Macular Pucker"}]},{"@type":"WebSite","@id":"https:\/\/desertretina.com\/#website","url":"https:\/\/desertretina.com\/","name":"Consultores de Retina del Desierto","description":"","publisher":{"@id":"https:\/\/desertretina.com\/#organization"},"potentialAction":[{"@type":"SearchAction","target":{"@type":"EntryPoint","urlTemplate":"https:\/\/desertretina.com\/?s={search_term_string}"},"query-input":{"@type":"PropertyValueSpecification","valueRequired":true,"valueName":"search_term_string"}}],"inLanguage":"es"},{"@type":"Organization","@id":"https:\/\/desertretina.com\/#organization","name":"Consultores de Retina del Desierto","url":"https:\/\/desertretina.com\/","logo":{"@type":"ImageObject","inLanguage":"es","@id":"https:\/\/desertretina.com\/#\/schema\/logo\/image\/","url":"https:\/\/desertretina.com\/wp-content\/uploads\/DRCLogoColorHorizontal-p-500.png","contentUrl":"https:\/\/desertretina.com\/wp-content\/uploads\/DRCLogoColorHorizontal-p-500.png","width":500,"height":156,"caption":"Desert Retina Consultants"},"image":{"@id":"https:\/\/desertretina.com\/#\/schema\/logo\/image\/"}}]}},"taxonomy_info":[],"featured_image_src_large":false,"author_info":{"display_name":"onur","author_link":"https:\/\/desertretina.com\/es\/author\/onur\/"},"comment_info":0,"_links":{"self":[{"href":"https:\/\/desertretina.com\/es\/wp-json\/wp\/v2\/pages\/317","targetHints":{"allow":["GET"]}}],"collection":[{"href":"https:\/\/desertretina.com\/es\/wp-json\/wp\/v2\/pages"}],"about":[{"href":"https:\/\/desertretina.com\/es\/wp-json\/wp\/v2\/types\/page"}],"author":[{"embeddable":true,"href":"https:\/\/desertretina.com\/es\/wp-json\/wp\/v2\/users\/1"}],"replies":[{"embeddable":true,"href":"https:\/\/desertretina.com\/es\/wp-json\/wp\/v2\/comments?post=317"}],"version-history":[{"count":40,"href":"https:\/\/desertretina.com\/es\/wp-json\/wp\/v2\/pages\/317\/revisions"}],"predecessor-version":[{"id":757,"href":"https:\/\/desertretina.com\/es\/wp-json\/wp\/v2\/pages\/317\/revisions\/757"}],"wp:attachment":[{"href":"https:\/\/desertretina.com\/es\/wp-json\/wp\/v2\/media?parent=317"}],"curies":[{"name":"wp","href":"https:\/\/api.w.org\/{rel}","templated":true}]}}