{"id":1507,"date":"2025-10-15T10:41:20","date_gmt":"2025-10-15T14:41:20","guid":{"rendered":"https:\/\/desertretina.com\/?page_id=1507"},"modified":"2026-01-14T08:54:48","modified_gmt":"2026-01-14T13:54:48","slug":"community-involvement","status":"publish","type":"page","link":"https:\/\/desertretina.com\/es\/about-us\/community-involvement\/","title":{"rendered":"Participaci\u00f3n comunitaria y profesional"},"content":{"rendered":"<p>En&nbsp;<strong>Consultores de Retina del Desierto<\/strong>, Nuestra dedicaci\u00f3n a la excelencia se extiende m\u00e1s all\u00e1 de la atenci\u00f3n al paciente.<\/p>\n\n\n\n<p><br>Participamos activamente en sociedades profesionales, acad\u00e9micas y regionales que fortalecen la oftalmolog\u00eda, promueven la investigaci\u00f3n sobre la retina y mejoran los resultados para los pacientes en todo el sur de California y m\u00e1s all\u00e1.<\/p>\n\n\n\n<hr class=\"wp-block-separator has-alpha-channel-opacity\"\/>\n\n\n\n<h2 class=\"wp-block-heading\"><strong>Colecta de alimentos comunitaria: apoyo a las familias del Valle de Coachella<\/strong><\/h2>\n\n\n\n<p>En\u00a0<strong>Noviembre-diciembre de 2025<\/strong>, <strong>Consultores de Retina del Desierto<\/strong> Los miembros del equipo participaron en una colecta comunitaria de alimentos para apoyar a los vecinos que enfrentan inseguridad alimentaria en el Valle de Coachella. Nos enorgullece colaborar con\u00a0<strong><a href=\"https:\/\/marthasvillage.org\/\">El pueblo y la cocina de Martha<\/a><\/strong>, uno de los mayores proveedores de servicios para personas sin hogar y empobrecidas en el Valle de Coachella y el condado de Riverside, incluido el apoyo alimentario de emergencia a trav\u00e9s de sus servicios de despensa.\u00a0<\/p>\n\n\n\n<ul class=\"wp-block-list\">\n<li>Apoyando el bienestar de la comunidad m\u00e1s all\u00e1 del cuidado de la retina en todo el mundo\u00a0<strong>Valle de Coachella<\/strong><\/li>\n\n\n\n<li>Asociarse con\u00a0<strong><a href=\"https:\/\/marthasvillage.org\/\">El pueblo y la cocina de Martha<\/a><\/strong>\u00a0para ampliar el acceso a la asistencia alimentaria de emergencia y a los recursos\u00a0<\/li>\n\n\n\n<li>Continuamos con los esfuerzos de toda la pr\u00e1ctica que fortalecen las comunidades a las que servimos en el sur de California<\/li>\n<\/ul>\n\n\n\n<hr class=\"wp-block-separator has-alpha-channel-opacity\"\/>\n\n\n\n<h2 class=\"wp-block-heading\"><strong>Liderazgo nacional y afiliaciones profesionales<\/strong><\/h2>\n\n\n\n<p>Nuestros m\u00e9dicos est\u00e1n orgullosos de contribuir a organizaciones que establecen est\u00e1ndares globales de excelencia en oftalmolog\u00eda y cirug\u00eda.<\/p>\n\n\n\n<ul class=\"wp-block-list\">\n<li><strong><a href=\"https:\/\/abop.org\/\">Junta Americana de Oftalmolog\u00eda<\/a><\/strong><\/li>\n\n\n\n<li><strong><a href=\"https:\/\/www.aao.org\/\">Academia Estadounidense de Oftalmolog\u00eda (AAO)<\/a><\/strong><\/li>\n\n\n\n<li><strong><a href=\"https:\/\/www.facs.org\/\">Colegio Americano de Cirujanos<\/a><\/strong><\/li>\n\n\n\n<li><strong><a href=\"https:\/\/www.aslms.org\/\">Sociedad Estadounidense de Medicina y Cirug\u00eda L\u00e1ser (ASLMS)<\/a><\/strong><\/li>\n\n\n\n<li><strong><a href=\"https:\/\/www.aosonline.org\/\">Sociedad Americana de Oftalmolog\u00eda (AOS)<\/a><\/strong><\/li>\n\n\n\n<li><strong><a href=\"https:\/\/www.asrs.org\/\">Sociedad Estadounidense de Especialistas en Retina (ASRS)<\/a><\/strong><\/li>\n<\/ul>\n\n\n\n<h3 class=\"wp-block-heading\"><strong>Sociedades de investigaci\u00f3n y acad\u00e9micas<\/strong><\/h3>\n\n\n\n<ul class=\"wp-block-list\">\n<li><strong><a href=\"https:\/\/www.retinasociety.org\/\">La Sociedad de la Retina<\/a><\/strong><\/li>\n\n\n\n<li><strong><a href=\"https:\/\/www.maculasociety.org\/\">Sociedad de la M\u00e1cula<\/a><\/strong><\/li>\n\n\n\n<li><strong><a href=\"https:\/\/www.clubjulesgonin.com\/member\/index.asp\">Club Jules Gonin<\/a><\/strong><\/li>\n<\/ul>\n\n\n\n<h3 class=\"wp-block-heading\"><strong>Participaci\u00f3n a nivel regional y estatal<\/strong><\/h3>\n\n\n\n<ul class=\"wp-block-list\">\n<li><strong><a href=\"https:\/\/www.caeps.org\/\">Asociaci\u00f3n de Oftalmolog\u00eda de California<\/a><\/strong><\/li>\n\n\n\n<li><strong><a href=\"https:\/\/www.caeps.org\/\">Academia de M\u00e9dicos y Cirujanos Oftalmol\u00f3gicos de California (CAEPS)<\/a><\/strong><\/li>\n\n\n\n<li><strong><a href=\"https:\/\/tricountyeyeinstitute.com\/\">Sociedad Oftalmol\u00f3gica de los Tres Condados<\/a><\/strong><\/li>\n\n\n\n<li><strong><a href=\"https:\/\/retinaroundup.com\/\">Club de Estudio de Retina Occidental (ahora Club de Retina del Pac\u00edfico)<\/a><\/strong><\/li>\n<\/ul>\n\n\n\n<h3 class=\"wp-block-heading\"><strong>Afiliaciones m\u00e9dicas y educativas m\u00e1s amplias<\/strong><\/h3>\n\n\n\n<ul class=\"wp-block-list\">\n<li><strong><a href=\"https:\/\/www.ama-assn.org\/\">Asociaci\u00f3n M\u00e9dica Estadounidense (AMA)<\/a><\/strong><\/li>\n\n\n\n<li><strong><a href=\"https:\/\/www.cmadocs.org\/\">Asociaci\u00f3n M\u00e9dica de California (CMA)<\/a><\/strong><\/li>\n\n\n\n<li><strong><a href=\"https:\/\/csf-cjsf.org\/\">Federaci\u00f3n de Becas de California (CSF)<\/a><\/strong><\/li>\n<\/ul>\n\n\n\n<hr class=\"wp-block-separator has-alpha-channel-opacity\"\/>\n\n\n\n<h2 class=\"wp-block-heading\"><strong>Promover la excelencia mediante la colaboraci\u00f3n<\/strong><\/h2>\n\n\n\n<p>Nuestros profundos v\u00ednculos con estas organizaciones encarnan nuestra creencia de que la mejor atenci\u00f3n al paciente surge del aprendizaje compartido, la colaboraci\u00f3n y el compromiso de la comunidad.<br>Juntos, fortalecemos la oftalmolog\u00eda como campo y mejoramos la vida de los pacientes que nos conf\u00edan su visi\u00f3n.<\/p>\n\n\n\n<p>Para oportunidades de asociaci\u00f3n o m\u00e1s informaci\u00f3n sobre nuestras iniciativas profesionales, por favor&nbsp;<a href=\"https:\/\/desertretina.com\/es\/contact-us\/\">Contacta con nuestro equipo<\/a>.<\/p>\n\n\n\n<div class=\"wp-block-buttons is-layout-flex wp-block-buttons-is-layout-flex\">\n<div class=\"wp-block-button\"><a class=\"wp-block-button__link wp-element-button\" href=\"https:\/\/desertretina.com\/es\/news\/\">Lea nuestros blogs<\/a><\/div>\n\n\n\n<div class=\"wp-block-button\"><a class=\"wp-block-button__link wp-element-button\" href=\"https:\/\/desertretina.com\/es\/request-an-appointment\/\">Reservar cita<\/a><\/div>\n\n\n\n<div class=\"wp-block-button\"><a class=\"wp-block-button__link wp-element-button\" href=\"https:\/\/desertretina.com\/es\/about-us\/testimonials\/\">Rese\u00f1as de pacientes<\/a><\/div>\n<\/div>\n\n\n\n<p><\/p>","protected":false},"excerpt":{"rendered":"<p>At&nbsp;Desert Retina Consultants, our dedication to excellence extends beyond patient care. We actively participate in professional, academic, and regional societies that strengthen ophthalmology, advance retinal research, and improve outcomes for patients throughout Southern California and beyond. Community Food Drive: Supporting Coachella Valley Families In\u00a0November\u2013December 2025, Desert Retina Consultants team members participated in a community food [&hellip;]<\/p>\n","protected":false},"author":8,"featured_media":0,"parent":48,"menu_order":0,"comment_status":"closed","ping_status":"closed","template":"","meta":{"_acf_changed":false,"_kad_blocks_custom_css":"","_kad_blocks_head_custom_js":"","_kad_blocks_body_custom_js":"","_kad_blocks_footer_custom_js":"","footnotes":""},"class_list":["post-1507","page","type-page","status-publish","hentry"],"acf":[],"yoast_head":"<!-- This site is optimized with the Yoast SEO plugin v27.4 - https:\/\/yoast.com\/product\/yoast-seo-wordpress\/ -->\n<title>Community Involvement \u2013 Desert Retina Consultants<\/title>\n<meta name=\"description\" content=\"Desert Retina Consultants supports national and regional ophthalmology societies advancing retinal care, surgery, and patient education.\" \/>\n<meta name=\"robots\" content=\"index, follow, max-snippet:-1, max-image-preview:large, max-video-preview:-1\" \/>\n<link rel=\"canonical\" href=\"https:\/\/desertretina.com\/es\/about-us\/community-involvement\/\" \/>\n<meta property=\"og:locale\" content=\"es_MX\" \/>\n<meta property=\"og:type\" content=\"article\" \/>\n<meta property=\"og:title\" content=\"Community Involvement \u2013 Desert Retina Consultants\" \/>\n<meta property=\"og:description\" content=\"Desert Retina Consultants supports national and regional ophthalmology societies advancing retinal care, surgery, and patient education.\" \/>\n<meta property=\"og:url\" content=\"https:\/\/desertretina.com\/es\/about-us\/community-involvement\/\" \/>\n<meta property=\"og:site_name\" content=\"Desert Retina Consultants\" \/>\n<meta property=\"article:modified_time\" content=\"2026-01-14T13:54:48+00:00\" \/>\n<meta name=\"twitter:card\" content=\"summary_large_image\" \/>\n<meta name=\"twitter:label1\" content=\"Tiempo de lectura\" \/>\n\t<meta name=\"twitter:data1\" content=\"2 minutos\" \/>\n<script type=\"application\/ld+json\" class=\"yoast-schema-graph\">{\"@context\":\"https:\\\/\\\/schema.org\",\"@graph\":[{\"@type\":\"WebPage\",\"@id\":\"https:\\\/\\\/desertretina.com\\\/about-us\\\/community-involvement\\\/\",\"url\":\"https:\\\/\\\/desertretina.com\\\/about-us\\\/community-involvement\\\/\",\"name\":\"Community Involvement \u2013 Desert Retina Consultants\",\"isPartOf\":{\"@id\":\"https:\\\/\\\/desertretina.com\\\/#website\"},\"datePublished\":\"2025-10-15T14:41:20+00:00\",\"dateModified\":\"2026-01-14T13:54:48+00:00\",\"description\":\"Desert Retina Consultants supports national and regional ophthalmology societies advancing retinal care, surgery, and patient education.\",\"breadcrumb\":{\"@id\":\"https:\\\/\\\/desertretina.com\\\/about-us\\\/community-involvement\\\/#breadcrumb\"},\"inLanguage\":\"es\",\"potentialAction\":[{\"@type\":\"ReadAction\",\"target\":[\"https:\\\/\\\/desertretina.com\\\/about-us\\\/community-involvement\\\/\"]}]},{\"@type\":\"BreadcrumbList\",\"@id\":\"https:\\\/\\\/desertretina.com\\\/about-us\\\/community-involvement\\\/#breadcrumb\",\"itemListElement\":[{\"@type\":\"ListItem\",\"position\":1,\"name\":\"Home\",\"item\":\"https:\\\/\\\/desertretina.com\\\/\"},{\"@type\":\"ListItem\",\"position\":2,\"name\":\"About Us\",\"item\":\"https:\\\/\\\/desertretina.com\\\/about-us\\\/\"},{\"@type\":\"ListItem\",\"position\":3,\"name\":\"Community &amp; Professional Involvement\"}]},{\"@type\":\"WebSite\",\"@id\":\"https:\\\/\\\/desertretina.com\\\/#website\",\"url\":\"https:\\\/\\\/desertretina.com\\\/\",\"name\":\"Desert Retina Consultants\",\"description\":\"\",\"publisher\":{\"@id\":\"https:\\\/\\\/desertretina.com\\\/#organization\"},\"potentialAction\":[{\"@type\":\"SearchAction\",\"target\":{\"@type\":\"EntryPoint\",\"urlTemplate\":\"https:\\\/\\\/desertretina.com\\\/?s={search_term_string}\"},\"query-input\":{\"@type\":\"PropertyValueSpecification\",\"valueRequired\":true,\"valueName\":\"search_term_string\"}}],\"inLanguage\":\"es\"},{\"@type\":\"Organization\",\"@id\":\"https:\\\/\\\/desertretina.com\\\/#organization\",\"name\":\"Desert Retina Consultants\",\"url\":\"https:\\\/\\\/desertretina.com\\\/\",\"logo\":{\"@type\":\"ImageObject\",\"inLanguage\":\"es\",\"@id\":\"https:\\\/\\\/desertretina.com\\\/#\\\/schema\\\/logo\\\/image\\\/\",\"url\":\"https:\\\/\\\/desertretina.com\\\/wp-content\\\/uploads\\\/DRCLogoColorHorizontal-p-500.png\",\"contentUrl\":\"https:\\\/\\\/desertretina.com\\\/wp-content\\\/uploads\\\/DRCLogoColorHorizontal-p-500.png\",\"width\":500,\"height\":156,\"caption\":\"Desert Retina Consultants\"},\"image\":{\"@id\":\"https:\\\/\\\/desertretina.com\\\/#\\\/schema\\\/logo\\\/image\\\/\"}}]}<\/script>\n<!-- \/ Yoast SEO plugin. -->","yoast_head_json":{"title":"Participaci\u00f3n comunitaria \u2013 Consultores de retina del desierto","description":"Desert Retina Consultants apoya a las sociedades oftalmol\u00f3gicas nacionales y regionales que promueven la atenci\u00f3n, la cirug\u00eda y la educaci\u00f3n del paciente en el campo de la retina.","robots":{"index":"index","follow":"follow","max-snippet":"max-snippet:-1","max-image-preview":"max-image-preview:large","max-video-preview":"max-video-preview:-1"},"canonical":"https:\/\/desertretina.com\/es\/about-us\/community-involvement\/","og_locale":"es_MX","og_type":"article","og_title":"Community Involvement \u2013 Desert Retina Consultants","og_description":"Desert Retina Consultants supports national and regional ophthalmology societies advancing retinal care, surgery, and patient education.","og_url":"https:\/\/desertretina.com\/es\/about-us\/community-involvement\/","og_site_name":"Desert Retina Consultants","article_modified_time":"2026-01-14T13:54:48+00:00","twitter_card":"summary_large_image","twitter_misc":{"Tiempo de lectura":"2 minutos"},"schema":{"@context":"https:\/\/schema.org","@graph":[{"@type":"WebPage","@id":"https:\/\/desertretina.com\/about-us\/community-involvement\/","url":"https:\/\/desertretina.com\/about-us\/community-involvement\/","name":"Participaci\u00f3n comunitaria \u2013 Consultores de retina del desierto","isPartOf":{"@id":"https:\/\/desertretina.com\/#website"},"datePublished":"2025-10-15T14:41:20+00:00","dateModified":"2026-01-14T13:54:48+00:00","description":"Desert Retina Consultants apoya a las sociedades oftalmol\u00f3gicas nacionales y regionales que promueven la atenci\u00f3n, la cirug\u00eda y la educaci\u00f3n del paciente en el campo de la retina.","breadcrumb":{"@id":"https:\/\/desertretina.com\/about-us\/community-involvement\/#breadcrumb"},"inLanguage":"es","potentialAction":[{"@type":"ReadAction","target":["https:\/\/desertretina.com\/about-us\/community-involvement\/"]}]},{"@type":"BreadcrumbList","@id":"https:\/\/desertretina.com\/about-us\/community-involvement\/#breadcrumb","itemListElement":[{"@type":"ListItem","position":1,"name":"Home","item":"https:\/\/desertretina.com\/"},{"@type":"ListItem","position":2,"name":"About Us","item":"https:\/\/desertretina.com\/about-us\/"},{"@type":"ListItem","position":3,"name":"Community &amp; Professional Involvement"}]},{"@type":"WebSite","@id":"https:\/\/desertretina.com\/#website","url":"https:\/\/desertretina.com\/","name":"Consultores de Retina del Desierto","description":"","publisher":{"@id":"https:\/\/desertretina.com\/#organization"},"potentialAction":[{"@type":"SearchAction","target":{"@type":"EntryPoint","urlTemplate":"https:\/\/desertretina.com\/?s={search_term_string}"},"query-input":{"@type":"PropertyValueSpecification","valueRequired":true,"valueName":"search_term_string"}}],"inLanguage":"es"},{"@type":"Organization","@id":"https:\/\/desertretina.com\/#organization","name":"Consultores de Retina del Desierto","url":"https:\/\/desertretina.com\/","logo":{"@type":"ImageObject","inLanguage":"es","@id":"https:\/\/desertretina.com\/#\/schema\/logo\/image\/","url":"https:\/\/desertretina.com\/wp-content\/uploads\/DRCLogoColorHorizontal-p-500.png","contentUrl":"https:\/\/desertretina.com\/wp-content\/uploads\/DRCLogoColorHorizontal-p-500.png","width":500,"height":156,"caption":"Desert Retina Consultants"},"image":{"@id":"https:\/\/desertretina.com\/#\/schema\/logo\/image\/"}}]}},"taxonomy_info":[],"featured_image_src_large":false,"author_info":{"display_name":"Becky.Lowe@uvpeye.com","author_link":"https:\/\/desertretina.com\/es\/author\/becky-loweuvpeye-com\/"},"comment_info":0,"_links":{"self":[{"href":"https:\/\/desertretina.com\/es\/wp-json\/wp\/v2\/pages\/1507","targetHints":{"allow":["GET"]}}],"collection":[{"href":"https:\/\/desertretina.com\/es\/wp-json\/wp\/v2\/pages"}],"about":[{"href":"https:\/\/desertretina.com\/es\/wp-json\/wp\/v2\/types\/page"}],"author":[{"embeddable":true,"href":"https:\/\/desertretina.com\/es\/wp-json\/wp\/v2\/users\/8"}],"replies":[{"embeddable":true,"href":"https:\/\/desertretina.com\/es\/wp-json\/wp\/v2\/comments?post=1507"}],"version-history":[{"count":5,"href":"https:\/\/desertretina.com\/es\/wp-json\/wp\/v2\/pages\/1507\/revisions"}],"predecessor-version":[{"id":1578,"href":"https:\/\/desertretina.com\/es\/wp-json\/wp\/v2\/pages\/1507\/revisions\/1578"}],"up":[{"embeddable":true,"href":"https:\/\/desertretina.com\/es\/wp-json\/wp\/v2\/pages\/48"}],"wp:attachment":[{"href":"https:\/\/desertretina.com\/es\/wp-json\/wp\/v2\/media?parent=1507"}],"curies":[{"name":"wp","href":"https:\/\/api.w.org\/{rel}","templated":true}]}}