{"id":15,"date":"2022-07-21T13:55:56","date_gmt":"2022-07-21T13:55:56","guid":{"rendered":"http:\/\/demo.desertretina.com.php73-37.phx1-1.websitetestlink.com\/accessibility-disclaimer\/"},"modified":"2022-10-31T14:51:44","modified_gmt":"2022-10-31T18:51:44","slug":"accessibility-disclaimer","status":"publish","type":"page","link":"https:\/\/desertretina.com\/es\/accessibility-disclaimer\/","title":{"rendered":"Aviso de accesibilidad"},"content":{"rendered":"<p><strong>Consultores de Retina del Desierto (desertretina.com)<\/strong>\u00a0est\u00e1 haciendo todo lo posible para garantizar que la informaci\u00f3n disponible en nuestro sitio web sea accesible para todos.\u00a0<strong>Consultores de Retina del Desierto<\/strong>\u00a0se esfuerza por cumplir con la Secci\u00f3n 508 y WCAG 2.0.<\/p>\n\n\n\n<h2 class=\"wp-block-heading\">Informaci\u00f3n de contacto para problemas de accesibilidad<\/h2>\n\n\n\n<p>Si experimenta alguna dificultad para acceder al contenido del <strong>Consultores de Retina del Desierto<\/strong> sitio web, por favor <a href=\"https:\/\/desertretina.com\/es\/contact-us\/\">Cont\u00e1ctanos<\/a> y haremos todo lo posible para ayudarle.<\/p>\n\n\n\n<h2 class=\"wp-block-heading\">Aseg\u00farese de incluir lo siguiente en su correo electr\u00f3nico:<\/h2>\n\n\n\n<ul class=\"wp-block-list\"><li>Tu nombre completo.<\/li><li>Su n\u00famero de tel\u00e9fono y direcci\u00f3n de correo electr\u00f3nico.<\/li><li>La direcci\u00f3n web (URL) de la p\u00e1gina web a la que tiene problemas para acceder.<\/li><li>Describa detalladamente los problemas de accesibilidad que tiene con la p\u00e1gina web. Si utiliza tecnolog\u00eda de asistencia para acceder a la p\u00e1gina web, ind\u00edquenos qu\u00e9 tecnolog\u00eda utiliza y c\u00f3mo la utiliza. Esto nos permitir\u00e1 intentar replicar su problema.<br><\/li><\/ul>\n\n\n\n<h2 class=\"wp-block-heading\">Enlaces a sitios web externos o de terceros<\/h2>\n\n\n\n<p><strong>Consultores de Retina del Desierto<\/strong> no es responsable de la accesibilidad del contenido de sitios externos vinculados desde\u00a0<strong>desertretina.com<\/strong>.<\/p>\n\n\n\n<p>Hay recursos de accesibilidad y asistencia adicionales disponibles en&nbsp;<a href=\"https:\/\/ada.gov\/\" target=\"_blank\" title=\"Visite ada.gov para obtener m\u00e1s ayuda - Se abre en una nueva pesta\u00f1a\" rel=\"noreferrer noopener\">ADA.gov<\/a>.<\/p>","protected":false},"excerpt":{"rendered":"<p>Desert Retina Consultants (desertretina.com)\u00a0is making every effort to ensure that the information available on our website is accessible to all.\u00a0Desert Retina Consultants\u00a0is striving for Section 508 and WCAG 2.0 compliance. Contact Information for Accessibility Issues If you experience any difficulty in accessing content on the Desert Retina Consultants website, please contact us and we will [&hellip;]<\/p>\n","protected":false},"author":1,"featured_media":0,"parent":0,"menu_order":5,"comment_status":"closed","ping_status":"closed","template":"","meta":{"_acf_changed":false,"_kad_blocks_custom_css":"","_kad_blocks_head_custom_js":"","_kad_blocks_body_custom_js":"","_kad_blocks_footer_custom_js":"","footnotes":""},"class_list":["post-15","page","type-page","status-publish","hentry"],"acf":[],"yoast_head":"<!-- This site is optimized with the Yoast SEO plugin v27.4 - https:\/\/yoast.com\/product\/yoast-seo-wordpress\/ -->\n<title>Accessibility Disclaimer | Desert Retina Consultants Palm Desert<\/title>\n<meta name=\"description\" content=\"Desert Retina Consultants\u00a0is making every effort to ensure that the information available on our website is accessible to all. Read more\" \/>\n<meta name=\"robots\" content=\"index, follow, max-snippet:-1, max-image-preview:large, max-video-preview:-1\" \/>\n<link rel=\"canonical\" href=\"https:\/\/desertretina.com\/es\/accessibility-disclaimer\/\" \/>\n<meta property=\"og:locale\" content=\"es_MX\" \/>\n<meta property=\"og:type\" content=\"article\" \/>\n<meta property=\"og:title\" content=\"Accessibility Disclaimer | Desert Retina Consultants Palm Desert\" \/>\n<meta property=\"og:description\" content=\"Desert Retina Consultants\u00a0is making every effort to ensure that the information available on our website is accessible to all. Read more\" \/>\n<meta property=\"og:url\" content=\"https:\/\/desertretina.com\/es\/accessibility-disclaimer\/\" \/>\n<meta property=\"og:site_name\" content=\"Desert Retina Consultants\" \/>\n<meta property=\"article:modified_time\" content=\"2022-10-31T18:51:44+00:00\" \/>\n<meta name=\"twitter:card\" content=\"summary_large_image\" \/>\n<meta name=\"twitter:label1\" content=\"Tiempo de lectura\" \/>\n\t<meta name=\"twitter:data1\" content=\"1 minuto\" \/>\n<script type=\"application\/ld+json\" class=\"yoast-schema-graph\">{\"@context\":\"https:\\\/\\\/schema.org\",\"@graph\":[{\"@type\":\"WebPage\",\"@id\":\"https:\\\/\\\/desertretina.com\\\/accessibility-disclaimer\\\/\",\"url\":\"https:\\\/\\\/desertretina.com\\\/accessibility-disclaimer\\\/\",\"name\":\"Accessibility Disclaimer | Desert Retina Consultants Palm Desert\",\"isPartOf\":{\"@id\":\"https:\\\/\\\/desertretina.com\\\/#website\"},\"datePublished\":\"2022-07-21T13:55:56+00:00\",\"dateModified\":\"2022-10-31T18:51:44+00:00\",\"description\":\"Desert Retina Consultants\u00a0is making every effort to ensure that the information available on our website is accessible to all. Read more\",\"breadcrumb\":{\"@id\":\"https:\\\/\\\/desertretina.com\\\/accessibility-disclaimer\\\/#breadcrumb\"},\"inLanguage\":\"es\",\"potentialAction\":[{\"@type\":\"ReadAction\",\"target\":[\"https:\\\/\\\/desertretina.com\\\/accessibility-disclaimer\\\/\"]}]},{\"@type\":\"BreadcrumbList\",\"@id\":\"https:\\\/\\\/desertretina.com\\\/accessibility-disclaimer\\\/#breadcrumb\",\"itemListElement\":[{\"@type\":\"ListItem\",\"position\":1,\"name\":\"Home\",\"item\":\"https:\\\/\\\/desertretina.com\\\/\"},{\"@type\":\"ListItem\",\"position\":2,\"name\":\"Accessibility Disclaimer\"}]},{\"@type\":\"WebSite\",\"@id\":\"https:\\\/\\\/desertretina.com\\\/#website\",\"url\":\"https:\\\/\\\/desertretina.com\\\/\",\"name\":\"Desert Retina Consultants\",\"description\":\"\",\"publisher\":{\"@id\":\"https:\\\/\\\/desertretina.com\\\/#organization\"},\"potentialAction\":[{\"@type\":\"SearchAction\",\"target\":{\"@type\":\"EntryPoint\",\"urlTemplate\":\"https:\\\/\\\/desertretina.com\\\/?s={search_term_string}\"},\"query-input\":{\"@type\":\"PropertyValueSpecification\",\"valueRequired\":true,\"valueName\":\"search_term_string\"}}],\"inLanguage\":\"es\"},{\"@type\":\"Organization\",\"@id\":\"https:\\\/\\\/desertretina.com\\\/#organization\",\"name\":\"Desert Retina Consultants\",\"url\":\"https:\\\/\\\/desertretina.com\\\/\",\"logo\":{\"@type\":\"ImageObject\",\"inLanguage\":\"es\",\"@id\":\"https:\\\/\\\/desertretina.com\\\/#\\\/schema\\\/logo\\\/image\\\/\",\"url\":\"https:\\\/\\\/desertretina.com\\\/wp-content\\\/uploads\\\/DRCLogoColorHorizontal-p-500.png\",\"contentUrl\":\"https:\\\/\\\/desertretina.com\\\/wp-content\\\/uploads\\\/DRCLogoColorHorizontal-p-500.png\",\"width\":500,\"height\":156,\"caption\":\"Desert Retina Consultants\"},\"image\":{\"@id\":\"https:\\\/\\\/desertretina.com\\\/#\\\/schema\\\/logo\\\/image\\\/\"}}]}<\/script>\n<!-- \/ Yoast SEO plugin. -->","yoast_head_json":{"title":"Aviso legal sobre accesibilidad | Desert Retina Consultants Palm Desert","description":"Desert Retina Consultants se esfuerza al m\u00e1ximo para garantizar que la informaci\u00f3n disponible en nuestro sitio web sea accesible para todos. Leer m\u00e1s","robots":{"index":"index","follow":"follow","max-snippet":"max-snippet:-1","max-image-preview":"max-image-preview:large","max-video-preview":"max-video-preview:-1"},"canonical":"https:\/\/desertretina.com\/es\/accessibility-disclaimer\/","og_locale":"es_MX","og_type":"article","og_title":"Accessibility Disclaimer | Desert Retina Consultants Palm Desert","og_description":"Desert Retina Consultants\u00a0is making every effort to ensure that the information available on our website is accessible to all. Read more","og_url":"https:\/\/desertretina.com\/es\/accessibility-disclaimer\/","og_site_name":"Desert Retina Consultants","article_modified_time":"2022-10-31T18:51:44+00:00","twitter_card":"summary_large_image","twitter_misc":{"Tiempo de lectura":"1 minuto"},"schema":{"@context":"https:\/\/schema.org","@graph":[{"@type":"WebPage","@id":"https:\/\/desertretina.com\/accessibility-disclaimer\/","url":"https:\/\/desertretina.com\/accessibility-disclaimer\/","name":"Aviso legal sobre accesibilidad | Desert Retina Consultants Palm Desert","isPartOf":{"@id":"https:\/\/desertretina.com\/#website"},"datePublished":"2022-07-21T13:55:56+00:00","dateModified":"2022-10-31T18:51:44+00:00","description":"Desert Retina Consultants se esfuerza al m\u00e1ximo para garantizar que la informaci\u00f3n disponible en nuestro sitio web sea accesible para todos. Leer m\u00e1s","breadcrumb":{"@id":"https:\/\/desertretina.com\/accessibility-disclaimer\/#breadcrumb"},"inLanguage":"es","potentialAction":[{"@type":"ReadAction","target":["https:\/\/desertretina.com\/accessibility-disclaimer\/"]}]},{"@type":"BreadcrumbList","@id":"https:\/\/desertretina.com\/accessibility-disclaimer\/#breadcrumb","itemListElement":[{"@type":"ListItem","position":1,"name":"Home","item":"https:\/\/desertretina.com\/"},{"@type":"ListItem","position":2,"name":"Accessibility Disclaimer"}]},{"@type":"WebSite","@id":"https:\/\/desertretina.com\/#website","url":"https:\/\/desertretina.com\/","name":"Consultores de Retina del Desierto","description":"","publisher":{"@id":"https:\/\/desertretina.com\/#organization"},"potentialAction":[{"@type":"SearchAction","target":{"@type":"EntryPoint","urlTemplate":"https:\/\/desertretina.com\/?s={search_term_string}"},"query-input":{"@type":"PropertyValueSpecification","valueRequired":true,"valueName":"search_term_string"}}],"inLanguage":"es"},{"@type":"Organization","@id":"https:\/\/desertretina.com\/#organization","name":"Consultores de Retina del Desierto","url":"https:\/\/desertretina.com\/","logo":{"@type":"ImageObject","inLanguage":"es","@id":"https:\/\/desertretina.com\/#\/schema\/logo\/image\/","url":"https:\/\/desertretina.com\/wp-content\/uploads\/DRCLogoColorHorizontal-p-500.png","contentUrl":"https:\/\/desertretina.com\/wp-content\/uploads\/DRCLogoColorHorizontal-p-500.png","width":500,"height":156,"caption":"Desert Retina Consultants"},"image":{"@id":"https:\/\/desertretina.com\/#\/schema\/logo\/image\/"}}]}},"taxonomy_info":[],"featured_image_src_large":false,"author_info":{"display_name":"onur","author_link":"https:\/\/desertretina.com\/es\/author\/onur\/"},"comment_info":0,"_links":{"self":[{"href":"https:\/\/desertretina.com\/es\/wp-json\/wp\/v2\/pages\/15","targetHints":{"allow":["GET"]}}],"collection":[{"href":"https:\/\/desertretina.com\/es\/wp-json\/wp\/v2\/pages"}],"about":[{"href":"https:\/\/desertretina.com\/es\/wp-json\/wp\/v2\/types\/page"}],"author":[{"embeddable":true,"href":"https:\/\/desertretina.com\/es\/wp-json\/wp\/v2\/users\/1"}],"replies":[{"embeddable":true,"href":"https:\/\/desertretina.com\/es\/wp-json\/wp\/v2\/comments?post=15"}],"version-history":[{"count":3,"href":"https:\/\/desertretina.com\/es\/wp-json\/wp\/v2\/pages\/15\/revisions"}],"predecessor-version":[{"id":829,"href":"https:\/\/desertretina.com\/es\/wp-json\/wp\/v2\/pages\/15\/revisions\/829"}],"wp:attachment":[{"href":"https:\/\/desertretina.com\/es\/wp-json\/wp\/v2\/media?parent=15"}],"curies":[{"name":"wp","href":"https:\/\/api.w.org\/{rel}","templated":true}]}}