{"id":1420,"date":"2025-07-22T09:17:40","date_gmt":"2025-07-22T13:17:40","guid":{"rendered":"https:\/\/desertretina.com\/?page_id=1420"},"modified":"2026-03-27T09:11:35","modified_gmt":"2026-03-27T13:11:35","slug":"in_the_news","status":"publish","type":"page","link":"https:\/\/desertretina.com\/es\/in_the_news\/","title":{"rendered":"En las noticias"},"content":{"rendered":"<blockquote class=\"wp-block-quote is-layout-flow wp-block-quote-is-layout-flow\">\n<p>Nos enorgullece anunciar que <strong><a href=\"https:\/\/desertretina.com\/es\/doctors\/clement-k-chan-m-d-f-a-c-s\/\" type=\"doctors\" id=\"79\">Dr. Clement K. Chan<\/a><\/strong> ha sido nombrado para el <strong><a href=\"https:\/\/journals.lww.com\/retinajournal\/pages\/default.aspx\">Consejo Editorial de <em>RETINA: Revista de Enfermedades de la Retina y el V\u00edtreo<\/em><\/a><\/strong>, una de las publicaciones revisadas por pares m\u00e1s prestigiosas en el cuidado de la retina. <\/p>\n\n\n\n<p>El Dr. Chan comparti\u00f3: <em>\u201cLa investigaci\u00f3n cl\u00ednica y su publicaci\u00f3n siguen siendo un componente fundamental de nuestra pr\u00e1ctica cl\u00ednica, beneficiando directamente a los pacientes que atendemos con los conocimientos y la tecnolog\u00eda m\u00e1s recientes. Me siento honrado de formar parte del consejo editorial de RETINA, una revista cient\u00edfica de referencia en el campo de la retina, lo que me brinda la oportunidad de seguir mejorando este proceso.\u201d<\/em><\/p>\n<\/blockquote>\n\n\n\n<blockquote class=\"wp-block-quote is-layout-flow wp-block-quote-is-layout-flow\">\n<p>Nos sentimos honrados de anunciar que\u00a0<strong><a href=\"https:\/\/desertretina.com\/es\/doctors\/clement-k-chan-m-d-f-a-c-s\/\" type=\"doctors\" id=\"79\">Dr. Clement<\/a><\/strong>\u00a0y\u00a0<strong><a href=\"https:\/\/desertretina.com\/es\/doctors\/steven-g-lin-m-d\/\" type=\"doctors\" id=\"88\">Dr. Steven<\/a><\/strong>\u00a0de Desert Retina Consultants han sido nombrados entre los\u00a0<strong>Los mejores m\u00e9dicos 2025 en el Valle de Coachella<\/strong>, como lo reconoce\u00a0<em>Revista Palm Springs Life<\/em>. Este prestigioso galard\u00f3n destaca sus destacadas contribuciones al campo del cuidado de la retina y su inquebrantable dedicaci\u00f3n al bienestar del paciente. <a href=\"https:\/\/www.palmspringslife.com\/wellness\/top-doctors\/top-doctors-2025\/\">Ver la lista completa<\/a><\/p>\n<\/blockquote>","protected":false},"excerpt":{"rendered":"<p>We are proud to announce that Dr. Clement K. Chan has been appointed to the Editorial Board of RETINA: The Journal of Retinal and Vitreous Diseases, one of the most prestigious peer-reviewed publications in retina care. Dr. Chan shared: &#8220;Clinical research and publication remain a core component of our clinical practice, directly benefiting the patients [&hellip;]<\/p>\n","protected":false},"author":8,"featured_media":0,"parent":0,"menu_order":0,"comment_status":"closed","ping_status":"closed","template":"","meta":{"_acf_changed":false,"_kad_blocks_custom_css":"","_kad_blocks_head_custom_js":"","_kad_blocks_body_custom_js":"","_kad_blocks_footer_custom_js":"","footnotes":""},"class_list":["post-1420","page","type-page","status-publish","hentry"],"acf":[],"yoast_head":"<!-- This site is optimized with the Yoast SEO plugin v27.4 - https:\/\/yoast.com\/product\/yoast-seo-wordpress\/ -->\n<title>In the News | Desert Retina Consultants<\/title>\n<meta name=\"description\" content=\"Get the latest news and find out what&#039;s going on at Desert Retina Consultants serving patients in Riverside, Palm Springs, and Palm Desert.\" \/>\n<meta name=\"robots\" content=\"index, follow, max-snippet:-1, max-image-preview:large, max-video-preview:-1\" \/>\n<link rel=\"canonical\" href=\"https:\/\/desertretina.com\/es\/in_the_news\/\" \/>\n<meta property=\"og:locale\" content=\"es_MX\" \/>\n<meta property=\"og:type\" content=\"article\" \/>\n<meta property=\"og:title\" content=\"In the News | Desert Retina Consultants\" \/>\n<meta property=\"og:description\" content=\"Get the latest news and find out what&#039;s going on at Desert Retina Consultants serving patients in Riverside, Palm Springs, and Palm Desert.\" \/>\n<meta property=\"og:url\" content=\"https:\/\/desertretina.com\/es\/in_the_news\/\" \/>\n<meta property=\"og:site_name\" content=\"Desert Retina Consultants\" \/>\n<meta property=\"article:modified_time\" content=\"2026-03-27T13:11:35+00:00\" \/>\n<meta name=\"twitter:card\" content=\"summary_large_image\" \/>\n<script type=\"application\/ld+json\" class=\"yoast-schema-graph\">{\"@context\":\"https:\\\/\\\/schema.org\",\"@graph\":[{\"@type\":\"WebPage\",\"@id\":\"https:\\\/\\\/desertretina.com\\\/in_the_news\\\/\",\"url\":\"https:\\\/\\\/desertretina.com\\\/in_the_news\\\/\",\"name\":\"In the News | Desert Retina Consultants\",\"isPartOf\":{\"@id\":\"https:\\\/\\\/desertretina.com\\\/#website\"},\"datePublished\":\"2025-07-22T13:17:40+00:00\",\"dateModified\":\"2026-03-27T13:11:35+00:00\",\"description\":\"Get the latest news and find out what's going on at Desert Retina Consultants serving patients in Riverside, Palm Springs, and Palm Desert.\",\"breadcrumb\":{\"@id\":\"https:\\\/\\\/desertretina.com\\\/in_the_news\\\/#breadcrumb\"},\"inLanguage\":\"es\",\"potentialAction\":[{\"@type\":\"ReadAction\",\"target\":[\"https:\\\/\\\/desertretina.com\\\/in_the_news\\\/\"]}]},{\"@type\":\"BreadcrumbList\",\"@id\":\"https:\\\/\\\/desertretina.com\\\/in_the_news\\\/#breadcrumb\",\"itemListElement\":[{\"@type\":\"ListItem\",\"position\":1,\"name\":\"Home\",\"item\":\"https:\\\/\\\/desertretina.com\\\/\"},{\"@type\":\"ListItem\",\"position\":2,\"name\":\"In the News\"}]},{\"@type\":\"WebSite\",\"@id\":\"https:\\\/\\\/desertretina.com\\\/#website\",\"url\":\"https:\\\/\\\/desertretina.com\\\/\",\"name\":\"Desert Retina Consultants\",\"description\":\"\",\"publisher\":{\"@id\":\"https:\\\/\\\/desertretina.com\\\/#organization\"},\"potentialAction\":[{\"@type\":\"SearchAction\",\"target\":{\"@type\":\"EntryPoint\",\"urlTemplate\":\"https:\\\/\\\/desertretina.com\\\/?s={search_term_string}\"},\"query-input\":{\"@type\":\"PropertyValueSpecification\",\"valueRequired\":true,\"valueName\":\"search_term_string\"}}],\"inLanguage\":\"es\"},{\"@type\":\"Organization\",\"@id\":\"https:\\\/\\\/desertretina.com\\\/#organization\",\"name\":\"Desert Retina Consultants\",\"url\":\"https:\\\/\\\/desertretina.com\\\/\",\"logo\":{\"@type\":\"ImageObject\",\"inLanguage\":\"es\",\"@id\":\"https:\\\/\\\/desertretina.com\\\/#\\\/schema\\\/logo\\\/image\\\/\",\"url\":\"https:\\\/\\\/desertretina.com\\\/wp-content\\\/uploads\\\/DRCLogoColorHorizontal-p-500.png\",\"contentUrl\":\"https:\\\/\\\/desertretina.com\\\/wp-content\\\/uploads\\\/DRCLogoColorHorizontal-p-500.png\",\"width\":500,\"height\":156,\"caption\":\"Desert Retina Consultants\"},\"image\":{\"@id\":\"https:\\\/\\\/desertretina.com\\\/#\\\/schema\\\/logo\\\/image\\\/\"}}]}<\/script>\n<!-- \/ Yoast SEO plugin. -->","yoast_head_json":{"title":"En las noticias | Consultores de retina del desierto","description":"Ent\u00e9rese de las \u00faltimas noticias y descubra qu\u00e9 est\u00e1 sucediendo en Desert Retina Consultants, que atiende a pacientes en Riverside, Palm Springs y Palm Desert.","robots":{"index":"index","follow":"follow","max-snippet":"max-snippet:-1","max-image-preview":"max-image-preview:large","max-video-preview":"max-video-preview:-1"},"canonical":"https:\/\/desertretina.com\/es\/in_the_news\/","og_locale":"es_MX","og_type":"article","og_title":"In the News | Desert Retina Consultants","og_description":"Get the latest news and find out what's going on at Desert Retina Consultants serving patients in Riverside, Palm Springs, and Palm Desert.","og_url":"https:\/\/desertretina.com\/es\/in_the_news\/","og_site_name":"Desert Retina Consultants","article_modified_time":"2026-03-27T13:11:35+00:00","twitter_card":"summary_large_image","schema":{"@context":"https:\/\/schema.org","@graph":[{"@type":"WebPage","@id":"https:\/\/desertretina.com\/in_the_news\/","url":"https:\/\/desertretina.com\/in_the_news\/","name":"En las noticias | Consultores de retina del desierto","isPartOf":{"@id":"https:\/\/desertretina.com\/#website"},"datePublished":"2025-07-22T13:17:40+00:00","dateModified":"2026-03-27T13:11:35+00:00","description":"Ent\u00e9rese de las \u00faltimas noticias y descubra qu\u00e9 est\u00e1 sucediendo en Desert Retina Consultants, que atiende a pacientes en Riverside, Palm Springs y Palm Desert.","breadcrumb":{"@id":"https:\/\/desertretina.com\/in_the_news\/#breadcrumb"},"inLanguage":"es","potentialAction":[{"@type":"ReadAction","target":["https:\/\/desertretina.com\/in_the_news\/"]}]},{"@type":"BreadcrumbList","@id":"https:\/\/desertretina.com\/in_the_news\/#breadcrumb","itemListElement":[{"@type":"ListItem","position":1,"name":"Home","item":"https:\/\/desertretina.com\/"},{"@type":"ListItem","position":2,"name":"In the News"}]},{"@type":"WebSite","@id":"https:\/\/desertretina.com\/#website","url":"https:\/\/desertretina.com\/","name":"Consultores de Retina del Desierto","description":"","publisher":{"@id":"https:\/\/desertretina.com\/#organization"},"potentialAction":[{"@type":"SearchAction","target":{"@type":"EntryPoint","urlTemplate":"https:\/\/desertretina.com\/?s={search_term_string}"},"query-input":{"@type":"PropertyValueSpecification","valueRequired":true,"valueName":"search_term_string"}}],"inLanguage":"es"},{"@type":"Organization","@id":"https:\/\/desertretina.com\/#organization","name":"Consultores de Retina del Desierto","url":"https:\/\/desertretina.com\/","logo":{"@type":"ImageObject","inLanguage":"es","@id":"https:\/\/desertretina.com\/#\/schema\/logo\/image\/","url":"https:\/\/desertretina.com\/wp-content\/uploads\/DRCLogoColorHorizontal-p-500.png","contentUrl":"https:\/\/desertretina.com\/wp-content\/uploads\/DRCLogoColorHorizontal-p-500.png","width":500,"height":156,"caption":"Desert Retina Consultants"},"image":{"@id":"https:\/\/desertretina.com\/#\/schema\/logo\/image\/"}}]}},"taxonomy_info":[],"featured_image_src_large":false,"author_info":{"display_name":"Becky.Lowe@uvpeye.com","author_link":"https:\/\/desertretina.com\/es\/author\/becky-loweuvpeye-com\/"},"comment_info":0,"_links":{"self":[{"href":"https:\/\/desertretina.com\/es\/wp-json\/wp\/v2\/pages\/1420","targetHints":{"allow":["GET"]}}],"collection":[{"href":"https:\/\/desertretina.com\/es\/wp-json\/wp\/v2\/pages"}],"about":[{"href":"https:\/\/desertretina.com\/es\/wp-json\/wp\/v2\/types\/page"}],"author":[{"embeddable":true,"href":"https:\/\/desertretina.com\/es\/wp-json\/wp\/v2\/users\/8"}],"replies":[{"embeddable":true,"href":"https:\/\/desertretina.com\/es\/wp-json\/wp\/v2\/comments?post=1420"}],"version-history":[{"count":4,"href":"https:\/\/desertretina.com\/es\/wp-json\/wp\/v2\/pages\/1420\/revisions"}],"predecessor-version":[{"id":1625,"href":"https:\/\/desertretina.com\/es\/wp-json\/wp\/v2\/pages\/1420\/revisions\/1625"}],"wp:attachment":[{"href":"https:\/\/desertretina.com\/es\/wp-json\/wp\/v2\/media?parent=1420"}],"curies":[{"name":"wp","href":"https:\/\/api.w.org\/{rel}","templated":true}]}}