{"id":1333,"date":"2025-04-04T10:03:54","date_gmt":"2025-04-04T14:03:54","guid":{"rendered":"https:\/\/desertretina.com\/?page_id=1333"},"modified":"2025-04-04T10:03:55","modified_gmt":"2025-04-04T14:03:55","slug":"terms-and-conditions","status":"publish","type":"page","link":"https:\/\/desertretina.com\/es\/terms-and-conditions\/","title":{"rendered":"T\u00e9rminos y condiciones"},"content":{"rendered":"<p>Al inscribirse en el\u00a0<strong>Consultores de Retina del Desierto<\/strong>\u00a0Al usar el programa de alertas m\u00f3viles, usted acepta recibir nuestros mensajes SMS seg\u00fan lo estipulado en estos T\u00e9rminos de Servicio. Este servicio le mantendr\u00e1 informado sobre nuestros servicios, promociones y actualizaciones importantes relacionadas con el cuidado de sus ojos.<\/p>\n\n\n\n<h3 class=\"wp-block-heading\"><strong>1. Tipos de mensajes SMS enviados<\/strong><\/h3>\n\n\n\n<ul class=\"wp-block-list\">\n<li><strong>Mensajes informativos:<\/strong>\u00a0Reciba actualizaciones sobre citas, recordatorios de servicios y anuncios esenciales sobre nuestras operaciones.<\/li>\n\n\n\n<li><strong>Mensajes promocionales:<\/strong>\u00a0Reciba ofertas exclusivas, notificaciones de eventos especiales y promociones relacionadas con el cuidado de los ojos.<\/li>\n\n\n\n<li><strong>Recordatorios de servicio:<\/strong>\u00a0Notificaciones oportunas para ayudarlo a mantenerse al d\u00eda con los servicios programados o consejos de atenci\u00f3n de seguimiento.<\/li>\n<\/ul>\n\n\n\n<h3 class=\"wp-block-heading\"><strong>2. Frecuencia de los mensajes<\/strong><\/h3>\n\n\n\n<ul class=\"wp-block-list\">\n<li>La cantidad de mensajes que recibe puede variar, con una frecuencia t\u00edpica de varios mensajes por mes.<\/li>\n\n\n\n<li>El volumen de mensajes puede aumentar durante campa\u00f1as especiales, promociones de temporada o durante actualizaciones cr\u00edticas de servicio.<\/li>\n<\/ul>\n\n\n\n<h3 class=\"wp-block-heading\"><strong>3. Divulgaci\u00f3n de tarifas<\/strong><\/h3>\n\n\n\n<ul class=\"wp-block-list\">\n<li>Se aplicar\u00e1n las tarifas est\u00e1ndar de mensajes y datos cobradas por su proveedor de telefon\u00eda inal\u00e1mbrica.<\/li>\n\n\n\n<li>Le recomendamos que consulte con su proveedor de servicios m\u00f3viles para comprender los detalles de su plan espec\u00edfico y cualquier cargo adicional.<\/li>\n<\/ul>\n\n\n\n<h3 class=\"wp-block-heading\"><strong>4. Instrucciones de ayuda y exclusi\u00f3n voluntaria<\/strong><\/h3>\n\n\n\n<ul class=\"wp-block-list\">\n<li><strong>Exclusi\u00f3n voluntaria:<\/strong>\u00a0Puede cancelar la suscripci\u00f3n a todos los tipos de mensajes, incluidos los recordatorios de citas, en cualquier momento respondiendo\u00a0<strong>DETENER<\/strong>. Para dejar de recibir solo mensajes promocionales y seguir recibiendo recordatorios, responde\u00a0<strong>PAUSA<\/strong>.<\/li>\n\n\n\n<li><strong>Ayuda:<\/strong>\u00a0Si necesita ayuda o informaci\u00f3n adicional, simplemente responda con\u00a0<strong>AYUDA<\/strong>. Tambi\u00e9n puede contactarnos directamente a trav\u00e9s de nuestros n\u00fameros de ayuda:\n<ul class=\"wp-block-list\">\n<li><strong>N\u00famero de tel\u00e9fono:<\/strong>\u00a0<a href=\"tel:17603402654\">760-340-2654<\/a><\/li>\n\n\n\n<li><strong>Correo electr\u00f3nico:<\/strong>\u00a0<a href=\"mailto:info@desertretina.com\">info@desertretina.com<\/a><\/li>\n<\/ul>\n<\/li>\n<\/ul>\n\n\n\n<h3 class=\"wp-block-heading\"><strong>5. Pol\u00edtica de privacidad<\/strong><\/h3>\n\n\n\n<ul class=\"wp-block-list\">\n<li>Su privacidad es importante para nosotros. Tratamos su informaci\u00f3n personal de acuerdo con nuestra Pol\u00edtica de Privacidad.<\/li>\n\n\n\n<li>Para obtener m\u00e1s detalles sobre c\u00f3mo recopilamos, usamos y protegemos sus datos, revise nuestra\u00a0<a href=\"https:\/\/www.uvpeye.com\/webite-privacy-notice\/\" target=\"_blank\" rel=\"noreferrer noopener\">pol\u00edtica de privacidad<\/a>.<\/li>\n<\/ul>\n\n\n\n<h3 class=\"wp-block-heading\"><strong>6. Consentimiento y participaci\u00f3n<\/strong><\/h3>\n\n\n\n<ul class=\"wp-block-list\">\n<li>La inscripci\u00f3n al programa de alertas m\u00f3viles es totalmente voluntaria. Su consentimiento no es condici\u00f3n para recibir nuestros servicios ni realizar una compra.<\/li>\n\n\n\n<li>Puede retirar su consentimiento en cualquier momento siguiendo las instrucciones de exclusi\u00f3n proporcionadas anteriormente.<\/li>\n<\/ul>\n\n\n\n<h3 class=\"wp-block-heading\"><strong>7. Modificaciones de los T\u00e9rminos<\/strong><\/h3>\n\n\n\n<ul class=\"wp-block-list\">\n<li><strong><strong>Consultores de Retina del Desierto<\/strong><\/strong>\u00a0se reserva el derecho de actualizar o modificar estos T\u00e9rminos de Servicio en cualquier momento.<\/li>\n\n\n\n<li>En caso de cambios, las condiciones actualizadas se publicar\u00e1n en nuestro sitio web y se comunicar\u00e1n mediante alertas m\u00f3viles. Su participaci\u00f3n continua en el programa implica la aceptaci\u00f3n de las condiciones revisadas.<\/li>\n<\/ul>\n\n\n\n<h3 class=\"wp-block-heading\"><strong>8. Descargo de responsabilidad<\/strong><\/h3>\n\n\n\n<ul class=\"wp-block-list\">\n<li>Los transportistas no son responsables de los mensajes retrasados o no entregados.<\/li>\n\n\n\n<li>Cualquier cargo incurrido debido a las tarifas de mensajes o datos de su proveedor es exclusivamente su responsabilidad.<\/li>\n\n\n\n<li><strong><strong>Consultores de Retina del Desierto<\/strong><\/strong>\u00a0no es responsable de ninguna limitaci\u00f3n o tarifa impuesta por su proveedor de servicios m\u00f3viles.<\/li>\n<\/ul>","protected":false},"excerpt":{"rendered":"<p>By enrolling in the\u00a0Desert Retina Consultants\u00a0mobile alerts program, you agree to receive SMS messages from us as outlined in these Terms of Service. This service is intended to keep you informed about our services, promotions, and important updates related to your eye care. 1. Types of SMS Messages Sent 2. Message Frequency 3. Fee Disclosures [&hellip;]<\/p>\n","protected":false},"author":8,"featured_media":0,"parent":0,"menu_order":0,"comment_status":"closed","ping_status":"closed","template":"","meta":{"_acf_changed":false,"_kad_blocks_custom_css":"","_kad_blocks_head_custom_js":"","_kad_blocks_body_custom_js":"","_kad_blocks_footer_custom_js":"","footnotes":""},"class_list":["post-1333","page","type-page","status-publish","hentry"],"acf":[],"yoast_head":"<!-- This site is optimized with the Yoast SEO plugin v27.4 - https:\/\/yoast.com\/product\/yoast-seo-wordpress\/ -->\n<title>Terms and Conditions | Desert Retina Consultants<\/title>\n<meta name=\"description\" content=\"Review the Terms of Service for Desert Retina SMS alerts. Learn about message types, frequency, opt-out options and our privacy practices.\" \/>\n<meta name=\"robots\" content=\"index, follow, max-snippet:-1, max-image-preview:large, max-video-preview:-1\" \/>\n<link rel=\"canonical\" href=\"https:\/\/desertretina.com\/es\/terms-and-conditions\/\" \/>\n<meta property=\"og:locale\" content=\"es_MX\" \/>\n<meta property=\"og:type\" content=\"article\" \/>\n<meta property=\"og:title\" content=\"Terms and Conditions | Desert Retina Consultants\" \/>\n<meta property=\"og:description\" content=\"Review the Terms of Service for Desert Retina SMS alerts. Learn about message types, frequency, opt-out options and our privacy practices.\" \/>\n<meta property=\"og:url\" content=\"https:\/\/desertretina.com\/es\/terms-and-conditions\/\" \/>\n<meta property=\"og:site_name\" content=\"Desert Retina Consultants\" \/>\n<meta property=\"article:modified_time\" content=\"2025-04-04T14:03:55+00:00\" \/>\n<meta name=\"twitter:card\" content=\"summary_large_image\" \/>\n<meta name=\"twitter:label1\" content=\"Tiempo de lectura\" \/>\n\t<meta name=\"twitter:data1\" content=\"2 minutos\" \/>\n<script type=\"application\/ld+json\" class=\"yoast-schema-graph\">{\"@context\":\"https:\\\/\\\/schema.org\",\"@graph\":[{\"@type\":\"WebPage\",\"@id\":\"https:\\\/\\\/desertretina.com\\\/terms-and-conditions\\\/\",\"url\":\"https:\\\/\\\/desertretina.com\\\/terms-and-conditions\\\/\",\"name\":\"Terms and Conditions | Desert Retina Consultants\",\"isPartOf\":{\"@id\":\"https:\\\/\\\/desertretina.com\\\/#website\"},\"datePublished\":\"2025-04-04T14:03:54+00:00\",\"dateModified\":\"2025-04-04T14:03:55+00:00\",\"description\":\"Review the Terms of Service for Desert Retina SMS alerts. Learn about message types, frequency, opt-out options and our privacy practices.\",\"breadcrumb\":{\"@id\":\"https:\\\/\\\/desertretina.com\\\/terms-and-conditions\\\/#breadcrumb\"},\"inLanguage\":\"es\",\"potentialAction\":[{\"@type\":\"ReadAction\",\"target\":[\"https:\\\/\\\/desertretina.com\\\/terms-and-conditions\\\/\"]}]},{\"@type\":\"BreadcrumbList\",\"@id\":\"https:\\\/\\\/desertretina.com\\\/terms-and-conditions\\\/#breadcrumb\",\"itemListElement\":[{\"@type\":\"ListItem\",\"position\":1,\"name\":\"Home\",\"item\":\"https:\\\/\\\/desertretina.com\\\/\"},{\"@type\":\"ListItem\",\"position\":2,\"name\":\"Terms and Conditions\"}]},{\"@type\":\"WebSite\",\"@id\":\"https:\\\/\\\/desertretina.com\\\/#website\",\"url\":\"https:\\\/\\\/desertretina.com\\\/\",\"name\":\"Desert Retina Consultants\",\"description\":\"\",\"publisher\":{\"@id\":\"https:\\\/\\\/desertretina.com\\\/#organization\"},\"potentialAction\":[{\"@type\":\"SearchAction\",\"target\":{\"@type\":\"EntryPoint\",\"urlTemplate\":\"https:\\\/\\\/desertretina.com\\\/?s={search_term_string}\"},\"query-input\":{\"@type\":\"PropertyValueSpecification\",\"valueRequired\":true,\"valueName\":\"search_term_string\"}}],\"inLanguage\":\"es\"},{\"@type\":\"Organization\",\"@id\":\"https:\\\/\\\/desertretina.com\\\/#organization\",\"name\":\"Desert Retina Consultants\",\"url\":\"https:\\\/\\\/desertretina.com\\\/\",\"logo\":{\"@type\":\"ImageObject\",\"inLanguage\":\"es\",\"@id\":\"https:\\\/\\\/desertretina.com\\\/#\\\/schema\\\/logo\\\/image\\\/\",\"url\":\"https:\\\/\\\/desertretina.com\\\/wp-content\\\/uploads\\\/DRCLogoColorHorizontal-p-500.png\",\"contentUrl\":\"https:\\\/\\\/desertretina.com\\\/wp-content\\\/uploads\\\/DRCLogoColorHorizontal-p-500.png\",\"width\":500,\"height\":156,\"caption\":\"Desert Retina Consultants\"},\"image\":{\"@id\":\"https:\\\/\\\/desertretina.com\\\/#\\\/schema\\\/logo\\\/image\\\/\"}}]}<\/script>\n<!-- \/ Yoast SEO plugin. -->","yoast_head_json":{"title":"T\u00e9rminos y condiciones | Consultores de Desert Retina","description":"Consulta las Condiciones del servicio de alertas SMS de Desert Retina. Inf\u00f3rmate sobre los tipos de mensajes, la frecuencia, las opciones para darse de baja y nuestras pr\u00e1cticas de privacidad.","robots":{"index":"index","follow":"follow","max-snippet":"max-snippet:-1","max-image-preview":"max-image-preview:large","max-video-preview":"max-video-preview:-1"},"canonical":"https:\/\/desertretina.com\/es\/terms-and-conditions\/","og_locale":"es_MX","og_type":"article","og_title":"Terms and Conditions | Desert Retina Consultants","og_description":"Review the Terms of Service for Desert Retina SMS alerts. Learn about message types, frequency, opt-out options and our privacy practices.","og_url":"https:\/\/desertretina.com\/es\/terms-and-conditions\/","og_site_name":"Desert Retina Consultants","article_modified_time":"2025-04-04T14:03:55+00:00","twitter_card":"summary_large_image","twitter_misc":{"Tiempo de lectura":"2 minutos"},"schema":{"@context":"https:\/\/schema.org","@graph":[{"@type":"WebPage","@id":"https:\/\/desertretina.com\/terms-and-conditions\/","url":"https:\/\/desertretina.com\/terms-and-conditions\/","name":"T\u00e9rminos y condiciones | Consultores de Desert Retina","isPartOf":{"@id":"https:\/\/desertretina.com\/#website"},"datePublished":"2025-04-04T14:03:54+00:00","dateModified":"2025-04-04T14:03:55+00:00","description":"Consulta las Condiciones del servicio de alertas SMS de Desert Retina. Inf\u00f3rmate sobre los tipos de mensajes, la frecuencia, las opciones para darse de baja y nuestras pr\u00e1cticas de privacidad.","breadcrumb":{"@id":"https:\/\/desertretina.com\/terms-and-conditions\/#breadcrumb"},"inLanguage":"es","potentialAction":[{"@type":"ReadAction","target":["https:\/\/desertretina.com\/terms-and-conditions\/"]}]},{"@type":"BreadcrumbList","@id":"https:\/\/desertretina.com\/terms-and-conditions\/#breadcrumb","itemListElement":[{"@type":"ListItem","position":1,"name":"Home","item":"https:\/\/desertretina.com\/"},{"@type":"ListItem","position":2,"name":"Terms and Conditions"}]},{"@type":"WebSite","@id":"https:\/\/desertretina.com\/#website","url":"https:\/\/desertretina.com\/","name":"Consultores de Retina del Desierto","description":"","publisher":{"@id":"https:\/\/desertretina.com\/#organization"},"potentialAction":[{"@type":"SearchAction","target":{"@type":"EntryPoint","urlTemplate":"https:\/\/desertretina.com\/?s={search_term_string}"},"query-input":{"@type":"PropertyValueSpecification","valueRequired":true,"valueName":"search_term_string"}}],"inLanguage":"es"},{"@type":"Organization","@id":"https:\/\/desertretina.com\/#organization","name":"Consultores de Retina del Desierto","url":"https:\/\/desertretina.com\/","logo":{"@type":"ImageObject","inLanguage":"es","@id":"https:\/\/desertretina.com\/#\/schema\/logo\/image\/","url":"https:\/\/desertretina.com\/wp-content\/uploads\/DRCLogoColorHorizontal-p-500.png","contentUrl":"https:\/\/desertretina.com\/wp-content\/uploads\/DRCLogoColorHorizontal-p-500.png","width":500,"height":156,"caption":"Desert Retina Consultants"},"image":{"@id":"https:\/\/desertretina.com\/#\/schema\/logo\/image\/"}}]}},"taxonomy_info":[],"featured_image_src_large":false,"author_info":{"display_name":"Becky.Lowe@uvpeye.com","author_link":"https:\/\/desertretina.com\/es\/author\/becky-loweuvpeye-com\/"},"comment_info":0,"_links":{"self":[{"href":"https:\/\/desertretina.com\/es\/wp-json\/wp\/v2\/pages\/1333","targetHints":{"allow":["GET"]}}],"collection":[{"href":"https:\/\/desertretina.com\/es\/wp-json\/wp\/v2\/pages"}],"about":[{"href":"https:\/\/desertretina.com\/es\/wp-json\/wp\/v2\/types\/page"}],"author":[{"embeddable":true,"href":"https:\/\/desertretina.com\/es\/wp-json\/wp\/v2\/users\/8"}],"replies":[{"embeddable":true,"href":"https:\/\/desertretina.com\/es\/wp-json\/wp\/v2\/comments?post=1333"}],"version-history":[{"count":1,"href":"https:\/\/desertretina.com\/es\/wp-json\/wp\/v2\/pages\/1333\/revisions"}],"predecessor-version":[{"id":1334,"href":"https:\/\/desertretina.com\/es\/wp-json\/wp\/v2\/pages\/1333\/revisions\/1334"}],"wp:attachment":[{"href":"https:\/\/desertretina.com\/es\/wp-json\/wp\/v2\/media?parent=1333"}],"curies":[{"name":"wp","href":"https:\/\/api.w.org\/{rel}","templated":true}]}}