{"id":133,"date":"2022-07-22T14:27:13","date_gmt":"2022-07-22T18:27:13","guid":{"rendered":"http:\/\/demo.desertretina.com.php73-37.phx1-1.websitetestlink.com\/?page_id=133"},"modified":"2022-10-18T11:20:03","modified_gmt":"2022-10-18T15:20:03","slug":"clinical-trials","status":"publish","type":"page","link":"https:\/\/desertretina.com\/es\/clinical-trials\/","title":{"rendered":"Ensayos cl\u00ednicos"},"content":{"rendered":"<h2 class=\"wp-block-heading\">Elevando el est\u00e1ndar del cuidado de la visi\u00f3n<\/h2>\n\n\n\n<p>Desert Retina Consultants se compromete a impulsar el campo de la oftalmolog\u00eda mediante su participaci\u00f3n en ensayos cl\u00ednicos. Nuestros m\u00e9dicos se centran en estudios para encontrar mejores tratamientos para nuestros pacientes con enfermedades oculares que amenazan la visi\u00f3n. El Dr. Clement Chan y su equipo de coordinadores han participado activamente en estudios de investigaci\u00f3n desde 1995 y se enorgullecen de mejorar la calidad general de la atenci\u00f3n oftalmol\u00f3gica de nuestros pacientes mediante nuevas tecnolog\u00edas y terapias.<\/p>\n\n\n\n<p>Nuestros esfuerzos de investigaci\u00f3n han impulsado la aprobaci\u00f3n por parte de la FDA de varias terapias para la degeneraci\u00f3n macular y el edema macular diab\u00e9tico durante los \u00faltimos 15 a\u00f1os. Nuestro equipo ha completado m\u00e1s de 50 estudios, incluyendo estudios patrocinados por el Instituto Nacional de Salud, importantes compa\u00f1\u00edas farmac\u00e9uticas y varios patrocinados por el Dr. Chan.<\/p>\n\n\n\n<h4 class=\"wp-block-heading\">Las principales \u00e1reas de investigaci\u00f3n incluyen enfermedades oculares diab\u00e9ticas, degeneraci\u00f3n macular relacionada con la edad, oclusiones de las venas de la retina y m\u00e1s.<\/h4>\n\n\n\n<p>Somos un orgulloso miembro de la Red de Investigaci\u00f3n Cl\u00ednica de Retinopat\u00eda Diab\u00e9tica (<a href=\"http:\/\/drcr.net\/\" target=\"_blank\" rel=\"noreferrer noopener\">drcr.net<\/a>).<\/p>\n\n\n\n<h2 class=\"has-text-align-left wp-block-heading\"><strong>Actualmente estamos inscribiendo pacientes en los siguientes ensayos:<\/strong><\/h2>\n\n\n\n<div class=\"wp-block-columns box-columns has-white-background-color has-background is-layout-flex wp-container-core-columns-is-layout-9d6595d7 wp-block-columns-is-layout-flex\">\n<div class=\"wp-block-column is-layout-flow wp-block-column-is-layout-flow\">\n<p><strong>Costa:<\/strong> Estudio de fase 3, multic\u00e9ntrico, doble ciego y aleatorizado para evaluar la eficacia y seguridad de OPT-302 intrav\u00edtreo en combinaci\u00f3n con ranibizumab, en comparaci\u00f3n con ranibizumab solo, en participantes con degeneraci\u00f3n macular neovascular relacionada con la edad (DMAE).<\/p>\n<\/div>\n\n\n\n<div class=\"wp-block-column is-layout-flow wp-block-column-is-layout-flow\">\n<p><strong>EYP-1901-204:<\/strong> Estudio de fase 2b, multic\u00e9ntrico, prospectivo, doble ciego y paralelo de EYP-1901, un inhibidor de la tirosina quinasa (TKI), comparado con un tratamiento simulado para la mejora de la retinopat\u00eda diab\u00e9tica no proliferativa (RDNP) de moderada a grave.<\/p>\n<\/div>\n<\/div>\n\n\n\n<div class=\"wp-block-columns box-columns has-white-background-color has-background is-layout-flex wp-container-core-columns-is-layout-9d6595d7 wp-block-columns-is-layout-flex\">\n<div class=\"wp-block-column is-layout-flow wp-block-column-is-layout-flow\">\n<p><strong>R\u00f3dano-X:&nbsp;<\/strong>ESTUDIO DE EXTENSI\u00d3N MULTIC\u00c9NTRICO, ABIERTO, PARA EVALUAR LA SEGURIDAD Y TOLERABILIDAD A LARGO PLAZO DE FARICIMAB EN PACIENTES CON EDEMA MACULAR DIAB\u00c9TICO<\/p>\n<\/div>\n\n\n\n<div class=\"wp-block-column is-layout-flow wp-block-column-is-layout-flow\">\n<p><strong>Avonelle-X<\/strong>: ESTUDIO DE EXTENSI\u00d3N MULTIC\u00c9NTRICO, ABIERTO, PARA EVALUAR LA SEGURIDAD Y TOLERABILIDAD A LARGO PLAZO DE FARICIMAB EN PACIENTES CON DEGENERACI\u00d3N MACULAR NEOVASCULAR RELACIONADA CON LA EDAD<\/p>\n<\/div>\n<\/div>\n\n\n\n<div class=\"wp-block-columns box-columns has-white-background-color has-background is-layout-flex wp-container-core-columns-is-layout-9d6595d7 wp-block-columns-is-layout-flex\">\n<div class=\"wp-block-column is-layout-flow wp-block-column-is-layout-flow\">\n<p><strong>Reunir2:<\/strong>&nbsp;Ensayo cl\u00ednico de fase 3 multic\u00e9ntrico, aleatorizado, doble ciego y controlado con placebo para evaluar la seguridad y eficacia de la administraci\u00f3n intrav\u00edtrea de Zimura (inhibidor del complemento C5) en pacientes con atrofia geogr\u00e1fica secundaria a degeneraci\u00f3n macular relacionada con la edad.<\/p>\n<\/div>\n\n\n\n<div class=\"wp-block-column is-layout-flow wp-block-column-is-layout-flow\">\n<p><strong>Amgen:<\/strong>&nbsp;Estudio de fase 3, aleatorizado y doble ciego, sobre la eficacia y seguridad de ABP 938 en comparaci\u00f3n con Aflibercept (Eylea\u00ae) en sujetos con degeneraci\u00f3n macular neovascular relacionada con la edad.<\/p>\n<\/div>\n<\/div>\n\n\n\n<hr class=\"wp-block-separator has-alpha-channel-opacity is-style-default\"\/>\n\n\n<style>#kt-layout-id_e8c43f-c3 > .kt-row-column-wrap{align-content:center;}:where(#kt-layout-id_e8c43f-c3 > .kt-row-column-wrap) > .wp-block-kadence-column{justify-content:center;}#kt-layout-id_e8c43f-c3 > .kt-row-column-wrap{column-gap:80px;row-gap:var(--global-kb-gap-md, 2rem);max-width:1140px;margin-left:auto;margin-right:auto;padding-top:var( --global-kb-row-default-top, 25px );padding-bottom:var( --global-kb-row-default-bottom, 25px );padding-top:100px;padding-bottom:100px;grid-template-columns:repeat(2, minmax(0, 1fr));}#kt-layout-id_e8c43f-c3 > .kt-row-layout-overlay{opacity:1;background-image:linear-gradient(339deg, #186faf 56%, #2680c2 56%);mix-blend-mode:normal;}#kt-layout-id_e8c43f-c3 ,#kt-layout-id_e8c43f-c3 h1,#kt-layout-id_e8c43f-c3 h2,#kt-layout-id_e8c43f-c3 h3,#kt-layout-id_e8c43f-c3 h4,#kt-layout-id_e8c43f-c3 h5,#kt-layout-id_e8c43f-c3 h6{color:#fff;}#kt-layout-id_e8c43f-c3 .kt-row-layout-bottom-sep{height:100px;}#kt-layout-id_e8c43f-c3 .kt-row-layout-bottom-sep svg{width:100%;}#kt-layout-id_e8c43f-c3 .kt-row-layout-bottom-sep svg{fill:#ffffff!important;}@media all and (max-width: 1024px){#kt-layout-id_e8c43f-c3 > .kt-row-column-wrap{grid-template-columns:repeat(2, minmax(0, 1fr));}}@media all and (max-width: 1024px){#kt-layout-id_e8c43f-c3 .kt-row-layout-bottom-sep{height:px;}}@media all and (max-width: 1024px){#kt-layout-id_e8c43f-c3 .kt-row-layout-bottom-sep svg{width:%;}}@media all and (max-width: 767px){#kt-layout-id_e8c43f-c3 > .kt-row-column-wrap{grid-template-columns:minmax(0, 1fr);}#kt-layout-id_e8c43f-c3 .kt-row-layout-bottom-sep{height:px;}#kt-layout-id_e8c43f-c3 .kt-row-layout-bottom-sep svg{width:%;}}<\/style>\n<div class=\"wp-block-kadence-rowlayout alignfull\"><div id=\"kt-layout-id_e8c43f-c3\" class=\"kt-row-layout-inner kt-row-has-bg kt-layout-id_e8c43f-c3\"><div class=\"kt-row-layout-overlay kt-row-overlay-gradient\"><\/div><div class=\"kt-row-column-wrap kt-has-2-columns kt-gutter-widest kt-v-gutter-default kt-row-valign-middle kt-row-layout-equal kt-tab-layout-inherit kt-m-colapse-left-to-right kt-mobile-layout-row\"><style>.kadence-column_411d2c-b8 > .kt-inside-inner-col{border-top-width:0px;border-right-width:0px;border-bottom-width:0px;border-left-width:0px;}.kadence-column_411d2c-b8 > .kt-inside-inner-col,.kadence-column_411d2c-b8 > .kt-inside-inner-col:before{border-top-left-radius:0px;border-top-right-radius:0px;border-bottom-right-radius:0px;border-bottom-left-radius:0px;}.kadence-column_411d2c-b8 > .kt-inside-inner-col{column-gap:var(--global-kb-gap-sm, 1rem);}.kadence-column_411d2c-b8 > .kt-inside-inner-col{flex-direction:column;}.kadence-column_411d2c-b8 > .kt-inside-inner-col > .aligncenter{width:100%;}.kadence-column_411d2c-b8 > .kt-inside-inner-col:before{opacity:0.3;}.kadence-column_411d2c-b8{text-align:left;}.kadence-column_411d2c-b8{position:relative;}@media all and (max-width: 1024px){.kadence-column_411d2c-b8 > .kt-inside-inner-col{flex-direction:column;justify-content:center;}}@media all and (max-width: 767px){.kadence-column_411d2c-b8{text-align:center;}.kadence-column_411d2c-b8 > .kt-inside-inner-col{flex-direction:column;justify-content:center;}}<\/style>\n<div class=\"wp-block-kadence-column inner-column-1 kadence-column_411d2c-b8\"><div class=\"kt-inside-inner-col\">\n<figure class=\"wp-block-image size-full\"><img loading=\"lazy\" decoding=\"async\" width=\"600\" height=\"415\" src=\"https:\/\/desertretina.com\/wp-content\/uploads\/Chan_Gass_Fellowship_Society.jpg\" alt=\"\" class=\"wp-image-148\" srcset=\"https:\/\/desertretina.com\/wp-content\/uploads\/Chan_Gass_Fellowship_Society.jpg 600w, https:\/\/desertretina.com\/wp-content\/uploads\/Chan_Gass_Fellowship_Society-300x208.jpg 300w, https:\/\/desertretina.com\/wp-content\/uploads\/Chan_Gass_Fellowship_Society-270x187.jpg 270w\" sizes=\"auto, (max-width: 600px) 100vw, 600px\" \/><\/figure>\n<\/div><\/div>\n\n\n<style>.kadence-column_a00370-28 > .kt-inside-inner-col{border-top-width:0px;border-right-width:0px;border-bottom-width:0px;border-left-width:0px;}.kadence-column_a00370-28 > .kt-inside-inner-col,.kadence-column_a00370-28 > .kt-inside-inner-col:before{border-top-left-radius:0px;border-top-right-radius:0px;border-bottom-right-radius:0px;border-bottom-left-radius:0px;}.kadence-column_a00370-28 > .kt-inside-inner-col{column-gap:var(--global-kb-gap-sm, 1rem);}.kadence-column_a00370-28 > .kt-inside-inner-col{flex-direction:column;}.kadence-column_a00370-28 > .kt-inside-inner-col > .aligncenter{width:100%;}.kadence-column_a00370-28 > .kt-inside-inner-col:before{opacity:0.3;}.kadence-column_a00370-28{text-align:left;}.kadence-column_a00370-28{position:relative;}@media all and (max-width: 1024px){.kadence-column_a00370-28 > .kt-inside-inner-col{flex-direction:column;justify-content:center;}}@media all and (max-width: 767px){.kadence-column_a00370-28{text-align:center;}.kadence-column_a00370-28 > .kt-inside-inner-col{flex-direction:column;justify-content:center;}}<\/style>\n<div class=\"wp-block-kadence-column inner-column-2 kadence-column_a00370-28\"><div class=\"kt-inside-inner-col\">\n<h2 class=\"has-text-align-center wp-block-heading\">El estudio cl\u00ednico publicado m\u00e1s reciente del Dr. Chan<\/h2>\n\n\n\n<p class=\"has-text-align-center\">Efectos terap\u00e9uticos tempranos asociados con dosis altas (2,0 mg) de ranibizumab para el tratamiento de desprendimientos vascularizados del epitelio pigmentario en la degeneraci\u00f3n macular relacionada con la edad<\/p>\n\n\n\n<p class=\"has-text-align-center\"><strong>Si est\u00e1 interesado en obtener m\u00e1s informaci\u00f3n sobre los ensayos cl\u00ednicos, llame a la oficina y solicite hablar con un coordinador de estudios, 760-340-2394.<\/strong><\/p>\n\n\n\n<div class=\"wp-block-buttons is-content-justification-center is-layout-flex wp-container-core-buttons-is-layout-16018d1d wp-block-buttons-is-layout-flex\">\n<div class=\"wp-block-button\"><a class=\"wp-block-button__link\" href=\"https:\/\/desertretina.com\/wp-content\/uploads\/chan-study-1.pdf\" target=\"_blank\" rel=\"noreferrer noopener\">Haga clic aqu\u00ed para ver el PDF del estudio<\/a><\/div>\n<\/div>\n<\/div><\/div>\n<\/div><\/div><\/div>","protected":false},"excerpt":{"rendered":"<p>Raising the Standard of Vision Care Desert Retina Consultants is committed to advancing the field of ophthalmology by our involvement in clinical trials. Our doctors are focused on studies aimed at finding better treatments for our patients with sight threatening eye diseases. Dr. Clement Chan and his team of coordinators have been actively involved in [&hellip;]<\/p>\n","protected":false},"author":1,"featured_media":0,"parent":0,"menu_order":0,"comment_status":"closed","ping_status":"closed","template":"","meta":{"_acf_changed":false,"_kad_blocks_custom_css":"","_kad_blocks_head_custom_js":"","_kad_blocks_body_custom_js":"","_kad_blocks_footer_custom_js":"","footnotes":""},"class_list":["post-133","page","type-page","status-publish","hentry"],"acf":[],"yoast_head":"<!-- This site is optimized with the Yoast SEO plugin v27.4 - https:\/\/yoast.com\/product\/yoast-seo-wordpress\/ -->\n<title>Clinical Trials | Desert Retina Consultants Palm Desert - Riverside<\/title>\n<meta name=\"description\" content=\"Always at the forefront of research Desert Retina Consultants offers a range of clinical trials. Find out if you are a candidate.\" \/>\n<meta name=\"robots\" content=\"index, follow, max-snippet:-1, max-image-preview:large, max-video-preview:-1\" \/>\n<link rel=\"canonical\" href=\"https:\/\/desertretina.com\/es\/clinical-trials\/\" \/>\n<meta property=\"og:locale\" content=\"es_MX\" \/>\n<meta property=\"og:type\" content=\"article\" \/>\n<meta property=\"og:title\" content=\"Clinical Trials | Desert Retina Consultants Palm Desert - Riverside\" \/>\n<meta property=\"og:description\" content=\"Always at the forefront of research Desert Retina Consultants offers a range of clinical trials. Find out if you are a candidate.\" \/>\n<meta property=\"og:url\" content=\"https:\/\/desertretina.com\/es\/clinical-trials\/\" \/>\n<meta property=\"og:site_name\" content=\"Desert Retina Consultants\" \/>\n<meta property=\"article:modified_time\" content=\"2022-10-18T15:20:03+00:00\" \/>\n<meta property=\"og:image\" content=\"https:\/\/desertretina.com\/wp-content\/uploads\/Chan_Gass_Fellowship_Society.jpg\" \/>\n<meta name=\"twitter:card\" content=\"summary_large_image\" \/>\n<meta name=\"twitter:label1\" content=\"Tiempo de lectura\" \/>\n\t<meta name=\"twitter:data1\" content=\"2 minutos\" \/>\n<script type=\"application\/ld+json\" class=\"yoast-schema-graph\">{\"@context\":\"https:\\\/\\\/schema.org\",\"@graph\":[{\"@type\":\"WebPage\",\"@id\":\"https:\\\/\\\/desertretina.com\\\/clinical-trials\\\/\",\"url\":\"https:\\\/\\\/desertretina.com\\\/clinical-trials\\\/\",\"name\":\"Clinical Trials | Desert Retina Consultants Palm Desert - Riverside\",\"isPartOf\":{\"@id\":\"https:\\\/\\\/desertretina.com\\\/#website\"},\"primaryImageOfPage\":{\"@id\":\"https:\\\/\\\/desertretina.com\\\/clinical-trials\\\/#primaryimage\"},\"image\":{\"@id\":\"https:\\\/\\\/desertretina.com\\\/clinical-trials\\\/#primaryimage\"},\"thumbnailUrl\":\"https:\\\/\\\/desertretina.com\\\/wp-content\\\/uploads\\\/Chan_Gass_Fellowship_Society.jpg\",\"datePublished\":\"2022-07-22T18:27:13+00:00\",\"dateModified\":\"2022-10-18T15:20:03+00:00\",\"description\":\"Always at the forefront of research Desert Retina Consultants offers a range of clinical trials. Find out if you are a candidate.\",\"breadcrumb\":{\"@id\":\"https:\\\/\\\/desertretina.com\\\/clinical-trials\\\/#breadcrumb\"},\"inLanguage\":\"es\",\"potentialAction\":[{\"@type\":\"ReadAction\",\"target\":[\"https:\\\/\\\/desertretina.com\\\/clinical-trials\\\/\"]}]},{\"@type\":\"ImageObject\",\"inLanguage\":\"es\",\"@id\":\"https:\\\/\\\/desertretina.com\\\/clinical-trials\\\/#primaryimage\",\"url\":\"https:\\\/\\\/desertretina.com\\\/wp-content\\\/uploads\\\/Chan_Gass_Fellowship_Society.jpg\",\"contentUrl\":\"https:\\\/\\\/desertretina.com\\\/wp-content\\\/uploads\\\/Chan_Gass_Fellowship_Society.jpg\"},{\"@type\":\"BreadcrumbList\",\"@id\":\"https:\\\/\\\/desertretina.com\\\/clinical-trials\\\/#breadcrumb\",\"itemListElement\":[{\"@type\":\"ListItem\",\"position\":1,\"name\":\"Home\",\"item\":\"https:\\\/\\\/desertretina.com\\\/\"},{\"@type\":\"ListItem\",\"position\":2,\"name\":\"Clinical Trials\"}]},{\"@type\":\"WebSite\",\"@id\":\"https:\\\/\\\/desertretina.com\\\/#website\",\"url\":\"https:\\\/\\\/desertretina.com\\\/\",\"name\":\"Desert Retina Consultants\",\"description\":\"\",\"publisher\":{\"@id\":\"https:\\\/\\\/desertretina.com\\\/#organization\"},\"potentialAction\":[{\"@type\":\"SearchAction\",\"target\":{\"@type\":\"EntryPoint\",\"urlTemplate\":\"https:\\\/\\\/desertretina.com\\\/?s={search_term_string}\"},\"query-input\":{\"@type\":\"PropertyValueSpecification\",\"valueRequired\":true,\"valueName\":\"search_term_string\"}}],\"inLanguage\":\"es\"},{\"@type\":\"Organization\",\"@id\":\"https:\\\/\\\/desertretina.com\\\/#organization\",\"name\":\"Desert Retina Consultants\",\"url\":\"https:\\\/\\\/desertretina.com\\\/\",\"logo\":{\"@type\":\"ImageObject\",\"inLanguage\":\"es\",\"@id\":\"https:\\\/\\\/desertretina.com\\\/#\\\/schema\\\/logo\\\/image\\\/\",\"url\":\"https:\\\/\\\/desertretina.com\\\/wp-content\\\/uploads\\\/DRCLogoColorHorizontal-p-500.png\",\"contentUrl\":\"https:\\\/\\\/desertretina.com\\\/wp-content\\\/uploads\\\/DRCLogoColorHorizontal-p-500.png\",\"width\":500,\"height\":156,\"caption\":\"Desert Retina Consultants\"},\"image\":{\"@id\":\"https:\\\/\\\/desertretina.com\\\/#\\\/schema\\\/logo\\\/image\\\/\"}}]}<\/script>\n<!-- \/ Yoast SEO plugin. -->","yoast_head_json":{"title":"Ensayos cl\u00ednicos | Desert Retina Consultants Palm Desert - Riverside","description":"Desert Retina Consultants, siempre a la vanguardia de la investigaci\u00f3n, ofrece una variedad de ensayos cl\u00ednicos. Descubra si usted es un candidato.","robots":{"index":"index","follow":"follow","max-snippet":"max-snippet:-1","max-image-preview":"max-image-preview:large","max-video-preview":"max-video-preview:-1"},"canonical":"https:\/\/desertretina.com\/es\/clinical-trials\/","og_locale":"es_MX","og_type":"article","og_title":"Clinical Trials | Desert Retina Consultants Palm Desert - Riverside","og_description":"Always at the forefront of research Desert Retina Consultants offers a range of clinical trials. Find out if you are a candidate.","og_url":"https:\/\/desertretina.com\/es\/clinical-trials\/","og_site_name":"Desert Retina Consultants","article_modified_time":"2022-10-18T15:20:03+00:00","og_image":[{"url":"https:\/\/desertretina.com\/wp-content\/uploads\/Chan_Gass_Fellowship_Society.jpg","type":"","width":"","height":""}],"twitter_card":"summary_large_image","twitter_misc":{"Tiempo de lectura":"2 minutos"},"schema":{"@context":"https:\/\/schema.org","@graph":[{"@type":"WebPage","@id":"https:\/\/desertretina.com\/clinical-trials\/","url":"https:\/\/desertretina.com\/clinical-trials\/","name":"Ensayos cl\u00ednicos | Desert Retina Consultants Palm Desert - Riverside","isPartOf":{"@id":"https:\/\/desertretina.com\/#website"},"primaryImageOfPage":{"@id":"https:\/\/desertretina.com\/clinical-trials\/#primaryimage"},"image":{"@id":"https:\/\/desertretina.com\/clinical-trials\/#primaryimage"},"thumbnailUrl":"https:\/\/desertretina.com\/wp-content\/uploads\/Chan_Gass_Fellowship_Society.jpg","datePublished":"2022-07-22T18:27:13+00:00","dateModified":"2022-10-18T15:20:03+00:00","description":"Desert Retina Consultants, siempre a la vanguardia de la investigaci\u00f3n, ofrece una variedad de ensayos cl\u00ednicos. Descubra si usted es un candidato.","breadcrumb":{"@id":"https:\/\/desertretina.com\/clinical-trials\/#breadcrumb"},"inLanguage":"es","potentialAction":[{"@type":"ReadAction","target":["https:\/\/desertretina.com\/clinical-trials\/"]}]},{"@type":"ImageObject","inLanguage":"es","@id":"https:\/\/desertretina.com\/clinical-trials\/#primaryimage","url":"https:\/\/desertretina.com\/wp-content\/uploads\/Chan_Gass_Fellowship_Society.jpg","contentUrl":"https:\/\/desertretina.com\/wp-content\/uploads\/Chan_Gass_Fellowship_Society.jpg"},{"@type":"BreadcrumbList","@id":"https:\/\/desertretina.com\/clinical-trials\/#breadcrumb","itemListElement":[{"@type":"ListItem","position":1,"name":"Home","item":"https:\/\/desertretina.com\/"},{"@type":"ListItem","position":2,"name":"Clinical Trials"}]},{"@type":"WebSite","@id":"https:\/\/desertretina.com\/#website","url":"https:\/\/desertretina.com\/","name":"Consultores de Retina del Desierto","description":"","publisher":{"@id":"https:\/\/desertretina.com\/#organization"},"potentialAction":[{"@type":"SearchAction","target":{"@type":"EntryPoint","urlTemplate":"https:\/\/desertretina.com\/?s={search_term_string}"},"query-input":{"@type":"PropertyValueSpecification","valueRequired":true,"valueName":"search_term_string"}}],"inLanguage":"es"},{"@type":"Organization","@id":"https:\/\/desertretina.com\/#organization","name":"Consultores de Retina del Desierto","url":"https:\/\/desertretina.com\/","logo":{"@type":"ImageObject","inLanguage":"es","@id":"https:\/\/desertretina.com\/#\/schema\/logo\/image\/","url":"https:\/\/desertretina.com\/wp-content\/uploads\/DRCLogoColorHorizontal-p-500.png","contentUrl":"https:\/\/desertretina.com\/wp-content\/uploads\/DRCLogoColorHorizontal-p-500.png","width":500,"height":156,"caption":"Desert Retina Consultants"},"image":{"@id":"https:\/\/desertretina.com\/#\/schema\/logo\/image\/"}}]}},"taxonomy_info":[],"featured_image_src_large":false,"author_info":{"display_name":"onur","author_link":"https:\/\/desertretina.com\/es\/author\/onur\/"},"comment_info":0,"_links":{"self":[{"href":"https:\/\/desertretina.com\/es\/wp-json\/wp\/v2\/pages\/133","targetHints":{"allow":["GET"]}}],"collection":[{"href":"https:\/\/desertretina.com\/es\/wp-json\/wp\/v2\/pages"}],"about":[{"href":"https:\/\/desertretina.com\/es\/wp-json\/wp\/v2\/types\/page"}],"author":[{"embeddable":true,"href":"https:\/\/desertretina.com\/es\/wp-json\/wp\/v2\/users\/1"}],"replies":[{"embeddable":true,"href":"https:\/\/desertretina.com\/es\/wp-json\/wp\/v2\/comments?post=133"}],"version-history":[{"count":24,"href":"https:\/\/desertretina.com\/es\/wp-json\/wp\/v2\/pages\/133\/revisions"}],"predecessor-version":[{"id":763,"href":"https:\/\/desertretina.com\/es\/wp-json\/wp\/v2\/pages\/133\/revisions\/763"}],"wp:attachment":[{"href":"https:\/\/desertretina.com\/es\/wp-json\/wp\/v2\/media?parent=133"}],"curies":[{"name":"wp","href":"https:\/\/api.w.org\/{rel}","templated":true}]}}