{"id":119,"date":"2022-07-22T12:48:57","date_gmt":"2022-07-22T16:48:57","guid":{"rendered":"http:\/\/demo.desertretina.com.php73-37.phx1-1.websitetestlink.com\/inflammatory-eye-disease\/"},"modified":"2022-09-16T10:38:26","modified_gmt":"2022-09-16T14:38:26","slug":"uveitis","status":"publish","type":"page","link":"https:\/\/desertretina.com\/es\/uveitis\/","title":{"rendered":"Uve\u00edtis"},"content":{"rendered":"<h2 class=\"wp-block-heading\">\u00bfQu\u00e9 es la uve\u00edtis?<\/h2>\n\n\n\n<p>Tres capas de tejido rodean el ojo. La capa intermedia, la \u00favea, contiene la mayor\u00eda de los vasos sangu\u00edneos del ojo. Esta capa tambi\u00e9n incluye el iris y un grupo de m\u00fasculos (el cuerpo ciliar) que ayudan a los ojos a enfocar controlando la forma del cristalino.<\/p>\n\n\n<div class=\"wp-block-image\">\n<figure class=\"aligncenter size-full\"><img decoding=\"async\" src=\"https:\/\/www.paceyemd.com\/wp-content\/uploads\/uveitis-in-eye.jpg\" alt=\"Healthy Eye Compared to One With Uveitis\" class=\"wp-image-499\"\/><\/figure>\n<\/div>\n\n\n<p>La uve\u00edtis, o coriorretinitis, se refiere a una inflamaci\u00f3n que generalmente se presenta en la \u00favea, aunque puede afectar otras partes del ojo. La uve\u00edtis puede ser aguda y de corta duraci\u00f3n o cr\u00f3nica. En casos graves, es una afecci\u00f3n que se repite con frecuencia. La uve\u00edtis tambi\u00e9n puede provocar complicaciones graves como glaucoma y p\u00e9rdida de visi\u00f3n.<\/p>\n\n\n\n<h2 class=\"wp-block-heading\">\u00bfCu\u00e1les son los diferentes tipos de uve\u00edtis?<\/h2>\n\n\n\n<div class=\"wp-block-columns box-columns is-layout-flex wp-container-core-columns-is-layout-9d6595d7 wp-block-columns-is-layout-flex\">\n<div class=\"wp-block-column is-layout-flow wp-block-column-is-layout-flow\">\n<h3 class=\"wp-block-heading\">uve\u00edtis anterior<\/h3>\n\n\n\n<p>La uve\u00edtis anterior causa inflamaci\u00f3n cerca de la parte frontal del ojo, que afecta la zona alrededor del iris. Es el tipo m\u00e1s com\u00fan de uve\u00edtis y suele ser aguda, de aparici\u00f3n repentina y desaparici\u00f3n en seis semanas.<\/p>\n<\/div>\n\n\n\n<div class=\"wp-block-column is-layout-flow wp-block-column-is-layout-flow\">\n<h3 class=\"wp-block-heading\">Uve\u00edtis intermedia<\/h3>\n\n\n\n<p>Cuando se produce inflamaci\u00f3n en la \u00favea, cerca del centro del ojo, se denomina uve\u00edtis intermedia. Este tipo es el menos com\u00fan y tiende a volverse cr\u00f3nico, a veces durando a\u00f1os y con ciclos recurrentes de mejor\u00eda y recidiva.<\/p>\n<\/div>\n<\/div>\n\n\n\n<div class=\"wp-block-columns box-columns is-layout-flex wp-container-core-columns-is-layout-9d6595d7 wp-block-columns-is-layout-flex\">\n<div class=\"wp-block-column is-layout-flow wp-block-column-is-layout-flow\">\n<h3 class=\"wp-block-heading\">uve\u00edtis posterior<\/h3>\n\n\n\n<p>La uve\u00edtis posterior causa inflamaci\u00f3n en la \u00favea, hacia la parte posterior del ojo. Suele afectar la retina, que se encuentra fuera de la \u00favea, y el cuerpo coroideo, la parte de la \u00favea que contiene vasos sangu\u00edneos, y tambi\u00e9n puede afectar el nervio \u00f3ptico. Este tipo suele desarrollarse en ambos ojos y puede provocar p\u00e9rdida de visi\u00f3n.<\/p>\n<\/div>\n\n\n\n<div class=\"wp-block-column is-layout-flow wp-block-column-is-layout-flow\">\n<h3 class=\"wp-block-heading\">Panuve\u00edtis<\/h3>\n\n\n\n<p>La panuve\u00edtis es la inflamaci\u00f3n de todas las capas de la \u00favea del ojo, que incluye el iris, el cuerpo ciliar y la coroides.<\/p>\n<\/div>\n<\/div>\n\n\n\n<div class=\"wp-block-columns is-layout-flex wp-container-core-columns-is-layout-9d6595d7 wp-block-columns-is-layout-flex\">\n<div class=\"wp-block-column is-layout-flow wp-block-column-is-layout-flow\">\n<h2 class=\"wp-block-heading\">\u00bfQu\u00e9 causa la uve\u00edtis?<\/h2>\n\n\n\n<p>La uve\u00edtis se desarrolla a partir de numerosos problemas y afecciones, entre ellos:<\/p>\n\n\n\n<ul class=\"wp-block-list\"><li>Infecci\u00f3n que comienza en el ojo<\/li><li>Infecci\u00f3n que comienza en otra parte del cuerpo.<\/li><li>Respuesta a las toxinas que entran en los ojos<\/li><li>Enfermedad cr\u00f3nica subyacente<\/li><\/ul>\n\n\n\n<p>En muchos casos, no se puede determinar la causa de la uve\u00edtis. Sin embargo, puede deberse a diversas afecciones, como la enfermedad inflamatoria intestinal (EII), el lupus, la artritis reumatoide, la enfermedad de Lyme, la esclerosis m\u00faltiple (EM) y el virus de Epstein-Barr.<\/p>\n<\/div>\n\n\n\n<div class=\"wp-block-column is-layout-flow wp-block-column-is-layout-flow\">\n<figure class=\"wp-block-image size-full\"><img loading=\"lazy\" decoding=\"async\" width=\"500\" height=\"500\" src=\"https:\/\/desertretina.com\/wp-content\/uploads\/vrc-scanning-p-500.jpeg\" alt=\"\" class=\"wp-image-551\" srcset=\"https:\/\/desertretina.com\/wp-content\/uploads\/vrc-scanning-p-500.jpeg 500w, https:\/\/desertretina.com\/wp-content\/uploads\/vrc-scanning-p-500-300x300.jpeg 300w, https:\/\/desertretina.com\/wp-content\/uploads\/vrc-scanning-p-500-150x150.jpeg 150w, https:\/\/desertretina.com\/wp-content\/uploads\/vrc-scanning-p-500-270x270.jpeg 270w\" sizes=\"auto, (max-width: 500px) 100vw, 500px\" \/><\/figure>\n<\/div>\n<\/div>\n\n\n<style>.kt-accordion-id_a9ed2f-06 .kt-accordion-inner-wrap{column-gap:var(--global-kb-gap-md, 2rem);row-gap:8px;}.kt-accordion-id_a9ed2f-06 .kt-accordion-panel-inner{padding-top:var(--global-kb-spacing-sm, 1.5rem);padding-right:var(--global-kb-spacing-sm, 1.5rem);padding-bottom:var(--global-kb-spacing-sm, 1.5rem);padding-left:var(--global-kb-spacing-sm, 1.5rem);}.kt-accordion-id_a9ed2f-06 > .kt-accordion-inner-wrap > .wp-block-kadence-pane > .kt-accordion-header-wrap > .kt-blocks-accordion-header{border-top-color:#555555;border-right-color:#555555;border-bottom-color:#555555;border-left-color:#555555;border-top-width:0px;border-right-width:0px;border-bottom-width:0px;border-left-width:0px;border-top-left-radius:0px;border-top-right-radius:0px;border-bottom-right-radius:0px;border-bottom-left-radius:0px;background:#3f437a;font-size:18px;line-height:24px;color:#ffffff;padding-top:10px;padding-right:14px;padding-bottom:10px;padding-left:14px;}.kt-accordion-id_a9ed2f-06:not( .kt-accodion-icon-style-basiccircle ):not( .kt-accodion-icon-style-xclosecircle ):not( .kt-accodion-icon-style-arrowcircle )  > .kt-accordion-inner-wrap > .wp-block-kadence-pane > .kt-accordion-header-wrap .kt-blocks-accordion-icon-trigger:after, .kt-accordion-id_a9ed2f-06:not( .kt-accodion-icon-style-basiccircle ):not( .kt-accodion-icon-style-xclosecircle ):not( .kt-accodion-icon-style-arrowcircle )  > .kt-accordion-inner-wrap > .wp-block-kadence-pane > .kt-accordion-header-wrap .kt-blocks-accordion-icon-trigger:before{background:#ffffff;}.kt-accordion-id_a9ed2f-06:not( .kt-accodion-icon-style-basic ):not( .kt-accodion-icon-style-xclose ):not( .kt-accodion-icon-style-arrow ) .kt-blocks-accordion-icon-trigger{background:#ffffff;}.kt-accordion-id_a9ed2f-06:not( .kt-accodion-icon-style-basic ):not( .kt-accodion-icon-style-xclose ):not( .kt-accodion-icon-style-arrow ) .kt-blocks-accordion-icon-trigger:after, .kt-accordion-id_a9ed2f-06:not( .kt-accodion-icon-style-basic ):not( .kt-accodion-icon-style-xclose ):not( .kt-accodion-icon-style-arrow ) .kt-blocks-accordion-icon-trigger:before{background:#3f437a;}.kt-accordion-id_a9ed2f-06 > .kt-accordion-inner-wrap > .wp-block-kadence-pane > .kt-accordion-header-wrap > .kt-blocks-accordion-header:hover, \n\t\t\t\tbody:not(.hide-focus-outline) .kt-accordion-id_a9ed2f-06 .kt-blocks-accordion-header:focus-visible{color:#ffffff;background:#e67b26;border-top-color:#eeeeee;border-right-color:#eeeeee;border-bottom-color:#eeeeee;border-left-color:#eeeeee;}.kt-accordion-id_a9ed2f-06:not( .kt-accodion-icon-style-basiccircle ):not( .kt-accodion-icon-style-xclosecircle ):not( .kt-accodion-icon-style-arrowcircle ) .kt-accordion-header-wrap .kt-blocks-accordion-header:hover .kt-blocks-accordion-icon-trigger:after, .kt-accordion-id_a9ed2f-06:not( .kt-accodion-icon-style-basiccircle ):not( .kt-accodion-icon-style-xclosecircle ):not( .kt-accodion-icon-style-arrowcircle ) .kt-accordion-header-wrap .kt-blocks-accordion-header:hover .kt-blocks-accordion-icon-trigger:before, body:not(.hide-focus-outline) .kt-accordion-id_a9ed2f-06:not( .kt-accodion-icon-style-basiccircle ):not( .kt-accodion-icon-style-xclosecircle ):not( .kt-accodion-icon-style-arrowcircle ) .kt-blocks-accordion--visible .kt-blocks-accordion-icon-trigger:after, body:not(.hide-focus-outline) .kt-accordion-id_a9ed2f-06:not( .kt-accodion-icon-style-basiccircle ):not( .kt-accodion-icon-style-xclosecircle ):not( .kt-accodion-icon-style-arrowcircle ) .kt-blocks-accordion-header:focus-visible .kt-blocks-accordion-icon-trigger:before{background:#ffffff;}.kt-accordion-id_a9ed2f-06:not( .kt-accodion-icon-style-basic ):not( .kt-accodion-icon-style-xclose ):not( .kt-accodion-icon-style-arrow ) .kt-accordion-header-wrap .kt-blocks-accordion-header:hover .kt-blocks-accordion-icon-trigger, body:not(.hide-focus-outline) .kt-accordion-id_a9ed2f-06:not( .kt-accodion-icon-style-basic ):not( .kt-accodion-icon-style-xclose ):not( .kt-accodion-icon-style-arrow ) .kt-accordion-header-wrap .kt-blocks-accordion-header:focus-visible .kt-blocks-accordion-icon-trigger{background:#ffffff;}.kt-accordion-id_a9ed2f-06:not( .kt-accodion-icon-style-basic ):not( .kt-accodion-icon-style-xclose ):not( .kt-accodion-icon-style-arrow ) .kt-accordion-header-wrap .kt-blocks-accordion-header:hover .kt-blocks-accordion-icon-trigger:after, .kt-accordion-id_a9ed2f-06:not( .kt-accodion-icon-style-basic ):not( .kt-accodion-icon-style-xclose ):not( .kt-accodion-icon-style-arrow ) .kt-accordion-header-wrap .kt-blocks-accordion-header:hover .kt-blocks-accordion-icon-trigger:before, body:not(.hide-focus-outline) .kt-accordion-id_a9ed2f-06:not( .kt-accodion-icon-style-basic ):not( .kt-accodion-icon-style-xclose ):not( .kt-accodion-icon-style-arrow ) .kt-accordion-header-wrap .kt-blocks-accordion-header:focus-visible .kt-blocks-accordion-icon-trigger:after, body:not(.hide-focus-outline) .kt-accordion-id_a9ed2f-06:not( .kt-accodion-icon-style-basic ):not( .kt-accodion-icon-style-xclose ):not( .kt-accodion-icon-style-arrow ) .kt-accordion-header-wrap .kt-blocks-accordion-header:focus-visible .kt-blocks-accordion-icon-trigger:before{background:#e67b26;}.kt-accordion-id_a9ed2f-06 .kt-accordion-header-wrap .kt-blocks-accordion-header:focus-visible,\n\t\t\t\t.kt-accordion-id_a9ed2f-06 > .kt-accordion-inner-wrap > .wp-block-kadence-pane > .kt-accordion-header-wrap > .kt-blocks-accordion-header.kt-accordion-panel-active{color:#ffffff;background:#e67b26;border-top-color:#444444;border-right-color:#444444;border-bottom-color:#444444;border-left-color:#444444;}.kt-accordion-id_a9ed2f-06:not( .kt-accodion-icon-style-basiccircle ):not( .kt-accodion-icon-style-xclosecircle ):not( .kt-accodion-icon-style-arrowcircle )  > .kt-accordion-inner-wrap > .wp-block-kadence-pane > .kt-accordion-header-wrap > .kt-blocks-accordion-header.kt-accordion-panel-active .kt-blocks-accordion-icon-trigger:after, .kt-accordion-id_a9ed2f-06:not( .kt-accodion-icon-style-basiccircle ):not( .kt-accodion-icon-style-xclosecircle ):not( .kt-accodion-icon-style-arrowcircle )  > .kt-accordion-inner-wrap > .wp-block-kadence-pane > .kt-accordion-header-wrap > .kt-blocks-accordion-header.kt-accordion-panel-active .kt-blocks-accordion-icon-trigger:before{background:#ffffff;}.kt-accordion-id_a9ed2f-06:not( .kt-accodion-icon-style-basic ):not( .kt-accodion-icon-style-xclose ):not( .kt-accodion-icon-style-arrow ) .kt-blocks-accordion-header.kt-accordion-panel-active .kt-blocks-accordion-icon-trigger{background:#ffffff;}.kt-accordion-id_a9ed2f-06:not( .kt-accodion-icon-style-basic ):not( .kt-accodion-icon-style-xclose ):not( .kt-accodion-icon-style-arrow ) .kt-blocks-accordion-header.kt-accordion-panel-active .kt-blocks-accordion-icon-trigger:after, .kt-accordion-id_a9ed2f-06:not( .kt-accodion-icon-style-basic ):not( .kt-accodion-icon-style-xclose ):not( .kt-accodion-icon-style-arrow ) .kt-blocks-accordion-header.kt-accordion-panel-active .kt-blocks-accordion-icon-trigger:before{background:#e67b26;}@media all and (max-width: 767px){.kt-accordion-id_a9ed2f-06 .kt-accordion-inner-wrap{display:block;}.kt-accordion-id_a9ed2f-06 .kt-accordion-inner-wrap .kt-accordion-pane:not(:first-child){margin-top:8px;}}<\/style>\n<div class=\"wp-block-kadence-accordion alignnone\"><div class=\"kt-accordion-wrap kt-accordion-wrap kt-accordion-id_a9ed2f-06 kt-accordion-has-5-panes kt-active-pane-0 kt-accordion-block kt-pane-header-alignment-left kt-accodion-icon-style-basic kt-accodion-icon-side-right\" style=\"max-width:none\"><div class=\"kt-accordion-inner-wrap\" data-allow-multiple-open=\"false\" data-start-open=\"none\">\n<div class=\"wp-block-kadence-pane kt-accordion-pane kt-accordion-pane-1 kt-pane_c31a24-c6\"><div class=\"kt-accordion-header-wrap\"><button class=\"kt-blocks-accordion-header kt-acccordion-button-label-show\"><span class=\"kt-blocks-accordion-title-wrap\"><span class=\"kt-blocks-accordion-title\"><strong>\u00bfCu\u00e1les son los s\u00edntomas de la uve\u00edtis?<\/strong><\/span><\/span><span class=\"kt-blocks-accordion-icon-trigger\"><\/span><\/button><\/div><div class=\"kt-accordion-panel kt-accordion-panel-hidden\"><div class=\"kt-accordion-panel-inner\">\n<p>M\u00e1s all\u00e1 de los s\u00edntomas aparentes de inflamaci\u00f3n e hinchaz\u00f3n, con la uve\u00edtis puedes experimentar:<\/p>\n\n\n\n<ul class=\"wp-block-list\"><li>ojos rojos<\/li><li>Dolor ocular<\/li><li>ojos secos<\/li><li>Sensibilidad a la luz<\/li><li>Visi\u00f3n borrosa<\/li><li>Flotadores<\/li><li>visi\u00f3n disminuida<\/li><\/ul>\n\n\n\n<p>Los s\u00edntomas pueden afectar uno o ambos ojos. Dependiendo del tipo de uve\u00edtis, pueden empeorar r\u00e1pidamente o desarrollarse lentamente.<\/p>\n<\/div><\/div><\/div>\n\n\n\n<div class=\"wp-block-kadence-pane kt-accordion-pane kt-accordion-pane-2 kt-pane_faf288-bb\"><div class=\"kt-accordion-header-wrap\"><button class=\"kt-blocks-accordion-header kt-acccordion-button-label-show\"><span class=\"kt-blocks-accordion-title-wrap\"><span class=\"kt-blocks-accordion-title\"><strong>\u00bfC\u00f3mo se trata la uve\u00edtis?<\/strong><\/span><\/span><span class=\"kt-blocks-accordion-icon-trigger\"><\/span><\/button><\/div><div class=\"kt-accordion-panel kt-accordion-panel-hidden\"><div class=\"kt-accordion-panel-inner\">\n<p>El objetivo del tratamiento es aliviar la inflamaci\u00f3n y el dolor, y prevenir la p\u00e9rdida de visi\u00f3n causada por complicaciones derivadas de la uve\u00edtis cr\u00f3nica. El tratamiento se personaliza seg\u00fan el tipo de uve\u00edtis y su causa subyacente, si se puede identificar. Algunas opciones de tratamiento incluyen corticosteroides t\u00f3picos y sist\u00e9micos, gotas oft\u00e1lmicas para reducir la presi\u00f3n ocular y agentes inmunosupresores y biol\u00f3gicos.<\/p>\n<\/div><\/div><\/div>\n<\/div><\/div><\/div>","protected":false},"excerpt":{"rendered":"<p>What is uveitis? Three layers of tissues surround your eye. The middle layer, the uvea, contains most of the eye\u2019s blood vessels. This layer also includes your iris and a group of muscles (the ciliary body) that help your eyes focus by controlling the shape of the lens. Uveitis, or chorioretinitis, refers to inflammation that [&hellip;]<\/p>\n","protected":false},"author":1,"featured_media":0,"parent":0,"menu_order":18,"comment_status":"closed","ping_status":"closed","template":"page-pillar.php","meta":{"_acf_changed":false,"_kad_blocks_custom_css":"","_kad_blocks_head_custom_js":"","_kad_blocks_body_custom_js":"","_kad_blocks_footer_custom_js":"","footnotes":""},"class_list":["post-119","page","type-page","status-publish","hentry"],"acf":[],"yoast_head":"<!-- This site is optimized with the Yoast SEO plugin v27.4 - https:\/\/yoast.com\/product\/yoast-seo-wordpress\/ -->\n<title>Uveitis Palm Springs | Eye Inflammation Palm Desert - Riverside<\/title>\n<meta name=\"description\" content=\"Eye inflammation can be the result of several issues, learn more about treatment options in Southern California.\" \/>\n<meta name=\"robots\" content=\"index, follow, max-snippet:-1, max-image-preview:large, max-video-preview:-1\" \/>\n<link rel=\"canonical\" href=\"https:\/\/desertretina.com\/es\/uveitis\/\" \/>\n<meta property=\"og:locale\" content=\"es_MX\" \/>\n<meta property=\"og:type\" content=\"article\" \/>\n<meta property=\"og:title\" content=\"Uveitis Palm Springs | Eye Inflammation Palm Desert - Riverside\" \/>\n<meta property=\"og:description\" content=\"Eye inflammation can be the result of several issues, learn more about treatment options in Southern California.\" \/>\n<meta property=\"og:url\" content=\"https:\/\/desertretina.com\/es\/uveitis\/\" \/>\n<meta property=\"og:site_name\" content=\"Desert Retina Consultants\" \/>\n<meta property=\"article:modified_time\" content=\"2022-09-16T14:38:26+00:00\" \/>\n<meta property=\"og:image\" content=\"https:\/\/www.paceyemd.com\/wp-content\/uploads\/uveitis-in-eye.jpg\" \/>\n<meta name=\"twitter:card\" content=\"summary_large_image\" \/>\n<meta name=\"twitter:label1\" content=\"Tiempo de lectura\" \/>\n\t<meta name=\"twitter:data1\" content=\"3 minutos\" \/>\n<script type=\"application\/ld+json\" class=\"yoast-schema-graph\">{\"@context\":\"https:\\\/\\\/schema.org\",\"@graph\":[{\"@type\":\"WebPage\",\"@id\":\"https:\\\/\\\/desertretina.com\\\/uveitis\\\/\",\"url\":\"https:\\\/\\\/desertretina.com\\\/uveitis\\\/\",\"name\":\"Uveitis Palm Springs | Eye Inflammation Palm Desert - Riverside\",\"isPartOf\":{\"@id\":\"https:\\\/\\\/desertretina.com\\\/#website\"},\"primaryImageOfPage\":{\"@id\":\"https:\\\/\\\/desertretina.com\\\/uveitis\\\/#primaryimage\"},\"image\":{\"@id\":\"https:\\\/\\\/desertretina.com\\\/uveitis\\\/#primaryimage\"},\"thumbnailUrl\":\"https:\\\/\\\/www.paceyemd.com\\\/wp-content\\\/uploads\\\/uveitis-in-eye.jpg\",\"datePublished\":\"2022-07-22T16:48:57+00:00\",\"dateModified\":\"2022-09-16T14:38:26+00:00\",\"description\":\"Eye inflammation can be the result of several issues, learn more about treatment options in Southern California.\",\"breadcrumb\":{\"@id\":\"https:\\\/\\\/desertretina.com\\\/uveitis\\\/#breadcrumb\"},\"inLanguage\":\"es\",\"potentialAction\":[{\"@type\":\"ReadAction\",\"target\":[\"https:\\\/\\\/desertretina.com\\\/uveitis\\\/\"]}]},{\"@type\":\"ImageObject\",\"inLanguage\":\"es\",\"@id\":\"https:\\\/\\\/desertretina.com\\\/uveitis\\\/#primaryimage\",\"url\":\"https:\\\/\\\/www.paceyemd.com\\\/wp-content\\\/uploads\\\/uveitis-in-eye.jpg\",\"contentUrl\":\"https:\\\/\\\/www.paceyemd.com\\\/wp-content\\\/uploads\\\/uveitis-in-eye.jpg\"},{\"@type\":\"BreadcrumbList\",\"@id\":\"https:\\\/\\\/desertretina.com\\\/uveitis\\\/#breadcrumb\",\"itemListElement\":[{\"@type\":\"ListItem\",\"position\":1,\"name\":\"Home\",\"item\":\"https:\\\/\\\/desertretina.com\\\/\"},{\"@type\":\"ListItem\",\"position\":2,\"name\":\"Uveitis\"}]},{\"@type\":\"WebSite\",\"@id\":\"https:\\\/\\\/desertretina.com\\\/#website\",\"url\":\"https:\\\/\\\/desertretina.com\\\/\",\"name\":\"Desert Retina Consultants\",\"description\":\"\",\"publisher\":{\"@id\":\"https:\\\/\\\/desertretina.com\\\/#organization\"},\"potentialAction\":[{\"@type\":\"SearchAction\",\"target\":{\"@type\":\"EntryPoint\",\"urlTemplate\":\"https:\\\/\\\/desertretina.com\\\/?s={search_term_string}\"},\"query-input\":{\"@type\":\"PropertyValueSpecification\",\"valueRequired\":true,\"valueName\":\"search_term_string\"}}],\"inLanguage\":\"es\"},{\"@type\":\"Organization\",\"@id\":\"https:\\\/\\\/desertretina.com\\\/#organization\",\"name\":\"Desert Retina Consultants\",\"url\":\"https:\\\/\\\/desertretina.com\\\/\",\"logo\":{\"@type\":\"ImageObject\",\"inLanguage\":\"es\",\"@id\":\"https:\\\/\\\/desertretina.com\\\/#\\\/schema\\\/logo\\\/image\\\/\",\"url\":\"https:\\\/\\\/desertretina.com\\\/wp-content\\\/uploads\\\/DRCLogoColorHorizontal-p-500.png\",\"contentUrl\":\"https:\\\/\\\/desertretina.com\\\/wp-content\\\/uploads\\\/DRCLogoColorHorizontal-p-500.png\",\"width\":500,\"height\":156,\"caption\":\"Desert Retina Consultants\"},\"image\":{\"@id\":\"https:\\\/\\\/desertretina.com\\\/#\\\/schema\\\/logo\\\/image\\\/\"}}]}<\/script>\n<!-- \/ Yoast SEO plugin. -->","yoast_head_json":{"title":"Uve\u00edtis en Palm Springs | Inflamaci\u00f3n ocular en Palm Desert - Riverside","description":"La inflamaci\u00f3n ocular puede ser consecuencia de diversos problemas; inf\u00f3rmese sobre las opciones de tratamiento en el sur de California.","robots":{"index":"index","follow":"follow","max-snippet":"max-snippet:-1","max-image-preview":"max-image-preview:large","max-video-preview":"max-video-preview:-1"},"canonical":"https:\/\/desertretina.com\/es\/uveitis\/","og_locale":"es_MX","og_type":"article","og_title":"Uveitis Palm Springs | Eye Inflammation Palm Desert - Riverside","og_description":"Eye inflammation can be the result of several issues, learn more about treatment options in Southern California.","og_url":"https:\/\/desertretina.com\/es\/uveitis\/","og_site_name":"Desert Retina Consultants","article_modified_time":"2022-09-16T14:38:26+00:00","og_image":[{"url":"https:\/\/www.paceyemd.com\/wp-content\/uploads\/uveitis-in-eye.jpg","type":"","width":"","height":""}],"twitter_card":"summary_large_image","twitter_misc":{"Tiempo de lectura":"3 minutos"},"schema":{"@context":"https:\/\/schema.org","@graph":[{"@type":"WebPage","@id":"https:\/\/desertretina.com\/uveitis\/","url":"https:\/\/desertretina.com\/uveitis\/","name":"Uve\u00edtis en Palm Springs | Inflamaci\u00f3n ocular en Palm Desert - Riverside","isPartOf":{"@id":"https:\/\/desertretina.com\/#website"},"primaryImageOfPage":{"@id":"https:\/\/desertretina.com\/uveitis\/#primaryimage"},"image":{"@id":"https:\/\/desertretina.com\/uveitis\/#primaryimage"},"thumbnailUrl":"https:\/\/www.paceyemd.com\/wp-content\/uploads\/uveitis-in-eye.jpg","datePublished":"2022-07-22T16:48:57+00:00","dateModified":"2022-09-16T14:38:26+00:00","description":"La inflamaci\u00f3n ocular puede ser consecuencia de diversos problemas; inf\u00f3rmese sobre las opciones de tratamiento en el sur de California.","breadcrumb":{"@id":"https:\/\/desertretina.com\/uveitis\/#breadcrumb"},"inLanguage":"es","potentialAction":[{"@type":"ReadAction","target":["https:\/\/desertretina.com\/uveitis\/"]}]},{"@type":"ImageObject","inLanguage":"es","@id":"https:\/\/desertretina.com\/uveitis\/#primaryimage","url":"https:\/\/www.paceyemd.com\/wp-content\/uploads\/uveitis-in-eye.jpg","contentUrl":"https:\/\/www.paceyemd.com\/wp-content\/uploads\/uveitis-in-eye.jpg"},{"@type":"BreadcrumbList","@id":"https:\/\/desertretina.com\/uveitis\/#breadcrumb","itemListElement":[{"@type":"ListItem","position":1,"name":"Home","item":"https:\/\/desertretina.com\/"},{"@type":"ListItem","position":2,"name":"Uveitis"}]},{"@type":"WebSite","@id":"https:\/\/desertretina.com\/#website","url":"https:\/\/desertretina.com\/","name":"Consultores de Retina del Desierto","description":"","publisher":{"@id":"https:\/\/desertretina.com\/#organization"},"potentialAction":[{"@type":"SearchAction","target":{"@type":"EntryPoint","urlTemplate":"https:\/\/desertretina.com\/?s={search_term_string}"},"query-input":{"@type":"PropertyValueSpecification","valueRequired":true,"valueName":"search_term_string"}}],"inLanguage":"es"},{"@type":"Organization","@id":"https:\/\/desertretina.com\/#organization","name":"Consultores de Retina del Desierto","url":"https:\/\/desertretina.com\/","logo":{"@type":"ImageObject","inLanguage":"es","@id":"https:\/\/desertretina.com\/#\/schema\/logo\/image\/","url":"https:\/\/desertretina.com\/wp-content\/uploads\/DRCLogoColorHorizontal-p-500.png","contentUrl":"https:\/\/desertretina.com\/wp-content\/uploads\/DRCLogoColorHorizontal-p-500.png","width":500,"height":156,"caption":"Desert Retina Consultants"},"image":{"@id":"https:\/\/desertretina.com\/#\/schema\/logo\/image\/"}}]}},"taxonomy_info":[],"featured_image_src_large":false,"author_info":{"display_name":"onur","author_link":"https:\/\/desertretina.com\/es\/author\/onur\/"},"comment_info":0,"_links":{"self":[{"href":"https:\/\/desertretina.com\/es\/wp-json\/wp\/v2\/pages\/119","targetHints":{"allow":["GET"]}}],"collection":[{"href":"https:\/\/desertretina.com\/es\/wp-json\/wp\/v2\/pages"}],"about":[{"href":"https:\/\/desertretina.com\/es\/wp-json\/wp\/v2\/types\/page"}],"author":[{"embeddable":true,"href":"https:\/\/desertretina.com\/es\/wp-json\/wp\/v2\/users\/1"}],"replies":[{"embeddable":true,"href":"https:\/\/desertretina.com\/es\/wp-json\/wp\/v2\/comments?post=119"}],"version-history":[{"count":19,"href":"https:\/\/desertretina.com\/es\/wp-json\/wp\/v2\/pages\/119\/revisions"}],"predecessor-version":[{"id":592,"href":"https:\/\/desertretina.com\/es\/wp-json\/wp\/v2\/pages\/119\/revisions\/592"}],"wp:attachment":[{"href":"https:\/\/desertretina.com\/es\/wp-json\/wp\/v2\/media?parent=119"}],"curies":[{"name":"wp","href":"https:\/\/api.w.org\/{rel}","templated":true}]}}