{"id":1081,"date":"2024-06-30T11:42:33","date_gmt":"2024-06-30T15:42:33","guid":{"rendered":"https:\/\/desertretina.com\/?page_id=1081"},"modified":"2024-07-03T11:31:23","modified_gmt":"2024-07-03T15:31:23","slug":"newsletter-sign-up","status":"publish","type":"page","link":"https:\/\/desertretina.com\/es\/newsletter-sign-up\/","title":{"rendered":"Suscripci\u00f3n al bolet\u00edn informativo"},"content":{"rendered":"<p>Proporcione su correo electr\u00f3nico a continuaci\u00f3n para suscribirse a nuestro bolet\u00edn y mantenerse actualizado sobre las tendencias en el cuidado de los ojos, actualizaciones de pr\u00e1cticas y m\u00e9dicos, \u00a1y m\u00e1s!<\/p>\n\n\n<style>.kb-row-layout-id1081_8a424e-2e > .kt-row-column-wrap{align-content:start;}:where(.kb-row-layout-id1081_8a424e-2e > .kt-row-column-wrap) > .wp-block-kadence-column{justify-content:start;}.kb-row-layout-id1081_8a424e-2e > .kt-row-column-wrap{column-gap:var(--global-kb-gap-md, 2rem);row-gap:var(--global-kb-gap-md, 2rem);padding-top:var(--global-kb-spacing-sm, 1.5rem);padding-bottom:var(--global-kb-spacing-sm, 1.5rem);grid-template-columns:minmax(0, 1fr);}.kb-row-layout-id1081_8a424e-2e > .kt-row-layout-overlay{opacity:0.30;}@media all and (max-width: 1024px){.kb-row-layout-id1081_8a424e-2e > .kt-row-column-wrap{grid-template-columns:minmax(0, 1fr);}}@media all and (max-width: 767px){.kb-row-layout-id1081_8a424e-2e > .kt-row-column-wrap{grid-template-columns:minmax(0, 1fr);}}<\/style><div class=\"kb-row-layout-wrap kb-row-layout-id1081_8a424e-2e alignnone wp-block-kadence-rowlayout\"><div class=\"kt-row-column-wrap kt-has-1-columns kt-row-layout-equal kt-tab-layout-inherit kt-mobile-layout-row kt-row-valign-top\">\n<style>.kadence-column1081_2a2c40-fd > .kt-inside-inner-col{display:flex;}.kadence-column1081_2a2c40-fd > .kt-inside-inner-col,.kadence-column1081_2a2c40-fd > .kt-inside-inner-col:before{border-top-left-radius:0px;border-top-right-radius:0px;border-bottom-right-radius:0px;border-bottom-left-radius:0px;}.kadence-column1081_2a2c40-fd > .kt-inside-inner-col{column-gap:var(--global-kb-gap-sm, 1rem);}.kadence-column1081_2a2c40-fd > .kt-inside-inner-col{flex-direction:column;align-items:stretch;}.kadence-column1081_2a2c40-fd > .kt-inside-inner-col > .kb-image-is-ratio-size{align-self:stretch;}.kadence-column1081_2a2c40-fd > .kt-inside-inner-col > .wp-block-kadence-advancedgallery{align-self:stretch;}.kadence-column1081_2a2c40-fd > .kt-inside-inner-col > .aligncenter{width:100%;}.kadence-column1081_2a2c40-fd > .kt-inside-inner-col{background-color:#292d6b;}.kadence-column1081_2a2c40-fd > .kt-inside-inner-col:before{opacity:0.3;}.kadence-column1081_2a2c40-fd{text-align:center;}.kadence-column1081_2a2c40-fd{position:relative;}@media all and (max-width: 1024px){.kadence-column1081_2a2c40-fd > .kt-inside-inner-col{flex-direction:column;justify-content:center;align-items:stretch;}}@media all and (max-width: 767px){.kadence-column1081_2a2c40-fd > .kt-inside-inner-col{flex-direction:column;justify-content:center;align-items:stretch;}}<\/style>\n<div class=\"wp-block-kadence-column kadence-column1081_2a2c40-fd\"><div class=\"kt-inside-inner-col\">\n<!-- forms.mdcompliant.com script begins here --><iframe allowtransparency=\"true\" style=\"min-height:250px; height:inherit; overflow:auto;\" title=\"Formulario de registro de la red\" width=\"100%\" id=\"contactform1233\" name=\"contactform123\" marginwidth=\"0\" marginheight=\"0\" frameborder=\"0\" src=\"about:blank\"><p>Su navegador no admite iframes. No se puede mostrar el formulario de contacto. Utilice otro m\u00e9todo de contacto (tel\u00e9fono, fax, etc.).<\/p><\/iframe><!-- forms.mdcompliant.com script ends here -->\n<\/div><\/div>\n\n<\/div><\/div>","protected":false},"excerpt":{"rendered":"<p>Por favor, introduce tu correo electr\u00f3nico a continuaci\u00f3n para suscribirte a nuestro bolet\u00edn y mantenerte al d\u00eda sobre las \u00faltimas tendencias en el cuidado de la vista, novedades de consultorios y m\u00e9dicos, \u00a1y mucho m\u00e1s! Tu navegador no admite iframes. No se puede mostrar el formulario de contacto. Por favor, utiliza otro m\u00e9todo de contacto (tel\u00e9fono, fax, etc.).<\/p>","protected":false},"author":2,"featured_media":0,"parent":0,"menu_order":0,"comment_status":"closed","ping_status":"closed","template":"","meta":{"_acf_changed":false,"_kad_blocks_custom_css":"","_kad_blocks_head_custom_js":"","_kad_blocks_body_custom_js":"","_kad_blocks_footer_custom_js":"","footnotes":""},"class_list":["post-1081","page","type-page","status-publish","hentry"],"acf":[],"yoast_head":"<!-- This site is optimized with the Yoast SEO plugin v27.4 - https:\/\/yoast.com\/product\/yoast-seo-wordpress\/ -->\n<title>Newsletter Sign Up | Desert Retina Consultants<\/title>\n<meta name=\"description\" content=\"Newsletter Sign Up | Desert Retina Consultants is the premier retina disease specialist, serving patients in Palm Desert, Palm Springs, and Riverside.\" \/>\n<meta name=\"robots\" content=\"index, follow, max-snippet:-1, max-image-preview:large, max-video-preview:-1\" \/>\n<link rel=\"canonical\" href=\"https:\/\/desertretina.com\/es\/newsletter-sign-up\/\" \/>\n<meta property=\"og:locale\" content=\"es_MX\" \/>\n<meta property=\"og:type\" content=\"article\" \/>\n<meta property=\"og:title\" content=\"Newsletter Sign Up | Desert Retina Consultants\" \/>\n<meta property=\"og:description\" content=\"Newsletter Sign Up | Desert Retina Consultants is the premier retina disease specialist, serving patients in Palm Desert, Palm Springs, and Riverside.\" \/>\n<meta property=\"og:url\" content=\"https:\/\/desertretina.com\/es\/newsletter-sign-up\/\" \/>\n<meta property=\"og:site_name\" content=\"Desert Retina Consultants\" \/>\n<meta property=\"article:modified_time\" content=\"2024-07-03T15:31:23+00:00\" \/>\n<meta name=\"twitter:card\" content=\"summary_large_image\" \/>\n<meta name=\"twitter:label1\" content=\"Tiempo de lectura\" \/>\n\t<meta name=\"twitter:data1\" content=\"1 minuto\" \/>\n<script type=\"application\/ld+json\" class=\"yoast-schema-graph\">{\"@context\":\"https:\\\/\\\/schema.org\",\"@graph\":[{\"@type\":\"WebPage\",\"@id\":\"https:\\\/\\\/desertretina.com\\\/newsletter-sign-up\\\/\",\"url\":\"https:\\\/\\\/desertretina.com\\\/newsletter-sign-up\\\/\",\"name\":\"Newsletter Sign Up | Desert Retina Consultants\",\"isPartOf\":{\"@id\":\"https:\\\/\\\/desertretina.com\\\/#website\"},\"datePublished\":\"2024-06-30T15:42:33+00:00\",\"dateModified\":\"2024-07-03T15:31:23+00:00\",\"description\":\"Newsletter Sign Up | Desert Retina Consultants is the premier retina disease specialist, serving patients in Palm Desert, Palm Springs, and Riverside.\",\"breadcrumb\":{\"@id\":\"https:\\\/\\\/desertretina.com\\\/newsletter-sign-up\\\/#breadcrumb\"},\"inLanguage\":\"es\",\"potentialAction\":[{\"@type\":\"ReadAction\",\"target\":[\"https:\\\/\\\/desertretina.com\\\/newsletter-sign-up\\\/\"]}]},{\"@type\":\"BreadcrumbList\",\"@id\":\"https:\\\/\\\/desertretina.com\\\/newsletter-sign-up\\\/#breadcrumb\",\"itemListElement\":[{\"@type\":\"ListItem\",\"position\":1,\"name\":\"Home\",\"item\":\"https:\\\/\\\/desertretina.com\\\/\"},{\"@type\":\"ListItem\",\"position\":2,\"name\":\"Newsletter Sign Up\"}]},{\"@type\":\"WebSite\",\"@id\":\"https:\\\/\\\/desertretina.com\\\/#website\",\"url\":\"https:\\\/\\\/desertretina.com\\\/\",\"name\":\"Desert Retina Consultants\",\"description\":\"\",\"publisher\":{\"@id\":\"https:\\\/\\\/desertretina.com\\\/#organization\"},\"potentialAction\":[{\"@type\":\"SearchAction\",\"target\":{\"@type\":\"EntryPoint\",\"urlTemplate\":\"https:\\\/\\\/desertretina.com\\\/?s={search_term_string}\"},\"query-input\":{\"@type\":\"PropertyValueSpecification\",\"valueRequired\":true,\"valueName\":\"search_term_string\"}}],\"inLanguage\":\"es\"},{\"@type\":\"Organization\",\"@id\":\"https:\\\/\\\/desertretina.com\\\/#organization\",\"name\":\"Desert Retina Consultants\",\"url\":\"https:\\\/\\\/desertretina.com\\\/\",\"logo\":{\"@type\":\"ImageObject\",\"inLanguage\":\"es\",\"@id\":\"https:\\\/\\\/desertretina.com\\\/#\\\/schema\\\/logo\\\/image\\\/\",\"url\":\"https:\\\/\\\/desertretina.com\\\/wp-content\\\/uploads\\\/DRCLogoColorHorizontal-p-500.png\",\"contentUrl\":\"https:\\\/\\\/desertretina.com\\\/wp-content\\\/uploads\\\/DRCLogoColorHorizontal-p-500.png\",\"width\":500,\"height\":156,\"caption\":\"Desert Retina Consultants\"},\"image\":{\"@id\":\"https:\\\/\\\/desertretina.com\\\/#\\\/schema\\\/logo\\\/image\\\/\"}}]}<\/script>\n<!-- \/ Yoast SEO plugin. -->","yoast_head_json":{"title":"Suscr\u00edbete al bolet\u00edn | Consultores de Retina del Desierto","description":"Suscr\u00edbase a nuestro bolet\u00edn informativo | Desert Retina Consultants es la principal cl\u00ednica especializada en enfermedades de la retina, que atiende a pacientes en Palm Desert, Palm Springs y Riverside.","robots":{"index":"index","follow":"follow","max-snippet":"max-snippet:-1","max-image-preview":"max-image-preview:large","max-video-preview":"max-video-preview:-1"},"canonical":"https:\/\/desertretina.com\/es\/newsletter-sign-up\/","og_locale":"es_MX","og_type":"article","og_title":"Newsletter Sign Up | Desert Retina Consultants","og_description":"Newsletter Sign Up | Desert Retina Consultants is the premier retina disease specialist, serving patients in Palm Desert, Palm Springs, and Riverside.","og_url":"https:\/\/desertretina.com\/es\/newsletter-sign-up\/","og_site_name":"Desert Retina Consultants","article_modified_time":"2024-07-03T15:31:23+00:00","twitter_card":"summary_large_image","twitter_misc":{"Tiempo de lectura":"1 minuto"},"schema":{"@context":"https:\/\/schema.org","@graph":[{"@type":"WebPage","@id":"https:\/\/desertretina.com\/newsletter-sign-up\/","url":"https:\/\/desertretina.com\/newsletter-sign-up\/","name":"Suscr\u00edbete al bolet\u00edn | Consultores de Retina del Desierto","isPartOf":{"@id":"https:\/\/desertretina.com\/#website"},"datePublished":"2024-06-30T15:42:33+00:00","dateModified":"2024-07-03T15:31:23+00:00","description":"Suscr\u00edbase a nuestro bolet\u00edn informativo | Desert Retina Consultants es la principal cl\u00ednica especializada en enfermedades de la retina, que atiende a pacientes en Palm Desert, Palm Springs y Riverside.","breadcrumb":{"@id":"https:\/\/desertretina.com\/newsletter-sign-up\/#breadcrumb"},"inLanguage":"es","potentialAction":[{"@type":"ReadAction","target":["https:\/\/desertretina.com\/newsletter-sign-up\/"]}]},{"@type":"BreadcrumbList","@id":"https:\/\/desertretina.com\/newsletter-sign-up\/#breadcrumb","itemListElement":[{"@type":"ListItem","position":1,"name":"Home","item":"https:\/\/desertretina.com\/"},{"@type":"ListItem","position":2,"name":"Newsletter Sign Up"}]},{"@type":"WebSite","@id":"https:\/\/desertretina.com\/#website","url":"https:\/\/desertretina.com\/","name":"Consultores de Retina del Desierto","description":"","publisher":{"@id":"https:\/\/desertretina.com\/#organization"},"potentialAction":[{"@type":"SearchAction","target":{"@type":"EntryPoint","urlTemplate":"https:\/\/desertretina.com\/?s={search_term_string}"},"query-input":{"@type":"PropertyValueSpecification","valueRequired":true,"valueName":"search_term_string"}}],"inLanguage":"es"},{"@type":"Organization","@id":"https:\/\/desertretina.com\/#organization","name":"Consultores de Retina del Desierto","url":"https:\/\/desertretina.com\/","logo":{"@type":"ImageObject","inLanguage":"es","@id":"https:\/\/desertretina.com\/#\/schema\/logo\/image\/","url":"https:\/\/desertretina.com\/wp-content\/uploads\/DRCLogoColorHorizontal-p-500.png","contentUrl":"https:\/\/desertretina.com\/wp-content\/uploads\/DRCLogoColorHorizontal-p-500.png","width":500,"height":156,"caption":"Desert Retina Consultants"},"image":{"@id":"https:\/\/desertretina.com\/#\/schema\/logo\/image\/"}}]}},"taxonomy_info":[],"featured_image_src_large":false,"author_info":{"display_name":"glacialedits","author_link":"https:\/\/desertretina.com\/es\/author\/glacialedits\/"},"comment_info":0,"_links":{"self":[{"href":"https:\/\/desertretina.com\/es\/wp-json\/wp\/v2\/pages\/1081","targetHints":{"allow":["GET"]}}],"collection":[{"href":"https:\/\/desertretina.com\/es\/wp-json\/wp\/v2\/pages"}],"about":[{"href":"https:\/\/desertretina.com\/es\/wp-json\/wp\/v2\/types\/page"}],"author":[{"embeddable":true,"href":"https:\/\/desertretina.com\/es\/wp-json\/wp\/v2\/users\/2"}],"replies":[{"embeddable":true,"href":"https:\/\/desertretina.com\/es\/wp-json\/wp\/v2\/comments?post=1081"}],"version-history":[{"count":2,"href":"https:\/\/desertretina.com\/es\/wp-json\/wp\/v2\/pages\/1081\/revisions"}],"predecessor-version":[{"id":1086,"href":"https:\/\/desertretina.com\/es\/wp-json\/wp\/v2\/pages\/1081\/revisions\/1086"}],"wp:attachment":[{"href":"https:\/\/desertretina.com\/es\/wp-json\/wp\/v2\/media?parent=1081"}],"curies":[{"name":"wp","href":"https:\/\/api.w.org\/{rel}","templated":true}]}}