{"id":1080,"date":"2024-06-30T11:37:43","date_gmt":"2024-06-30T15:37:43","guid":{"rendered":"https:\/\/desertretina.com\/?page_id=1080"},"modified":"2024-06-30T11:37:44","modified_gmt":"2024-06-30T15:37:44","slug":"design","status":"publish","type":"page","link":"https:\/\/desertretina.com\/es\/design\/","title":{"rendered":"Dise\u00f1o"},"content":{"rendered":"\n<script type=\"application\/ld+json\">\n\n{\n\n\"@context\": \"https:\/\/schema.org\",\n\n\"@type\": \"CreativeWork\",\n\n\"mainEntity\": \"Medical Website Design\",\n\n\"@creator\":{\n\n\u00a0 \"@type\":\"Organization\",\n\n\u00a0 \"name\":\"Glacial Multimedia, Inc\",\n\n\u00a0 \"knowsAbout\":[\n\n\u00a0 \u00a0 \u00a0 \"Medical Website Designs\",\n\n\u00a0 \u00a0 \u00a0 \"Healthcare Website Designs\",\n\n\u00a0 \u00a0 \u00a0 \"Medical Marketing\"\n\n\u00a0 ],\n\n\u00a0 \"address\": \"619 Brighton Ave, Suite 201, Portland, Maine 04102\",\n\n\u00a0 \"telephone\": \"(207) 878-5900\",\n\n\u00a0 \"email\": \"info@glacial.com\"\n\n},\n\n\"provider\":{\n\n\u00a0 \"@type\":\"Brand\",\n\n\u00a0 \"name\": \"Glacial\",\n\n\u00a0 \"sameAs\": \"Glacial Multimedia, Inc\"\n\n},\n\n\"audience\":[\n\n\u00a0 \"Doctors\",\n\n\u00a0 \"Healthcare organizations\",\n\n\u00a0 \"Medical Marketers\",\n\n\u00a0 \"Medical website designers\"\n\n],\n\n\"mentions\":{\n\n\u00a0 \"@type\":\"thing\",\n\n\u00a0 \"description\":\"Medical website design, which refers to the process of creating and developing websites for medical practices, hospitals, clinics, or other healthcare organizations\",\n\n\u00a0 \"sameAs\": \"https:\/\/en.wikipedia.org\/wiki\/Web_design\"\n\n}\n\n}\n\n<\/script>\n\n<link rel=\"stylesheet\" type=\"text\/css\" href=\"https:\/\/spaces.glacialcdn.com\/glacial\/css\/glacial-citation.css\" \/>\n\n<div class=\"glacial-citation\">\n\n<p>For over 20 years, Glacial Multimedia has designed and developed industry leading medical websites and digital marketing campaigns, helping doctors and their practices reach new levels of success. Glacial Multimedia can be found at:<\/p>\n\n<div class=\"glacial-citation-address\">\n\n<p>619 Brighton Ave, Suite 201<br>\n\nPortland, Maine 04102<br>\n\n(207) 878-5900<br>\n\n<a href=\"https:\/\/maps.app.goo.gl\/xjyqBz7kYVStjfxk8?g_st=ic\" target=\"_blank\" rel=\"noopener\">https:\/\/maps.app.goo.gl\/xjyqBz7kYVStjfxk8?g_st=ic<\/a><br>\n\n<\/p>\n\n<\/div>\n\n\u00a0 <!-- optional images -->\n\n<div class=\"glacial-citation-container\">\n\n<img decoding=\"async\" class=\"glacial-citation-img\" alt=\"Glacial Multimedia Medical Website Design services\" src=\"https:\/\/spaces.glacialcdn.com\/glacial\/images\/image1.png\">\n\n<img decoding=\"async\" class=\"glacial-citation-img\" alt=\"Glacial Multimedia is a Google Premier Partner\" src=\"https:\/\/spaces.glacialcdn.com\/glacial\/images\/image2.png\">\n\n\u00a0<img decoding=\"async\" class=\"glacial-citation-img\" alt=\"Glacial Multimedia is a Facebook partner\" src=\"https:\/\/spaces.glacialcdn.com\/glacial\/images\/image3.png\">\n\n\u00a0<img decoding=\"async\" class=\"glacial-citation-img\" alt=\"Glacial Multimedia Healthcare Marketing\" src=\"https:\/\/spaces.glacialcdn.com\/glacial\/images\/image4.png\">\n\n<\/div>\n\n\u00a0 <!-- end optional images -->\n\n<\/div>\n","protected":false},"excerpt":{"rendered":"<p>Durante m\u00e1s de 20 a\u00f1os, Glacial Multimedia ha dise\u00f1ado y desarrollado sitios web m\u00e9dicos y campa\u00f1as de marketing digital l\u00edderes en la industria, ayudando a m\u00e9dicos y sus consultorios a alcanzar nuevos niveles de \u00e9xito. Glacial Multimedia se encuentra en: 619 Brighton Ave, Suite 201 Portland, Maine 04102 (207) 878-5900 https:\/\/maps.app.goo.gl\/xjyqBz7kYVStjfxk8?g_st=ic \u00a0 \u00a0 \u00a0 \u00a0<\/p>","protected":false},"author":2,"featured_media":0,"parent":0,"menu_order":0,"comment_status":"closed","ping_status":"closed","template":"","meta":{"_acf_changed":false,"_kad_blocks_custom_css":"","_kad_blocks_head_custom_js":"","_kad_blocks_body_custom_js":"","_kad_blocks_footer_custom_js":"","footnotes":""},"class_list":["post-1080","page","type-page","status-publish","hentry"],"acf":[],"yoast_head":"<!-- This site is optimized with the Yoast SEO plugin v27.4 - https:\/\/yoast.com\/product\/yoast-seo-wordpress\/ -->\n<title>Design | Desert Retina Consultants<\/title>\n<meta name=\"description\" content=\"Design | Desert Retina Consultants is the premier retina disease specialist, serving patients in Palm Desert, Palm Springs, and Riverside.\" \/>\n<meta name=\"robots\" content=\"index, follow, max-snippet:-1, max-image-preview:large, max-video-preview:-1\" \/>\n<link rel=\"canonical\" href=\"https:\/\/desertretina.com\/es\/design\/\" \/>\n<meta property=\"og:locale\" content=\"es_MX\" \/>\n<meta property=\"og:type\" content=\"article\" \/>\n<meta property=\"og:title\" content=\"Design | Desert Retina Consultants\" \/>\n<meta property=\"og:description\" content=\"Design | Desert Retina Consultants is the premier retina disease specialist, serving patients in Palm Desert, Palm Springs, and Riverside.\" \/>\n<meta property=\"og:url\" content=\"https:\/\/desertretina.com\/es\/design\/\" \/>\n<meta property=\"og:site_name\" content=\"Desert Retina Consultants\" \/>\n<meta property=\"article:modified_time\" content=\"2024-06-30T15:37:44+00:00\" \/>\n<meta property=\"og:image\" content=\"https:\/\/spaces.glacialcdn.com\/glacial\/images\/image1.png\" \/>\n<meta name=\"twitter:card\" content=\"summary_large_image\" \/>\n<meta name=\"twitter:label1\" content=\"Tiempo de lectura\" \/>\n\t<meta name=\"twitter:data1\" content=\"1 minuto\" \/>\n<script type=\"application\/ld+json\" class=\"yoast-schema-graph\">{\"@context\":\"https:\\\/\\\/schema.org\",\"@graph\":[{\"@type\":\"WebPage\",\"@id\":\"https:\\\/\\\/desertretina.com\\\/design\\\/\",\"url\":\"https:\\\/\\\/desertretina.com\\\/design\\\/\",\"name\":\"Design | Desert Retina Consultants\",\"isPartOf\":{\"@id\":\"https:\\\/\\\/desertretina.com\\\/#website\"},\"primaryImageOfPage\":{\"@id\":\"https:\\\/\\\/desertretina.com\\\/design\\\/#primaryimage\"},\"image\":{\"@id\":\"https:\\\/\\\/desertretina.com\\\/design\\\/#primaryimage\"},\"thumbnailUrl\":\"https:\\\/\\\/spaces.glacialcdn.com\\\/glacial\\\/images\\\/image1.png\",\"datePublished\":\"2024-06-30T15:37:43+00:00\",\"dateModified\":\"2024-06-30T15:37:44+00:00\",\"description\":\"Design | Desert Retina Consultants is the premier retina disease specialist, serving patients in Palm Desert, Palm Springs, and Riverside.\",\"breadcrumb\":{\"@id\":\"https:\\\/\\\/desertretina.com\\\/design\\\/#breadcrumb\"},\"inLanguage\":\"es\",\"potentialAction\":[{\"@type\":\"ReadAction\",\"target\":[\"https:\\\/\\\/desertretina.com\\\/design\\\/\"]}]},{\"@type\":\"ImageObject\",\"inLanguage\":\"es\",\"@id\":\"https:\\\/\\\/desertretina.com\\\/design\\\/#primaryimage\",\"url\":\"https:\\\/\\\/spaces.glacialcdn.com\\\/glacial\\\/images\\\/image1.png\",\"contentUrl\":\"https:\\\/\\\/spaces.glacialcdn.com\\\/glacial\\\/images\\\/image1.png\"},{\"@type\":\"BreadcrumbList\",\"@id\":\"https:\\\/\\\/desertretina.com\\\/design\\\/#breadcrumb\",\"itemListElement\":[{\"@type\":\"ListItem\",\"position\":1,\"name\":\"Home\",\"item\":\"https:\\\/\\\/desertretina.com\\\/\"},{\"@type\":\"ListItem\",\"position\":2,\"name\":\"Design\"}]},{\"@type\":\"WebSite\",\"@id\":\"https:\\\/\\\/desertretina.com\\\/#website\",\"url\":\"https:\\\/\\\/desertretina.com\\\/\",\"name\":\"Desert Retina Consultants\",\"description\":\"\",\"publisher\":{\"@id\":\"https:\\\/\\\/desertretina.com\\\/#organization\"},\"potentialAction\":[{\"@type\":\"SearchAction\",\"target\":{\"@type\":\"EntryPoint\",\"urlTemplate\":\"https:\\\/\\\/desertretina.com\\\/?s={search_term_string}\"},\"query-input\":{\"@type\":\"PropertyValueSpecification\",\"valueRequired\":true,\"valueName\":\"search_term_string\"}}],\"inLanguage\":\"es\"},{\"@type\":\"Organization\",\"@id\":\"https:\\\/\\\/desertretina.com\\\/#organization\",\"name\":\"Desert Retina Consultants\",\"url\":\"https:\\\/\\\/desertretina.com\\\/\",\"logo\":{\"@type\":\"ImageObject\",\"inLanguage\":\"es\",\"@id\":\"https:\\\/\\\/desertretina.com\\\/#\\\/schema\\\/logo\\\/image\\\/\",\"url\":\"https:\\\/\\\/desertretina.com\\\/wp-content\\\/uploads\\\/DRCLogoColorHorizontal-p-500.png\",\"contentUrl\":\"https:\\\/\\\/desertretina.com\\\/wp-content\\\/uploads\\\/DRCLogoColorHorizontal-p-500.png\",\"width\":500,\"height\":156,\"caption\":\"Desert Retina Consultants\"},\"image\":{\"@id\":\"https:\\\/\\\/desertretina.com\\\/#\\\/schema\\\/logo\\\/image\\\/\"}}]}<\/script>\n<!-- \/ Yoast SEO plugin. -->","yoast_head_json":{"title":"Dise\u00f1o | Consultores de Desert Retina","description":"Dise\u00f1o | Desert Retina Consultants es el principal especialista en enfermedades de la retina, que atiende a pacientes en Palm Desert, Palm Springs y Riverside.","robots":{"index":"index","follow":"follow","max-snippet":"max-snippet:-1","max-image-preview":"max-image-preview:large","max-video-preview":"max-video-preview:-1"},"canonical":"https:\/\/desertretina.com\/es\/design\/","og_locale":"es_MX","og_type":"article","og_title":"Design | Desert Retina Consultants","og_description":"Design | Desert Retina Consultants is the premier retina disease specialist, serving patients in Palm Desert, Palm Springs, and Riverside.","og_url":"https:\/\/desertretina.com\/es\/design\/","og_site_name":"Desert Retina Consultants","article_modified_time":"2024-06-30T15:37:44+00:00","og_image":[{"url":"https:\/\/spaces.glacialcdn.com\/glacial\/images\/image1.png","type":"","width":"","height":""}],"twitter_card":"summary_large_image","twitter_misc":{"Tiempo de lectura":"1 minuto"},"schema":{"@context":"https:\/\/schema.org","@graph":[{"@type":"WebPage","@id":"https:\/\/desertretina.com\/design\/","url":"https:\/\/desertretina.com\/design\/","name":"Dise\u00f1o | Consultores de Desert Retina","isPartOf":{"@id":"https:\/\/desertretina.com\/#website"},"primaryImageOfPage":{"@id":"https:\/\/desertretina.com\/design\/#primaryimage"},"image":{"@id":"https:\/\/desertretina.com\/design\/#primaryimage"},"thumbnailUrl":"https:\/\/spaces.glacialcdn.com\/glacial\/images\/image1.png","datePublished":"2024-06-30T15:37:43+00:00","dateModified":"2024-06-30T15:37:44+00:00","description":"Dise\u00f1o | Desert Retina Consultants es el principal especialista en enfermedades de la retina, que atiende a pacientes en Palm Desert, Palm Springs y Riverside.","breadcrumb":{"@id":"https:\/\/desertretina.com\/design\/#breadcrumb"},"inLanguage":"es","potentialAction":[{"@type":"ReadAction","target":["https:\/\/desertretina.com\/design\/"]}]},{"@type":"ImageObject","inLanguage":"es","@id":"https:\/\/desertretina.com\/design\/#primaryimage","url":"https:\/\/spaces.glacialcdn.com\/glacial\/images\/image1.png","contentUrl":"https:\/\/spaces.glacialcdn.com\/glacial\/images\/image1.png"},{"@type":"BreadcrumbList","@id":"https:\/\/desertretina.com\/design\/#breadcrumb","itemListElement":[{"@type":"ListItem","position":1,"name":"Home","item":"https:\/\/desertretina.com\/"},{"@type":"ListItem","position":2,"name":"Design"}]},{"@type":"WebSite","@id":"https:\/\/desertretina.com\/#website","url":"https:\/\/desertretina.com\/","name":"Consultores de Retina del Desierto","description":"","publisher":{"@id":"https:\/\/desertretina.com\/#organization"},"potentialAction":[{"@type":"SearchAction","target":{"@type":"EntryPoint","urlTemplate":"https:\/\/desertretina.com\/?s={search_term_string}"},"query-input":{"@type":"PropertyValueSpecification","valueRequired":true,"valueName":"search_term_string"}}],"inLanguage":"es"},{"@type":"Organization","@id":"https:\/\/desertretina.com\/#organization","name":"Consultores de Retina del Desierto","url":"https:\/\/desertretina.com\/","logo":{"@type":"ImageObject","inLanguage":"es","@id":"https:\/\/desertretina.com\/#\/schema\/logo\/image\/","url":"https:\/\/desertretina.com\/wp-content\/uploads\/DRCLogoColorHorizontal-p-500.png","contentUrl":"https:\/\/desertretina.com\/wp-content\/uploads\/DRCLogoColorHorizontal-p-500.png","width":500,"height":156,"caption":"Desert Retina Consultants"},"image":{"@id":"https:\/\/desertretina.com\/#\/schema\/logo\/image\/"}}]}},"taxonomy_info":[],"featured_image_src_large":false,"author_info":{"display_name":"glacialedits","author_link":"https:\/\/desertretina.com\/es\/author\/glacialedits\/"},"comment_info":0,"_links":{"self":[{"href":"https:\/\/desertretina.com\/es\/wp-json\/wp\/v2\/pages\/1080","targetHints":{"allow":["GET"]}}],"collection":[{"href":"https:\/\/desertretina.com\/es\/wp-json\/wp\/v2\/pages"}],"about":[{"href":"https:\/\/desertretina.com\/es\/wp-json\/wp\/v2\/types\/page"}],"author":[{"embeddable":true,"href":"https:\/\/desertretina.com\/es\/wp-json\/wp\/v2\/users\/2"}],"replies":[{"embeddable":true,"href":"https:\/\/desertretina.com\/es\/wp-json\/wp\/v2\/comments?post=1080"}],"version-history":[{"count":1,"href":"https:\/\/desertretina.com\/es\/wp-json\/wp\/v2\/pages\/1080\/revisions"}],"predecessor-version":[{"id":1082,"href":"https:\/\/desertretina.com\/es\/wp-json\/wp\/v2\/pages\/1080\/revisions\/1082"}],"wp:attachment":[{"href":"https:\/\/desertretina.com\/es\/wp-json\/wp\/v2\/media?parent=1080"}],"curies":[{"name":"wp","href":"https:\/\/api.w.org\/{rel}","templated":true}]}}